{"id":1377,"date":"2018-11-06T07:17:58","date_gmt":"2018-11-06T06:17:58","guid":{"rendered":"http:\/\/www.meslibellules.fr\/blog\/?page_id=1377"},"modified":"2024-10-19T08:41:22","modified_gmt":"2024-10-19T06:41:22","slug":"libellules-ethiopie","status":"publish","type":"page","link":"https:\/\/www.meslibellules.fr\/blog\/libellules-ethiopie\/","title":{"rendered":"Odonates d&rsquo;\u00c9thiopie &#8211; Ethiopian Odonates"},"content":{"rendered":"\n<p>Libellules d&rsquo;\u00c9thiopie.<br>13 jours de tourisme dans le sud-ouest de l&rsquo;\u00c9thiopie, la vall\u00e9e du grand rift,\u00a0fin octobre 2018, m&rsquo;ont permis de rencontrer une vingtaine d&rsquo;odonates (en rouge le parcours suivi). Octobre n&rsquo;est certainement pas la bonne p\u00e9riode pour prospecter ; les rivi\u00e8res petites et moyennes sont \u00e0 sec, il ne reste en eau que les rivi\u00e8res plus importantes, les grands lacs, et&#8230; les canaux d&rsquo;irrigation.<br>J&rsquo;ai tout de m\u00eame rencontr\u00e9 quelques odonates peu communs, en particulier Agriocnemis inversa, tr\u00e8s peu photographi\u00e9.<br>Si la plupart sont tout de m\u00eame des libellules qui sont fr\u00e9quemment contact\u00e9es, certaines sont nouvelles pour moi.<\/p>\n\n\n\n<figure class=\"wp-block-gallery has-nested-images columns-default is-cropped wp-block-gallery-1 is-layout-flex wp-block-gallery-is-layout-flex\">\n<figure class=\"wp-block-image size-large\"><a href=\"https:\/\/www.meslibellules.fr\/blog\/wp-content\/uploads\/2018\/11\/ethiopie.jpg\"><img decoding=\"async\" width=\"800\" height=\"734\" data-id=\"1380\" data-src=\"https:\/\/www.meslibellules.fr\/blog\/wp-content\/uploads\/2018\/11\/ethiopie.jpg\" alt=\"Les \u00e9tats d'Afrique et la localisation de l'\u00c9thiopie\" class=\"wp-image-1380 lazyload\" data-srcset=\"https:\/\/www.meslibellules.fr\/blog\/wp-content\/uploads\/2018\/11\/ethiopie.jpg 800w, https:\/\/www.meslibellules.fr\/blog\/wp-content\/uploads\/2018\/11\/ethiopie-768x705.jpg 768w\" data-sizes=\"(max-width: 800px) 100vw, 800px\" src=\"data:image\/svg+xml;base64,PHN2ZyB3aWR0aD0iMSIgaGVpZ2h0PSIxIiB4bWxucz0iaHR0cDovL3d3dy53My5vcmcvMjAwMC9zdmciPjwvc3ZnPg==\" style=\"--smush-placeholder-width: 800px; --smush-placeholder-aspect-ratio: 800\/734;\" \/><\/a><\/figure>\n\n\n\n<figure class=\"wp-block-image size-large\"><a href=\"https:\/\/www.meslibellules.fr\/blog\/wp-content\/uploads\/2018\/11\/parcours.jpg\"><img decoding=\"async\" width=\"1412\" height=\"1084\" data-id=\"1381\" data-src=\"https:\/\/www.meslibellules.fr\/blog\/wp-content\/uploads\/2018\/11\/parcours.jpg\" alt=\"Notre circuit en \u00c9thiopie, libellules d'\u00c9thiopie\" class=\"wp-image-1381 lazyload\" data-srcset=\"https:\/\/www.meslibellules.fr\/blog\/wp-content\/uploads\/2018\/11\/parcours.jpg 1412w, https:\/\/www.meslibellules.fr\/blog\/wp-content\/uploads\/2018\/11\/parcours-768x590.jpg 768w, https:\/\/www.meslibellules.fr\/blog\/wp-content\/uploads\/2018\/11\/parcours-1200x921.jpg 1200w\" data-sizes=\"(max-width: 1412px) 100vw, 1412px\" src=\"data:image\/svg+xml;base64,PHN2ZyB3aWR0aD0iMSIgaGVpZ2h0PSIxIiB4bWxucz0iaHR0cDovL3d3dy53My5vcmcvMjAwMC9zdmciPjwvc3ZnPg==\" style=\"--smush-placeholder-width: 1412px; --smush-placeholder-aspect-ratio: 1412\/1084;\" \/><\/a><\/figure>\n<figcaption class=\"blocks-gallery-caption wp-element-caption\">Les \u00e9tats d&rsquo;Afrique   &#8211;    Notre circuit en \u00c9thiopie<\/figcaption><\/figure>\n\n\n\n<figure class=\"wp-block-table is-style-stripes\"><table class=\"has-fixed-layout\"><tbody><tr><td><strong>Coenagrionidae<\/strong><\/td><td><strong>Libellulidae<\/strong><\/td><\/tr><tr><td> Agriocnemis inversa <a href=\"https:\/\/www.meslibellules.fr\/blog\/2019\/08\/23\/ethiopie-agriocnemis-inversa-karsch-1899\/\">\u2192<\/a> <\/td><td>Acisoma variegatum <a href=\"https:\/\/www.meslibellules.fr\/blog\/2019\/07\/02\/ethiopie-acisoma-variegatum-kirby-1898\/\">\u2192<\/a><\/td><\/tr><tr><td> Ceriagrion glabrum <a href=\"https:\/\/www.meslibellules.fr\/blog\/2019\/07\/24\/ethiopie-2018-ceriagrion-glabrum-burmeister-1839\/\">\u2192<\/a> <\/td><td> Brachythemis impartita&nbsp; <a href=\"https:\/\/www.meslibellules.fr\/blog\/2018\/11\/06\/ethiopie-2018-brachythemis-impartita\/\">\u2192<\/a> <\/td><\/tr><tr><td> Ischnura senegalensis <a href=\"https:\/\/www.meslibellules.fr\/blog\/2019\/08\/02\/ethiopie-2018-ischnura-senegalensis-rambur-1842\/\">\u2192<\/a> <\/td><td>Brachythemis leucosticta <a href=\"https:\/\/www.meslibellules.fr\/blog\/2019\/07\/11\/ethiopie-brachythemis-leucosticta\/\">\u2192<\/a><\/td><\/tr><tr><td> Pseudagrion kersteni <a href=\"https:\/\/www.meslibellules.fr\/blog\/2019\/08\/19\/ethiopie-pseudagrion-kersteni-gerstacker-1869\/\">\u2192<\/a> <\/td><td>Crocothemis erythraea <a href=\"https:\/\/www.meslibellules.fr\/blog\/2019\/07\/28\/ethiopie-crocothemis-erythraea\/\">\u2192<\/a><\/td><\/tr><tr><td> Pseudagrion spernatum <a href=\"https:\/\/www.meslibellules.fr\/blog\/2019\/09\/03\/ethiopie-pseudagrion-spernatum\/\">\u2192<\/a>  <\/td><td>Nesciothemis farinosa <a href=\"https:\/\/www.meslibellules.fr\/blog\/2019\/09\/19\/ethiopie-nesciothemis-farinosa-forster-1898\/\">\u2192<\/a><\/td><\/tr><tr><td>   Pseudagrion torridum <a href=\"https:\/\/www.meslibellules.fr\/blog\/2019\/08\/31\/ethiopie-pseudagrion-torridum\/\">\u2192<\/a>   <\/td><td>Orthetrum chrysostigma <a href=\"https:\/\/www.meslibellules.fr\/blog\/2019\/09\/05\/ethiopie-orthetrum-chrysostigma\/\">\u2192<\/a><\/td><\/tr><tr><td><strong> Platycnemididae<\/strong><\/td><td>Orthetrum julia <a href=\"https:\/\/www.meslibellules.fr\/blog\/2019\/09\/11\/ethiopie-orthetrum-julia-kirby-1900\/\">\u2192<\/a><\/td><\/tr><tr><td>Mesocnemis singularis <a href=\"https:\/\/www.meslibellules.fr\/blog\/2019\/09\/30\/ethiopie-mesocnemis-singularis-karsch-1891\/\">\u2192<\/a><\/td><td>Orthetrum machadoi <a href=\"https:\/\/www.meslibellules.fr\/blog\/2019\/09\/26\/ethiopie-orthetrum-machadoi-longfield-1955\/\">\u2192<\/a><\/td><\/tr><tr><td><strong>Gomphidae<\/strong><\/td><td> Orthetrum sabina <a href=\"https:\/\/www.meslibellules.fr\/blog\/2019\/08\/28\/ethiopie-orthetrum-sabina-male\/\">\u2192<\/a> <\/td><\/tr><tr><td>Paragomphus genei <a href=\"https:\/\/www.meslibellules.fr\/blog\/2019\/10\/04\/ethiopie-paragomphus-genei-selys-1841\/\">\u2192<\/a><\/td><td> Palpopleura lucia <a href=\"https:\/\/www.meslibellules.fr\/blog\/2019\/07\/09\/ethiopie-palpopleura-lucia\/\">\u2192<\/a> <\/td><\/tr><tr><td><\/td><td> Palpopleura portia <a href=\"https:\/\/www.meslibellules.fr\/blog\/2019\/08\/07\/ethiopie-palpopleura-portia-drury-1773\/\">\u2192<\/a> <\/td><\/tr><tr><td><\/td><td> Pantala flavescens <a href=\"https:\/\/www.meslibellules.fr\/blog\/2019\/08\/12\/ethiopie-pantala-flavescens-fabricius-1798\/\">\u2192<\/a> <\/td><\/tr><tr><td><\/td><td> Tramea basilaris <a href=\"https:\/\/www.meslibellules.fr\/blog\/2019\/08\/09\/ethiopie-tramea-basilaris\/\">\u2192<\/a> <\/td><\/tr><tr><td><\/td><td> Trithemis annulata <a href=\"https:\/\/www.meslibellules.fr\/blog\/2019\/07\/04\/ethiopie-trithemis-annulata\/\">\u2192<\/a> <\/td><\/tr><tr><td><\/td><td>Trithemis dejouxi <a href=\"https:\/\/www.meslibellules.fr\/blog\/2019\/10\/02\/ethiopie-trithemis-dejouxi-pinhey-1978\/\">\u2192<\/a><\/td><\/tr><tr><td><\/td><td> Trithemis kirbyi <a href=\"https:\/\/www.meslibellules.fr\/blog\/2019\/08\/13\/ethiopie-trithemis-kirbyi-selys-1891\/\">\u2192<\/a> <\/td><\/tr><tr><td><\/td><td>Urothemis assignata <a href=\"https:\/\/www.meslibellules.fr\/blog\/2019\/10\/18\/ethiopie-urothemis-assignata-selys-1872\/\">\u2192<\/a><\/td><\/tr><tr><td><\/td><td>Urothemis edwardsii <a href=\"https:\/\/www.meslibellules.fr\/blog\/2019\/12\/21\/ethiopie-urothemis-edwardsii-selys-1849\/\">\u2192<\/a><\/td><\/tr><\/tbody><\/table><\/figure>\n\n\n\n<p>Pour plus de d\u00e9tails et de renseignements sur les Libellules d&rsquo;\u00c9thiopie, consulter le site <a href=\"http:\/\/addo.adu.org.za\/\">ADDO<\/a> (African Dragonflies and Damselflies Online).<\/p>\n","protected":false},"excerpt":{"rendered":"<p>Libellules d&rsquo;\u00c9thiopie.13 jours de tourisme dans le sud-ouest de l&rsquo;\u00c9thiopie, la vall\u00e9e du grand rift,\u00a0fin octobre 2018, m&rsquo;ont permis de rencontrer une vingtaine d&rsquo;odonates (en rouge le parcours suivi). Octobre n&rsquo;est certainement pas la bonne p\u00e9riode pour prospecter ; les rivi\u00e8res petites et moyennes sont \u00e0 sec, il ne reste en eau que les rivi\u00e8res [&hellip;]<\/p>\n","protected":false},"author":1,"featured_media":0,"parent":0,"menu_order":0,"comment_status":"open","ping_status":"closed","template":"","meta":{"site-sidebar-layout":"default","site-content-layout":"","ast-site-content-layout":"default","site-content-style":"default","site-sidebar-style":"default","ast-global-header-display":"","ast-banner-title-visibility":"","ast-main-header-display":"","ast-hfb-above-header-display":"","ast-hfb-below-header-display":"","ast-hfb-mobile-header-display":"","site-post-title":"","ast-breadcrumbs-content":"","ast-featured-img":"","footer-sml-layout":"","ast-disable-related-posts":"","theme-transparent-header-meta":"","adv-header-id-meta":"","stick-header-meta":"","header-above-stick-meta":"","header-main-stick-meta":"","header-below-stick-meta":"","astra-migrate-meta-layouts":"set","ast-page-background-enabled":"default","ast-page-background-meta":{"desktop":{"background-color":"var(--ast-global-color-4)","background-image":"","background-repeat":"repeat","background-position":"center center","background-size":"auto","background-attachment":"scroll","background-type":"","background-media":"","overlay-type":"","overlay-color":"","overlay-opacity":"","overlay-gradient":""},"tablet":{"background-color":"","background-image":"","background-repeat":"repeat","background-position":"center center","background-size":"auto","background-attachment":"scroll","background-type":"","background-media":"","overlay-type":"","overlay-color":"","overlay-opacity":"","overlay-gradient":""},"mobile":{"background-color":"","background-image":"","background-repeat":"repeat","background-position":"center center","background-size":"auto","background-attachment":"scroll","background-type":"","background-media":"","overlay-type":"","overlay-color":"","overlay-opacity":"","overlay-gradient":""}},"ast-content-background-meta":{"desktop":{"background-color":"var(--ast-global-color-5)","background-image":"","background-repeat":"repeat","background-position":"center center","background-size":"auto","background-attachment":"scroll","background-type":"","background-media":"","overlay-type":"","overlay-color":"","overlay-opacity":"","overlay-gradient":""},"tablet":{"background-color":"var(--ast-global-color-5)","background-image":"","background-repeat":"repeat","background-position":"center center","background-size":"auto","background-attachment":"scroll","background-type":"","background-media":"","overlay-type":"","overlay-color":"","overlay-opacity":"","overlay-gradient":""},"mobile":{"background-color":"var(--ast-global-color-5)","background-image":"","background-repeat":"repeat","background-position":"center center","background-size":"auto","background-attachment":"scroll","background-type":"","background-media":"","overlay-type":"","overlay-color":"","overlay-opacity":"","overlay-gradient":""}},"footnotes":""},"class_list":["post-1377","page","type-page","status-publish","hentry"],"yoast_head":"<!-- This site is optimized with the Yoast SEO plugin v27.4 - https:\/\/yoast.com\/product\/yoast-seo-wordpress\/ -->\n<title>Libellules \u00c9thiopie - Mes Libellules<\/title>\n<meta name=\"description\" content=\"Libellules d&#039;\u00c9thiopie, pr\u00e9sentation, description, identification, taille, habitat, distribution g\u00e9ographique\" \/>\n<meta name=\"robots\" content=\"index, follow, max-snippet:-1, max-image-preview:large, max-video-preview:-1\" \/>\n<link rel=\"canonical\" href=\"https:\/\/www.meslibellules.fr\/blog\/libellules-ethiopie\/\" \/>\n<meta property=\"og:locale\" content=\"fr_FR\" \/>\n<meta property=\"og:type\" content=\"article\" \/>\n<meta property=\"og:title\" content=\"Libellules \u00c9thiopie - Mes Libellules\" \/>\n<meta property=\"og:description\" content=\"Libellules d&#039;\u00c9thiopie, pr\u00e9sentation, description, identification, taille, habitat, distribution g\u00e9ographique\" \/>\n<meta property=\"og:url\" content=\"https:\/\/www.meslibellules.fr\/blog\/libellules-ethiopie\/\" \/>\n<meta property=\"og:site_name\" content=\"Mes Libellules\" \/>\n<meta property=\"article:publisher\" content=\"https:\/\/www.facebook.com\/benoit.guillon.96\/\" \/>\n<meta property=\"article:modified_time\" content=\"2024-10-19T06:41:22+00:00\" \/>\n<meta property=\"og:image\" content=\"https:\/\/www.meslibellules.fr\/blog\/wp-content\/uploads\/2018\/11\/ethiopie.jpg\" \/>\n\t<meta property=\"og:image:width\" content=\"800\" \/>\n\t<meta property=\"og:image:height\" content=\"734\" \/>\n\t<meta property=\"og:image:type\" content=\"image\/jpeg\" \/>\n<meta name=\"twitter:card\" content=\"summary_large_image\" \/>\n<meta name=\"twitter:label1\" content=\"Dur\u00e9e de lecture estim\u00e9e\" \/>\n\t<meta name=\"twitter:data1\" content=\"2 minutes\" \/>\n<script type=\"application\/ld+json\" class=\"yoast-schema-graph\">{\"@context\":\"https:\\\/\\\/schema.org\",\"@graph\":[{\"@type\":\"WebPage\",\"@id\":\"https:\\\/\\\/www.meslibellules.fr\\\/blog\\\/libellules-ethiopie\\\/\",\"url\":\"https:\\\/\\\/www.meslibellules.fr\\\/blog\\\/libellules-ethiopie\\\/\",\"name\":\"Libellules \u00c9thiopie - Mes Libellules\",\"isPartOf\":{\"@id\":\"https:\\\/\\\/www.meslibellules.fr\\\/blog\\\/#website\"},\"primaryImageOfPage\":{\"@id\":\"https:\\\/\\\/www.meslibellules.fr\\\/blog\\\/libellules-ethiopie\\\/#primaryimage\"},\"image\":{\"@id\":\"https:\\\/\\\/www.meslibellules.fr\\\/blog\\\/libellules-ethiopie\\\/#primaryimage\"},\"thumbnailUrl\":\"https:\\\/\\\/www.meslibellules.fr\\\/blog\\\/wp-content\\\/uploads\\\/2018\\\/11\\\/ethiopie.jpg\",\"datePublished\":\"2018-11-06T06:17:58+00:00\",\"dateModified\":\"2024-10-19T06:41:22+00:00\",\"description\":\"Libellules d'\u00c9thiopie, pr\u00e9sentation, description, identification, taille, habitat, distribution g\u00e9ographique\",\"breadcrumb\":{\"@id\":\"https:\\\/\\\/www.meslibellules.fr\\\/blog\\\/libellules-ethiopie\\\/#breadcrumb\"},\"inLanguage\":\"fr-FR\",\"potentialAction\":[{\"@type\":\"ReadAction\",\"target\":[\"https:\\\/\\\/www.meslibellules.fr\\\/blog\\\/libellules-ethiopie\\\/\"]}]},{\"@type\":\"ImageObject\",\"inLanguage\":\"fr-FR\",\"@id\":\"https:\\\/\\\/www.meslibellules.fr\\\/blog\\\/libellules-ethiopie\\\/#primaryimage\",\"url\":\"https:\\\/\\\/www.meslibellules.fr\\\/blog\\\/wp-content\\\/uploads\\\/2018\\\/11\\\/ethiopie.jpg\",\"contentUrl\":\"https:\\\/\\\/www.meslibellules.fr\\\/blog\\\/wp-content\\\/uploads\\\/2018\\\/11\\\/ethiopie.jpg\",\"width\":800,\"height\":734},{\"@type\":\"BreadcrumbList\",\"@id\":\"https:\\\/\\\/www.meslibellules.fr\\\/blog\\\/libellules-ethiopie\\\/#breadcrumb\",\"itemListElement\":[{\"@type\":\"ListItem\",\"position\":1,\"name\":\"Accueil\",\"item\":\"https:\\\/\\\/www.meslibellules.fr\\\/blog\\\/\"},{\"@type\":\"ListItem\",\"position\":2,\"name\":\"Odonates d&rsquo;\u00c9thiopie &#8211; Ethiopian Odonates\"}]},{\"@type\":\"WebSite\",\"@id\":\"https:\\\/\\\/www.meslibellules.fr\\\/blog\\\/#website\",\"url\":\"https:\\\/\\\/www.meslibellules.fr\\\/blog\\\/\",\"name\":\"Mes Libellules\",\"description\":\"Pr\u00e9sentation des libellules rencontr\u00e9es dans le monde\",\"publisher\":{\"@id\":\"https:\\\/\\\/www.meslibellules.fr\\\/blog\\\/#\\\/schema\\\/person\\\/9aa3586f9dd053fcf329f43b8b053c77\"},\"potentialAction\":[{\"@type\":\"SearchAction\",\"target\":{\"@type\":\"EntryPoint\",\"urlTemplate\":\"https:\\\/\\\/www.meslibellules.fr\\\/blog\\\/?s={search_term_string}\"},\"query-input\":{\"@type\":\"PropertyValueSpecification\",\"valueRequired\":true,\"valueName\":\"search_term_string\"}}],\"inLanguage\":\"fr-FR\"},{\"@type\":[\"Person\",\"Organization\"],\"@id\":\"https:\\\/\\\/www.meslibellules.fr\\\/blog\\\/#\\\/schema\\\/person\\\/9aa3586f9dd053fcf329f43b8b053c77\",\"name\":\"Beno\u00eet Guillon\",\"image\":{\"@type\":\"ImageObject\",\"inLanguage\":\"fr-FR\",\"@id\":\"https:\\\/\\\/www.meslibellules.fr\\\/blog\\\/wp-content\\\/uploads\\\/cropped-avatar-150-pix.jpg\",\"url\":\"https:\\\/\\\/www.meslibellules.fr\\\/blog\\\/wp-content\\\/uploads\\\/cropped-avatar-150-pix.jpg\",\"contentUrl\":\"https:\\\/\\\/www.meslibellules.fr\\\/blog\\\/wp-content\\\/uploads\\\/cropped-avatar-150-pix.jpg\",\"width\":150,\"height\":137,\"caption\":\"Beno\u00eet Guillon\"},\"logo\":{\"@id\":\"https:\\\/\\\/www.meslibellules.fr\\\/blog\\\/wp-content\\\/uploads\\\/cropped-avatar-150-pix.jpg\"},\"sameAs\":[\"https:\\\/\\\/www.facebook.com\\\/benoit.guillon.96\\\/\"]}]}<\/script>\n<!-- \/ Yoast SEO plugin. -->","yoast_head_json":{"title":"Libellules \u00c9thiopie - Mes Libellules","description":"Libellules d'\u00c9thiopie, pr\u00e9sentation, description, identification, taille, habitat, distribution g\u00e9ographique","robots":{"index":"index","follow":"follow","max-snippet":"max-snippet:-1","max-image-preview":"max-image-preview:large","max-video-preview":"max-video-preview:-1"},"canonical":"https:\/\/www.meslibellules.fr\/blog\/libellules-ethiopie\/","og_locale":"fr_FR","og_type":"article","og_title":"Libellules \u00c9thiopie - Mes Libellules","og_description":"Libellules d'\u00c9thiopie, pr\u00e9sentation, description, identification, taille, habitat, distribution g\u00e9ographique","og_url":"https:\/\/www.meslibellules.fr\/blog\/libellules-ethiopie\/","og_site_name":"Mes Libellules","article_publisher":"https:\/\/www.facebook.com\/benoit.guillon.96\/","article_modified_time":"2024-10-19T06:41:22+00:00","og_image":[{"width":800,"height":734,"url":"https:\/\/www.meslibellules.fr\/blog\/wp-content\/uploads\/2018\/11\/ethiopie.jpg","type":"image\/jpeg"}],"twitter_card":"summary_large_image","twitter_misc":{"Dur\u00e9e de lecture estim\u00e9e":"2 minutes"},"schema":{"@context":"https:\/\/schema.org","@graph":[{"@type":"WebPage","@id":"https:\/\/www.meslibellules.fr\/blog\/libellules-ethiopie\/","url":"https:\/\/www.meslibellules.fr\/blog\/libellules-ethiopie\/","name":"Libellules \u00c9thiopie - Mes Libellules","isPartOf":{"@id":"https:\/\/www.meslibellules.fr\/blog\/#website"},"primaryImageOfPage":{"@id":"https:\/\/www.meslibellules.fr\/blog\/libellules-ethiopie\/#primaryimage"},"image":{"@id":"https:\/\/www.meslibellules.fr\/blog\/libellules-ethiopie\/#primaryimage"},"thumbnailUrl":"https:\/\/www.meslibellules.fr\/blog\/wp-content\/uploads\/2018\/11\/ethiopie.jpg","datePublished":"2018-11-06T06:17:58+00:00","dateModified":"2024-10-19T06:41:22+00:00","description":"Libellules d'\u00c9thiopie, pr\u00e9sentation, description, identification, taille, habitat, distribution g\u00e9ographique","breadcrumb":{"@id":"https:\/\/www.meslibellules.fr\/blog\/libellules-ethiopie\/#breadcrumb"},"inLanguage":"fr-FR","potentialAction":[{"@type":"ReadAction","target":["https:\/\/www.meslibellules.fr\/blog\/libellules-ethiopie\/"]}]},{"@type":"ImageObject","inLanguage":"fr-FR","@id":"https:\/\/www.meslibellules.fr\/blog\/libellules-ethiopie\/#primaryimage","url":"https:\/\/www.meslibellules.fr\/blog\/wp-content\/uploads\/2018\/11\/ethiopie.jpg","contentUrl":"https:\/\/www.meslibellules.fr\/blog\/wp-content\/uploads\/2018\/11\/ethiopie.jpg","width":800,"height":734},{"@type":"BreadcrumbList","@id":"https:\/\/www.meslibellules.fr\/blog\/libellules-ethiopie\/#breadcrumb","itemListElement":[{"@type":"ListItem","position":1,"name":"Accueil","item":"https:\/\/www.meslibellules.fr\/blog\/"},{"@type":"ListItem","position":2,"name":"Odonates d&rsquo;\u00c9thiopie &#8211; Ethiopian Odonates"}]},{"@type":"WebSite","@id":"https:\/\/www.meslibellules.fr\/blog\/#website","url":"https:\/\/www.meslibellules.fr\/blog\/","name":"Mes Libellules","description":"Pr\u00e9sentation des libellules rencontr\u00e9es dans le monde","publisher":{"@id":"https:\/\/www.meslibellules.fr\/blog\/#\/schema\/person\/9aa3586f9dd053fcf329f43b8b053c77"},"potentialAction":[{"@type":"SearchAction","target":{"@type":"EntryPoint","urlTemplate":"https:\/\/www.meslibellules.fr\/blog\/?s={search_term_string}"},"query-input":{"@type":"PropertyValueSpecification","valueRequired":true,"valueName":"search_term_string"}}],"inLanguage":"fr-FR"},{"@type":["Person","Organization"],"@id":"https:\/\/www.meslibellules.fr\/blog\/#\/schema\/person\/9aa3586f9dd053fcf329f43b8b053c77","name":"Beno\u00eet Guillon","image":{"@type":"ImageObject","inLanguage":"fr-FR","@id":"https:\/\/www.meslibellules.fr\/blog\/wp-content\/uploads\/cropped-avatar-150-pix.jpg","url":"https:\/\/www.meslibellules.fr\/blog\/wp-content\/uploads\/cropped-avatar-150-pix.jpg","contentUrl":"https:\/\/www.meslibellules.fr\/blog\/wp-content\/uploads\/cropped-avatar-150-pix.jpg","width":150,"height":137,"caption":"Beno\u00eet Guillon"},"logo":{"@id":"https:\/\/www.meslibellules.fr\/blog\/wp-content\/uploads\/cropped-avatar-150-pix.jpg"},"sameAs":["https:\/\/www.facebook.com\/benoit.guillon.96\/"]}]}},"_links":{"self":[{"href":"https:\/\/www.meslibellules.fr\/blog\/wp-json\/wp\/v2\/pages\/1377","targetHints":{"allow":["GET"]}}],"collection":[{"href":"https:\/\/www.meslibellules.fr\/blog\/wp-json\/wp\/v2\/pages"}],"about":[{"href":"https:\/\/www.meslibellules.fr\/blog\/wp-json\/wp\/v2\/types\/page"}],"author":[{"embeddable":true,"href":"https:\/\/www.meslibellules.fr\/blog\/wp-json\/wp\/v2\/users\/1"}],"replies":[{"embeddable":true,"href":"https:\/\/www.meslibellules.fr\/blog\/wp-json\/wp\/v2\/comments?post=1377"}],"version-history":[{"count":0,"href":"https:\/\/www.meslibellules.fr\/blog\/wp-json\/wp\/v2\/pages\/1377\/revisions"}],"wp:attachment":[{"href":"https:\/\/www.meslibellules.fr\/blog\/wp-json\/wp\/v2\/media?parent=1377"}],"curies":[{"name":"wp","href":"https:\/\/api.w.org\/{rel}","templated":true}]}}