{"id":15291,"date":"2023-08-02T19:19:47","date_gmt":"2023-08-02T17:19:47","guid":{"rendered":"https:\/\/www.meslibellules.fr\/blog\/?page_id=15291"},"modified":"2023-08-02T19:24:01","modified_gmt":"2023-08-02T17:24:01","slug":"coenagrion-pulchellum","status":"publish","type":"page","link":"https:\/\/www.meslibellules.fr\/blog\/coenagrion-pulchellum\/","title":{"rendered":"Coenagrion pulchellum (Vander Linden, 1825)"},"content":{"rendered":"\n<figure class=\"wp-block-image aligncenter size-full is-resized\"><a href=\"https:\/\/www.meslibellules.fr\/blog\/wp-content\/uploads\/coenagrion-pulchellum-male-1big.jpg\"><img decoding=\"async\" data-src=\"https:\/\/www.meslibellules.fr\/blog\/wp-content\/uploads\/coenagrion-pulchellum-male-1big.jpg\" alt=\"Coenagrion puchellum m\u00e2le, Etang de Joreau (F-\/4\/9), 17\/06\/2012\" class=\"wp-image-15292 lazyload\" width=\"649\" height=\"433\" data-srcset=\"https:\/\/www.meslibellules.fr\/blog\/wp-content\/uploads\/\/coenagrion-pulchellum-male-1big.jpg 1804w, https:\/\/www.meslibellules.fr\/blog\/wp-content\/uploads\/\/coenagrion-pulchellum-male-1big-768x513.jpg 768w, https:\/\/www.meslibellules.fr\/blog\/wp-content\/uploads\/\/coenagrion-pulchellum-male-1big-1536x1025.jpg 1536w\" data-sizes=\"(max-width: 649px) 100vw, 649px\" src=\"data:image\/svg+xml;base64,PHN2ZyB3aWR0aD0iMSIgaGVpZ2h0PSIxIiB4bWxucz0iaHR0cDovL3d3dy53My5vcmcvMjAwMC9zdmciPjwvc3ZnPg==\" style=\"--smush-placeholder-width: 649px; --smush-placeholder-aspect-ratio: 649\/433;\" \/><\/a><figcaption class=\"wp-element-caption\">Coenagrion puchellum m\u00e2le, Etang de Joreau (F-\/4\/9), 17\/06\/2012<\/figcaption><\/figure>\n\n\n\n<h5><span style=\"text-decoration: underline;\">Description &#8211; Identification<\/span><\/h5>\n\n\n\n<p>Coenagrion pulchellum est beaucoup moins commun que son presque sosie, <a href=\"https:\/\/www.meslibellules.fr\/blog\/wp-content\/uploads\/Coenagrion-puella-accueil-male-1.webp\">C. puella<\/a>. Il est l\u00e9g\u00e8rement plus grand et atteint 34 \u00e0 38 mm.<br>Si les <strong>m\u00e2les<\/strong> montrent tous les 2 des motifs noirs sur fond bleu, Coenagrion pulchellum est plus sombre, en particulier sur le thorax, o\u00f9 la <a href=\"https:\/\/www.meslibellules.fr\/blog\/wp-content\/uploads\/puella-pulchellum.webp\">bande ant\u00e9hum\u00e9rale bleue<\/a> est souvent \u00e9trangl\u00e9e ou m\u00eame r\u00e9duite \u00e0 <em>un point d&rsquo;exclamation<\/em>. Sur l&rsquo;abdomen, il porte des anneaux noirs plus larges que son cousin et qui se prolongent lat\u00e9ralement en avant avec la m\u00eame fine ligne noire.<br>Le <a href=\"https:\/\/www.meslibellules.fr\/blog\/wp-content\/uploads\/coenagrion-pulchellum-male-6big.jpg\">pronotum<\/a> est trilob\u00e9 avec une marge post\u00e9rieure en \u00ab\u00a0W \u00e0 l&rsquo;envers.<br>Le S2 montre <a href=\"https:\/\/www.meslibellules.fr\/blog\/wp-content\/uploads\/puella-pulchellum.webp\">une t\u00eate de chat <em>fa\u00e7on<\/em><\/a><em> Batman<\/em>, plus grossier que le \u00ab\u00a0U\u00a0\u00bb de son cousin, mais comme tout le reste des motifs, il est <em>tr\u00e8s<\/em> variable.<br>Le S8 porte un dessin noir complet en <a href=\"https:\/\/www.meslibellules.fr\/blog\/wp-content\/uploads\/puella-pulchellu-S8.webp\">forme de <em>mitre<\/em><\/a> et non <em>2 points<\/em> ou traits lat\u00e9raux comme C. puella.<br>Les <strong>femelles<\/strong> existent sous plusieurs formes, souvent vertes \u00e0 abdomen bleu orn\u00e9 de tridents noirs, parfois l&rsquo;abdomen est tr\u00e8s sombre au-dessus et vert en dessous (comme C. puella), parfois montrant un thorax p\u00e2le. Elles ont normalement des bandes ant\u00e9hum\u00e9rales compl\u00e8tes et l&rsquo;identification ne peut se faire valablement qu&rsquo;en examinant <a href=\"http:\/\/www.meslibellules.fr\/pagesweb\/coenagrionidae\/coenagrion\/pulchellum\/coenagrion-pulchellum-femelle-2\/coenagrion-pulchellum-femelle-5big.jpg\">le pronotum<\/a> qui est \u00e9galement trilob\u00e9 avec une marge post\u00e9rieure en\u00a0\u00bb W\u00a0\u00bb invers\u00e9.<\/p>\n\n\n\n<figure class=\"wp-block-image aligncenter size-full is-resized\"><a href=\"https:\/\/www.meslibellules.fr\/blog\/wp-content\/uploads\/Coenagrion-pulchellum-femelle.webp\"><img decoding=\"async\" data-src=\"https:\/\/www.meslibellules.fr\/blog\/wp-content\/uploads\/Coenagrion-pulchellum-femelle.webp\" alt=\"Coenagrion pulchellum femelle, Etang de Joreau (F-49), 12\/05\/2013\" class=\"wp-image-15301 lazyload\" width=\"624\" height=\"361\" data-srcset=\"https:\/\/www.meslibellules.fr\/blog\/wp-content\/uploads\/Coenagrion-pulchellum-femelle.webp 2076w, https:\/\/www.meslibellules.fr\/blog\/wp-content\/uploads\/Coenagrion-pulchellum-femelle-768x445.webp 768w, https:\/\/www.meslibellules.fr\/blog\/wp-content\/uploads\/Coenagrion-pulchellum-femelle-1536x891.webp 1536w, https:\/\/www.meslibellules.fr\/blog\/wp-content\/uploads\/Coenagrion-pulchellum-femelle-2048x1188.webp 2048w\" data-sizes=\"(max-width: 624px) 100vw, 624px\" src=\"data:image\/svg+xml;base64,PHN2ZyB3aWR0aD0iMSIgaGVpZ2h0PSIxIiB4bWxucz0iaHR0cDovL3d3dy53My5vcmcvMjAwMC9zdmciPjwvc3ZnPg==\" style=\"--smush-placeholder-width: 624px; --smush-placeholder-aspect-ratio: 624\/361;\" \/><\/a><figcaption class=\"wp-element-caption\">Coenagrion pulchellum femelle, Etang de Joreau (F-49), 12\/05\/2013<\/figcaption><\/figure>\n\n\n\n<h5><span style=\"text-decoration: underline;\">Habitat et distribution g\u00e9ographique<\/span><\/h5>\n\n\n\n<p>L&rsquo;<em>Agrion joli<\/em> se trouve sur toutes sortes d&rsquo;eaux stagnantes bien ensoleill\u00e9es, mares, \u00e9tangs, lacs, foss\u00e9s, canaux, pourvus qu&rsquo;ils soient bien garnis d&rsquo;herbiers aquatiques, \u00e9ventuellement en for\u00eat, ou en tout cas avec une v\u00e9g\u00e9tation rivulaire suffisante. Il est rarement pr\u00e9sent sur les eaux courantes tr\u00e8s lentes.<br><br>En France, il est pr\u00e9sent (mais assez rare), \u00e0 peu pr\u00e8s dans tous les d\u00e9partements, sauf dans l&rsquo;est de et le sud de la Nouvelle-Aquitaine, l&rsquo;Occitanie et l&rsquo;extr\u00eame sud-est.<br>Il est consid\u00e9r\u00e9 comme vuln\u00e9rable au niveau national.<br><a href=\"https:\/\/atlas-odonates.insectes.org\/odonates-de-france\/coenagrion-pulchellum\">Atlas dynamique des odonates<\/a><br><br>Dans le reste du monde, son aire de pr\u00e9dilection est l&rsquo;Europe centrale. Il atteint \u00e0 l&rsquo;est l&rsquo;Irlande et le sud de l&rsquo;Angleterre. Au nord, on le trouve dans le sud de la Scandinavie. \u00c0 l&rsquo;est, on le rencontre encore dans la partie Asie centrale de la f\u00e9d\u00e9ration de Russie, en Turquie. Au sud, il est tr\u00e8s rare au nord de l&rsquo;Espagne, rare en Italie (sauf \u00e0 l&rsquo;extr\u00eame sud (!)), mais encore pr\u00e9sent dans le P\u00e9loponn\u00e8se. <br>Sa population n&rsquo;est pas globalement menac\u00e9e :<a href=\"https:\/\/www.iucnredlist.org\/species\/165484\/19158662#geographic-range\"> IUCN Red List<\/a>.<\/p>\n\n\n\n<h5><span style=\"text-decoration: underline;\">P\u00e9riode de vol<\/span><\/h5>\n\n\n\n<p>On le voit voler de d\u00e9but avril \u00e0 fin juillet dans le sud, de fin avril \u00e0 d\u00e9but septembre dans le nord. Mais il est beaucoup plus fr\u00e9quent en juin.<\/p>\n\n\n\n<h5><span style=\"text-decoration: underline;\">Comportement &#8211; <\/span><span style=\"text-decoration: underline;\">\u00c9<\/span><span style=\"text-decoration: underline;\">cologie<\/span><\/h5>\n\n\n\n<p>C&rsquo;est une esp\u00e8ce de plaine qui peut atteindre 1500 m d&rsquo;altitude dans le sud.<br>L&rsquo;accouplement dure 10 \u00e0 15 minutes et le couple part presque aussit\u00f4t pondre sur des d\u00e9bris v\u00e9g\u00e9taux, des tiges pendant de la rivre, des n\u00e9nuphars, de la menthe aquatique, des carex, mais toujours dans les parties mouill\u00e9es de ces plantes. Il lui arrive rarement de s&rsquo;immerger totalement.<br>L&rsquo;\u00e9closion intervient 2 \u00e0 6 semaines apr\u00e8s la ponte et la phase larvaire dure un an, deux si les conditions sont d\u00e9favorables. Elle compte 10 \u00e0 13 stades.<\/p>\n\n\n<h5><span style=\"text-decoration: underline;\">\u00c9tymologie<\/span><\/h5>\n\n\n<p>Coenagrion est form\u00e9 des 2 mots grecs Koinos \u2013<em>&nbsp;commun<\/em>&nbsp;et Agrios \u2013&nbsp;<em>vivant dans les champs, sauvage<\/em>. Ce nom de genre a \u00e9t\u00e9 form\u00e9 de fa\u00e7on complexe lorsqu\u2019il a fallu rediviser les familles existantes, de nouvelles esp\u00e8ces \u00e9tant d\u00e9couvertes, le terme \u00ab&nbsp;agrion&nbsp;\u00bb s\u2019av\u00e9rant insuffisant.<br>Pulchellum, du latin &#8211;<em>pulchellus<\/em>, qui signifie  &#8211;<em>joli<\/em>, ce que le nom vernaculaire fran\u00e7ais a tout simplement repris.<br><br>En le nommant Variable bluet, les anglo-saxons ont voulu insister sur la variabilit\u00e9 de ses dessins noirs, tant sur le thorax que l&rsquo;abdomen. Bluet est utilis\u00e9 pour d\u00e9signer tous les Coenagrion et notre Enallagma, se r\u00e9f\u00e9rant \u00e9galement \u00e0 la couleur bleue.<\/p>\n\n\n\n<div style=\"height:47px\" aria-hidden=\"true\" class=\"wp-block-spacer\"><\/div>\n\n\n\n<div class=\"wp-block-buttons is-horizontal is-layout-flex wp-block-buttons-is-layout-flex\">\n<div class=\"wp-block-button\"><a class=\"wp-block-button__link wp-element-button\" href=\"http:\/\/www.meslibellules.fr\/pagesweb\/coenagrionidae\/coenagrion\/pulchellum\/coenagrion-pulchellum-male-1.php\">M\u00e2le<\/a><\/div>\n\n\n\n<div class=\"wp-block-button\"><a class=\"wp-block-button__link wp-element-button\" href=\"http:\/\/www.meslibellules.fr\/pagesweb\/coenagrionidae\/coenagrion\/pulchellum\/coenagrion-pulchellum-femelle-1.php\">Femelle<\/a><\/div>\n\n\n\n<div class=\"wp-block-button\"><a class=\"wp-block-button__link wp-element-button\" href=\"http:\/\/www.meslibellules.fr\/pagesweb\/coenagrionidae\/coenagrion\/pulchellum\/coenagrion-pulchellum-accouplement-1.php\">Accouplement<\/a><\/div>\n<\/div>\n\n\n\n<div style=\"height:24px\" aria-hidden=\"true\" class=\"wp-block-spacer\"><\/div>\n\n\n\n<div class=\"wp-block-buttons is-layout-flex wp-block-buttons-is-layout-flex\">\n<div class=\"wp-block-button\"><a class=\"wp-block-button__link wp-element-button\" href=\"http:\/\/www.meslibellules.fr\/pagesweb\/identificatios\/identification-coenagrionidae\/identification-coenagrionidae-males.php\">Aide \u00e0 l&rsquo;identification<\/a><\/div>\n<\/div>\n","protected":false},"excerpt":{"rendered":"<p>Description &#8211; Identification Coenagrion pulchellum est beaucoup moins commun que son presque sosie, C. puella. Il est l\u00e9g\u00e8rement plus grand et atteint 34 \u00e0 38 mm.Si les m\u00e2les montrent tous les 2 des motifs noirs sur fond bleu, Coenagrion pulchellum est plus sombre, en particulier sur le thorax, o\u00f9 la bande ant\u00e9hum\u00e9rale bleue est souvent [&hellip;]<\/p>\n","protected":false},"author":1,"featured_media":0,"parent":0,"menu_order":0,"comment_status":"closed","ping_status":"closed","template":"","meta":{"site-sidebar-layout":"default","site-content-layout":"","ast-site-content-layout":"default","site-content-style":"default","site-sidebar-style":"default","ast-global-header-display":"","ast-banner-title-visibility":"","ast-main-header-display":"","ast-hfb-above-header-display":"","ast-hfb-below-header-display":"","ast-hfb-mobile-header-display":"","site-post-title":"","ast-breadcrumbs-content":"","ast-featured-img":"","footer-sml-layout":"","ast-disable-related-posts":"","theme-transparent-header-meta":"","adv-header-id-meta":"","stick-header-meta":"","header-above-stick-meta":"","header-main-stick-meta":"","header-below-stick-meta":"","astra-migrate-meta-layouts":"default","ast-page-background-enabled":"default","ast-page-background-meta":{"desktop":{"background-color":"var(--ast-global-color-4)","background-image":"","background-repeat":"repeat","background-position":"center center","background-size":"auto","background-attachment":"scroll","background-type":"","background-media":"","overlay-type":"","overlay-color":"","overlay-opacity":"","overlay-gradient":""},"tablet":{"background-color":"","background-image":"","background-repeat":"repeat","background-position":"center center","background-size":"auto","background-attachment":"scroll","background-type":"","background-media":"","overlay-type":"","overlay-color":"","overlay-opacity":"","overlay-gradient":""},"mobile":{"background-color":"","background-image":"","background-repeat":"repeat","background-position":"center center","background-size":"auto","background-attachment":"scroll","background-type":"","background-media":"","overlay-type":"","overlay-color":"","overlay-opacity":"","overlay-gradient":""}},"ast-content-background-meta":{"desktop":{"background-color":"var(--ast-global-color-5)","background-image":"","background-repeat":"repeat","background-position":"center center","background-size":"auto","background-attachment":"scroll","background-type":"","background-media":"","overlay-type":"","overlay-color":"","overlay-opacity":"","overlay-gradient":""},"tablet":{"background-color":"var(--ast-global-color-5)","background-image":"","background-repeat":"repeat","background-position":"center center","background-size":"auto","background-attachment":"scroll","background-type":"","background-media":"","overlay-type":"","overlay-color":"","overlay-opacity":"","overlay-gradient":""},"mobile":{"background-color":"var(--ast-global-color-5)","background-image":"","background-repeat":"repeat","background-position":"center center","background-size":"auto","background-attachment":"scroll","background-type":"","background-media":"","overlay-type":"","overlay-color":"","overlay-opacity":"","overlay-gradient":""}},"footnotes":""},"class_list":["post-15291","page","type-page","status-publish","hentry"],"yoast_head":"<!-- This site is optimized with the Yoast SEO plugin v27.5 - https:\/\/yoast.com\/product\/yoast-seo-wordpress\/ -->\n<title>Coenagrion pulchellum - Mes Libellules<\/title>\n<meta name=\"description\" content=\"Coenagrion pulchellum m\u00e2le et femelle, Agrion joli, description, identification, taille, habitat, distribution g\u00e9ographique, \u00e9tymologie\" \/>\n<meta name=\"robots\" content=\"index, follow, max-snippet:-1, max-image-preview:large, max-video-preview:-1\" \/>\n<link rel=\"canonical\" href=\"https:\/\/www.meslibellules.fr\/blog\/coenagrion-pulchellum\/\" \/>\n<meta property=\"og:locale\" content=\"fr_FR\" \/>\n<meta property=\"og:type\" content=\"article\" \/>\n<meta property=\"og:title\" content=\"Coenagrion pulchellum - Mes Libellules\" \/>\n<meta property=\"og:description\" content=\"Coenagrion pulchellum m\u00e2le et femelle, Agrion joli, description, identification, taille, habitat, distribution g\u00e9ographique, \u00e9tymologie\" \/>\n<meta property=\"og:url\" content=\"https:\/\/www.meslibellules.fr\/blog\/coenagrion-pulchellum\/\" \/>\n<meta property=\"og:site_name\" content=\"Mes Libellules\" \/>\n<meta property=\"article:publisher\" content=\"https:\/\/www.facebook.com\/benoit.guillon.96\/\" \/>\n<meta property=\"article:modified_time\" content=\"2023-08-02T17:24:01+00:00\" \/>\n<meta property=\"og:image\" content=\"https:\/\/www.meslibellules.fr\/blog\/wp-content\/uploads\/coenagrion-pulchellum-male-1big.jpg\" \/>\n<meta name=\"twitter:card\" content=\"summary_large_image\" \/>\n<meta name=\"twitter:label1\" content=\"Dur\u00e9e de lecture estim\u00e9e\" \/>\n\t<meta name=\"twitter:data1\" content=\"4 minutes\" \/>\n<script type=\"application\/ld+json\" class=\"yoast-schema-graph\">{\"@context\":\"https:\\\/\\\/schema.org\",\"@graph\":[{\"@type\":\"WebPage\",\"@id\":\"https:\\\/\\\/www.meslibellules.fr\\\/blog\\\/coenagrion-pulchellum\\\/\",\"url\":\"https:\\\/\\\/www.meslibellules.fr\\\/blog\\\/coenagrion-pulchellum\\\/\",\"name\":\"Coenagrion pulchellum - Mes Libellules\",\"isPartOf\":{\"@id\":\"https:\\\/\\\/www.meslibellules.fr\\\/blog\\\/#website\"},\"primaryImageOfPage\":{\"@id\":\"https:\\\/\\\/www.meslibellules.fr\\\/blog\\\/coenagrion-pulchellum\\\/#primaryimage\"},\"image\":{\"@id\":\"https:\\\/\\\/www.meslibellules.fr\\\/blog\\\/coenagrion-pulchellum\\\/#primaryimage\"},\"thumbnailUrl\":\"https:\\\/\\\/www.meslibellules.fr\\\/blog\\\/wp-content\\\/uploads\\\/coenagrion-pulchellum-male-1big.jpg\",\"datePublished\":\"2023-08-02T17:19:47+00:00\",\"dateModified\":\"2023-08-02T17:24:01+00:00\",\"description\":\"Coenagrion pulchellum m\u00e2le et femelle, Agrion joli, description, identification, taille, habitat, distribution g\u00e9ographique, \u00e9tymologie\",\"breadcrumb\":{\"@id\":\"https:\\\/\\\/www.meslibellules.fr\\\/blog\\\/coenagrion-pulchellum\\\/#breadcrumb\"},\"inLanguage\":\"fr-FR\",\"potentialAction\":[{\"@type\":\"ReadAction\",\"target\":[\"https:\\\/\\\/www.meslibellules.fr\\\/blog\\\/coenagrion-pulchellum\\\/\"]}]},{\"@type\":\"ImageObject\",\"inLanguage\":\"fr-FR\",\"@id\":\"https:\\\/\\\/www.meslibellules.fr\\\/blog\\\/coenagrion-pulchellum\\\/#primaryimage\",\"url\":\"https:\\\/\\\/www.meslibellules.fr\\\/blog\\\/wp-content\\\/uploads\\\/coenagrion-pulchellum-male-1big.jpg\",\"contentUrl\":\"https:\\\/\\\/www.meslibellules.fr\\\/blog\\\/wp-content\\\/uploads\\\/coenagrion-pulchellum-male-1big.jpg\",\"width\":1804,\"height\":1204,\"caption\":\"Coenagrion puchellum m\u00e2le, Etang de Joreau (F-\\\/4\\\/9), 17\\\/06\\\/2012\"},{\"@type\":\"BreadcrumbList\",\"@id\":\"https:\\\/\\\/www.meslibellules.fr\\\/blog\\\/coenagrion-pulchellum\\\/#breadcrumb\",\"itemListElement\":[{\"@type\":\"ListItem\",\"position\":1,\"name\":\"Accueil\",\"item\":\"https:\\\/\\\/www.meslibellules.fr\\\/blog\\\/\"},{\"@type\":\"ListItem\",\"position\":2,\"name\":\"Coenagrion pulchellum (Vander Linden, 1825)\"}]},{\"@type\":\"WebSite\",\"@id\":\"https:\\\/\\\/www.meslibellules.fr\\\/blog\\\/#website\",\"url\":\"https:\\\/\\\/www.meslibellules.fr\\\/blog\\\/\",\"name\":\"Mes Libellules\",\"description\":\"Pr\u00e9sentation des libellules rencontr\u00e9es dans le monde\",\"publisher\":{\"@id\":\"https:\\\/\\\/www.meslibellules.fr\\\/blog\\\/#\\\/schema\\\/person\\\/9aa3586f9dd053fcf329f43b8b053c77\"},\"potentialAction\":[{\"@type\":\"SearchAction\",\"target\":{\"@type\":\"EntryPoint\",\"urlTemplate\":\"https:\\\/\\\/www.meslibellules.fr\\\/blog\\\/?s={search_term_string}\"},\"query-input\":{\"@type\":\"PropertyValueSpecification\",\"valueRequired\":true,\"valueName\":\"search_term_string\"}}],\"inLanguage\":\"fr-FR\"},{\"@type\":[\"Person\",\"Organization\"],\"@id\":\"https:\\\/\\\/www.meslibellules.fr\\\/blog\\\/#\\\/schema\\\/person\\\/9aa3586f9dd053fcf329f43b8b053c77\",\"name\":\"Beno\u00eet Guillon\",\"image\":{\"@type\":\"ImageObject\",\"inLanguage\":\"fr-FR\",\"@id\":\"https:\\\/\\\/www.meslibellules.fr\\\/blog\\\/wp-content\\\/uploads\\\/cropped-avatar-150-pix.jpg\",\"url\":\"https:\\\/\\\/www.meslibellules.fr\\\/blog\\\/wp-content\\\/uploads\\\/cropped-avatar-150-pix.jpg\",\"contentUrl\":\"https:\\\/\\\/www.meslibellules.fr\\\/blog\\\/wp-content\\\/uploads\\\/cropped-avatar-150-pix.jpg\",\"width\":150,\"height\":137,\"caption\":\"Beno\u00eet Guillon\"},\"logo\":{\"@id\":\"https:\\\/\\\/www.meslibellules.fr\\\/blog\\\/wp-content\\\/uploads\\\/cropped-avatar-150-pix.jpg\"},\"sameAs\":[\"https:\\\/\\\/www.facebook.com\\\/benoit.guillon.96\\\/\"]}]}<\/script>\n<!-- \/ Yoast SEO plugin. -->","yoast_head_json":{"title":"Coenagrion pulchellum - Mes Libellules","description":"Coenagrion pulchellum m\u00e2le et femelle, Agrion joli, description, identification, taille, habitat, distribution g\u00e9ographique, \u00e9tymologie","robots":{"index":"index","follow":"follow","max-snippet":"max-snippet:-1","max-image-preview":"max-image-preview:large","max-video-preview":"max-video-preview:-1"},"canonical":"https:\/\/www.meslibellules.fr\/blog\/coenagrion-pulchellum\/","og_locale":"fr_FR","og_type":"article","og_title":"Coenagrion pulchellum - Mes Libellules","og_description":"Coenagrion pulchellum m\u00e2le et femelle, Agrion joli, description, identification, taille, habitat, distribution g\u00e9ographique, \u00e9tymologie","og_url":"https:\/\/www.meslibellules.fr\/blog\/coenagrion-pulchellum\/","og_site_name":"Mes Libellules","article_publisher":"https:\/\/www.facebook.com\/benoit.guillon.96\/","article_modified_time":"2023-08-02T17:24:01+00:00","og_image":[{"url":"https:\/\/www.meslibellules.fr\/blog\/wp-content\/uploads\/coenagrion-pulchellum-male-1big.jpg","type":"","width":"","height":""}],"twitter_card":"summary_large_image","twitter_misc":{"Dur\u00e9e de lecture estim\u00e9e":"4 minutes"},"schema":{"@context":"https:\/\/schema.org","@graph":[{"@type":"WebPage","@id":"https:\/\/www.meslibellules.fr\/blog\/coenagrion-pulchellum\/","url":"https:\/\/www.meslibellules.fr\/blog\/coenagrion-pulchellum\/","name":"Coenagrion pulchellum - Mes Libellules","isPartOf":{"@id":"https:\/\/www.meslibellules.fr\/blog\/#website"},"primaryImageOfPage":{"@id":"https:\/\/www.meslibellules.fr\/blog\/coenagrion-pulchellum\/#primaryimage"},"image":{"@id":"https:\/\/www.meslibellules.fr\/blog\/coenagrion-pulchellum\/#primaryimage"},"thumbnailUrl":"https:\/\/www.meslibellules.fr\/blog\/wp-content\/uploads\/coenagrion-pulchellum-male-1big.jpg","datePublished":"2023-08-02T17:19:47+00:00","dateModified":"2023-08-02T17:24:01+00:00","description":"Coenagrion pulchellum m\u00e2le et femelle, Agrion joli, description, identification, taille, habitat, distribution g\u00e9ographique, \u00e9tymologie","breadcrumb":{"@id":"https:\/\/www.meslibellules.fr\/blog\/coenagrion-pulchellum\/#breadcrumb"},"inLanguage":"fr-FR","potentialAction":[{"@type":"ReadAction","target":["https:\/\/www.meslibellules.fr\/blog\/coenagrion-pulchellum\/"]}]},{"@type":"ImageObject","inLanguage":"fr-FR","@id":"https:\/\/www.meslibellules.fr\/blog\/coenagrion-pulchellum\/#primaryimage","url":"https:\/\/www.meslibellules.fr\/blog\/wp-content\/uploads\/coenagrion-pulchellum-male-1big.jpg","contentUrl":"https:\/\/www.meslibellules.fr\/blog\/wp-content\/uploads\/coenagrion-pulchellum-male-1big.jpg","width":1804,"height":1204,"caption":"Coenagrion puchellum m\u00e2le, Etang de Joreau (F-\/4\/9), 17\/06\/2012"},{"@type":"BreadcrumbList","@id":"https:\/\/www.meslibellules.fr\/blog\/coenagrion-pulchellum\/#breadcrumb","itemListElement":[{"@type":"ListItem","position":1,"name":"Accueil","item":"https:\/\/www.meslibellules.fr\/blog\/"},{"@type":"ListItem","position":2,"name":"Coenagrion pulchellum (Vander Linden, 1825)"}]},{"@type":"WebSite","@id":"https:\/\/www.meslibellules.fr\/blog\/#website","url":"https:\/\/www.meslibellules.fr\/blog\/","name":"Mes Libellules","description":"Pr\u00e9sentation des libellules rencontr\u00e9es dans le monde","publisher":{"@id":"https:\/\/www.meslibellules.fr\/blog\/#\/schema\/person\/9aa3586f9dd053fcf329f43b8b053c77"},"potentialAction":[{"@type":"SearchAction","target":{"@type":"EntryPoint","urlTemplate":"https:\/\/www.meslibellules.fr\/blog\/?s={search_term_string}"},"query-input":{"@type":"PropertyValueSpecification","valueRequired":true,"valueName":"search_term_string"}}],"inLanguage":"fr-FR"},{"@type":["Person","Organization"],"@id":"https:\/\/www.meslibellules.fr\/blog\/#\/schema\/person\/9aa3586f9dd053fcf329f43b8b053c77","name":"Beno\u00eet Guillon","image":{"@type":"ImageObject","inLanguage":"fr-FR","@id":"https:\/\/www.meslibellules.fr\/blog\/wp-content\/uploads\/cropped-avatar-150-pix.jpg","url":"https:\/\/www.meslibellules.fr\/blog\/wp-content\/uploads\/cropped-avatar-150-pix.jpg","contentUrl":"https:\/\/www.meslibellules.fr\/blog\/wp-content\/uploads\/cropped-avatar-150-pix.jpg","width":150,"height":137,"caption":"Beno\u00eet Guillon"},"logo":{"@id":"https:\/\/www.meslibellules.fr\/blog\/wp-content\/uploads\/cropped-avatar-150-pix.jpg"},"sameAs":["https:\/\/www.facebook.com\/benoit.guillon.96\/"]}]}},"_links":{"self":[{"href":"https:\/\/www.meslibellules.fr\/blog\/wp-json\/wp\/v2\/pages\/15291","targetHints":{"allow":["GET"]}}],"collection":[{"href":"https:\/\/www.meslibellules.fr\/blog\/wp-json\/wp\/v2\/pages"}],"about":[{"href":"https:\/\/www.meslibellules.fr\/blog\/wp-json\/wp\/v2\/types\/page"}],"author":[{"embeddable":true,"href":"https:\/\/www.meslibellules.fr\/blog\/wp-json\/wp\/v2\/users\/1"}],"replies":[{"embeddable":true,"href":"https:\/\/www.meslibellules.fr\/blog\/wp-json\/wp\/v2\/comments?post=15291"}],"version-history":[{"count":0,"href":"https:\/\/www.meslibellules.fr\/blog\/wp-json\/wp\/v2\/pages\/15291\/revisions"}],"wp:attachment":[{"href":"https:\/\/www.meslibellules.fr\/blog\/wp-json\/wp\/v2\/media?parent=15291"}],"curies":[{"name":"wp","href":"https:\/\/api.w.org\/{rel}","templated":true}]}}