{"id":164,"date":"2018-08-31T22:11:13","date_gmt":"2018-08-31T20:11:13","guid":{"rendered":"http:\/\/www.meslibellules.fr\/blog\/?page_id=164"},"modified":"2026-05-01T09:40:55","modified_gmt":"2026-05-01T07:40:55","slug":"libellules-mes-libellules","status":"publish","type":"page","link":"https:\/\/www.meslibellules.fr\/blog\/","title":{"rendered":"Mes Libellules"},"content":{"rendered":"\n<p class=\"has-text-align-left\" style=\"font-size:15px\">En \u00e9volution permanente, ce site pr\u00e9sente 89 esp\u00e8ces de libellules en France. Il montre les m\u00e2les et les femelles, \u00e0 tous \u00e2ges, les comportements de ponte, d&rsquo;accouplement, la pr\u00e9dation par les odonates ou sur les odonates. Il d\u00e9taille le cycle de vie des libellules, depuis la ponte jusqu&rsquo;\u00e0 l&rsquo;\u00e9mergence, l&rsquo;\u00e9volution des immatures, la maturation, jusqu&rsquo;\u00e0 l&rsquo;accouplement.<\/p>\n\n\n\n<p class=\"has-text-align-left\" style=\"font-size:15px\">Il pr\u00e9sente aussi de tr\u00e8s nombreux odonates exotiques, environ 800 \u00e0 ce jour (non compt\u00e9es les libellules europ\u00e9ennes). Des libellules de Sicile, d&rsquo;Ouzb\u00e9kistan, de Chine (du Yunnan et du Guizhou), du Sri Lanka, du Laos, Cambodge,&nbsp;du Vietnam, de Malaisie, du Panama, Costa-Rica, Br\u00e9sil, du B\u00e9nin, de la R\u00e9union, de Su\u00e8de et Finlande, d&rsquo;Inde, de Colombie, d&rsquo;Afrique du Sud, d&rsquo;\u00c9thiopie, du Mexique, de Namibie, d&rsquo;Australie (NT, WA et FNQ), du P\u00e9rou, de Tha\u00eflande, du Sarawak (Malaisie &#8211; Born\u00e9o) et du Ghana.<br>Pour chaque esp\u00e8ce de libellules, on trouvera des \u00e9l\u00e9ments d&rsquo;identification, l&rsquo;habitat, la distribution g\u00e9ographique, la taille, l&rsquo;\u00e9tymologie ou l&rsquo;origine du nom de genre et d&rsquo;esp\u00e8ce, de nombreuses photos et bien d&rsquo;autres renseignements&#8230;&nbsp;<\/p>\n\n\n\n<div class=\"wpdt-c row wpDataTableContainerSimpleTable wpDataTables wpDataTablesWrapper\n\"\n    >\n        <table id=\"wpdtSimpleTable-11\"\n           style=\"border-collapse:collapse;\n                   border-spacing:0px;\"\n           class=\"wpdtSimpleTable wpDataTable\"\n           data-column=\"3\"\n           data-rows=\"1\"\n           data-wpID=\"11\"\n           data-responsive=\"0\"\n           data-has-header=\"0\">\n\n                    <tbody>        <tr class=\"wpdt-cell-row \" >\n                                <td class=\"wpdt-cell \"\n                                            data-cell-id=\"A1\"\n                    data-col-index=\"0\"\n                    data-row-index=\"0\"\n                    style=\" width:33.333333333333%;                    padding:10px;\n                    \"\n                    >\n                                        <a href=\"https:\/\/www.meslibellules.fr\/blog\/wp-content\/uploads\/ischnura-pumilio-femelle-emergente-6big.webp\"><img decoding=\"async\"  data-media-content=\"wpdt-media-content\"  data-src=\"https:\/\/www.meslibellules.fr\/blog\/wp-content\/uploads\/ischnura-pumilio-femelle-emergente-6big.webp\" class=\"alignnone size-full lazyload\" width=\"1738\" height=\"1738\" src=\"data:image\/svg+xml;base64,PHN2ZyB3aWR0aD0iMSIgaGVpZ2h0PSIxIiB4bWxucz0iaHR0cDovL3d3dy53My5vcmcvMjAwMC9zdmciPjwvc3ZnPg==\" style=\"--smush-placeholder-width: 1738px; --smush-placeholder-aspect-ratio: 1738\/1738;\" \/><\/a>                    <\/td>\n                                                <td class=\"wpdt-cell \"\n                                            data-cell-id=\"B1\"\n                    data-col-index=\"1\"\n                    data-row-index=\"0\"\n                    style=\" width:33.333333333333%;                    padding:10px;\n                    \"\n                    >\n                                        <a href=\"https:\/\/www.meslibellules.fr\/blog\/wp-content\/uploads\/onychogomphus-forcipatus-male-accueil.webp\"><img decoding=\"async\"  data-media-content=\"wpdt-media-content\"  data-src=\"https:\/\/www.meslibellules.fr\/blog\/wp-content\/uploads\/onychogomphus-forcipatus-male-accueil.webp\" class=\"alignnone size-full lazyload\" width=\"1784\" height=\"1784\" src=\"data:image\/svg+xml;base64,PHN2ZyB3aWR0aD0iMSIgaGVpZ2h0PSIxIiB4bWxucz0iaHR0cDovL3d3dy53My5vcmcvMjAwMC9zdmciPjwvc3ZnPg==\" style=\"--smush-placeholder-width: 1784px; --smush-placeholder-aspect-ratio: 1784\/1784;\" \/><\/a>                    <\/td>\n                                                <td class=\"wpdt-cell \"\n                                            data-cell-id=\"C1\"\n                    data-col-index=\"2\"\n                    data-row-index=\"0\"\n                    style=\" width:33.333333333333%;                    padding:10px;\n                    \"\n                    >\n                                        <a href=\"https:\/\/www.meslibellules.fr\/blog\/wp-content\/uploads\/ceriagrion-tenellum-femelle-6.webp\"><img decoding=\"async\"  data-media-content=\"wpdt-media-content\"  data-src=\"https:\/\/www.meslibellules.fr\/blog\/wp-content\/uploads\/ceriagrion-tenellum-femelle-6.webp\" class=\"alignnone size-full lazyload\" width=\"1711\" height=\"1711\" src=\"data:image\/svg+xml;base64,PHN2ZyB3aWR0aD0iMSIgaGVpZ2h0PSIxIiB4bWxucz0iaHR0cDovL3d3dy53My5vcmcvMjAwMC9zdmciPjwvc3ZnPg==\" style=\"--smush-placeholder-width: 1711px; --smush-placeholder-aspect-ratio: 1711\/1711;\" \/><\/a>                    <\/td>\n                                        <\/tr>\n                    <\/table>\n<\/div><style id='wpdt-custom-style-11'>\n<\/style>\n\n\n\n\n<p class=\"has-text-align-left\" style=\"font-size: 15px;\">On acc\u00e8de \u00e0 toutes les rubriques par le menu en t\u00eate de page ou ci-dessous :<br \/>&#8211; les <a href=\"https:\/\/www.meslibellules.fr\/blog\/libellules-de-france-odonates-de-france\/\">Odonates de France<\/a><br \/>&#8211; de tr\u00e8s nombreux <a href=\"https:\/\/www.meslibellules.fr\/blog\/2024\/09\/10\/libellules-du-monde\/\">Odonates du Monde<\/a>, avec un classement par continent et par pays<br \/>&#8211; apprendre \u00e0 <a href=\"https:\/\/www.meslibellules.fr\/blog\/2021\/03\/12\/differencier-les-libellules-males-et-femelles-les-zygopteres-1-2\/\">diff\u00e9rencier les libellules m\u00e2les et les femelles<\/a><br \/>&#8211; une <a href=\"http:\/\/www.meslibellules.fr\/thematique\/accueil\/accueil_thematique.html\">approche th\u00e9matique<\/a> de l&rsquo;anatomie et de la physiologie des odonates<br \/>&#8211; des <a href=\"http:\/\/www.meslibellules.fr\/videos\/video_accueil.html\">vid\u00e9os<\/a><br \/>&#8211; un <a href=\"http:\/\/meslibellules.fr\/pagesweb\/divers\/glossaire.php\">glossaire<\/a> entomologique appliqu\u00e9 aux odonates<br \/>&#8211; des <a href=\"https:\/\/www.meslibellules.fr\/blog\/2021\/11\/08\/quiz-sur-les-odonates-jeux-questions-reponses-sur-les-libellules\/\">Quiz sur les libellules<\/a> pour r\u00e9viser ou se perfectionner <br \/>&#8211; quelques antiques pages consacr\u00e9es \u00e0 <a href=\"http:\/\/www.meslibellules.fr\/art_Objets\/accueil_artob_pweb_img\/accueil_%20arts_objets.html\">l&rsquo;art&#8230;<\/a><br \/>&#8211; une <a href=\"https:\/\/www.meslibellules.fr\/pagesweb\/divers\/en-vrac\/en-vrac.php\">Foire aux Questions<\/a> sur les libellules<br \/><br \/>&#8211; une enqu\u00eate sur <span style=\"text-decoration: underline; color: #339966;\"><a style=\"color: #339966; text-decoration: underline;\" href=\"https:\/\/www.meslibellules.fr\/blog\/2024\/05\/20\/cannibalisme-des-zygopteres\/\">le cannibalisme des zygopt\u00e8res<\/a><\/span> (update 14\/11\/2025) et sur <span style=\"text-decoration: underline; color: #339966;\"><a style=\"color: #339966; text-decoration: underline;\" href=\"https:\/\/www.meslibellules.fr\/blog\/2024\/09\/04\/cannibalisme-des-odonates\/\">le cannibalisme des anisopt\u00e8res<\/a><\/span> (update 01\/05\/2026)<br \/><br \/><br \/>&#8211; d&rsquo;<a href=\"http:\/\/www.meslibellules.fr\/insectes\/accueil-insectes.php\">autres insectes<\/a> rencontr\u00e9s en France et \u00e0 travers le monde.<br \/>&#8211; des <a href=\"https:\/\/www.meslibellules.fr\/blog\/oiseaux\/\">oiseaux<\/a>, des <a href=\"https:\/\/www.meslibellules.fr\/blog\/2023\/10\/23\/reptiles\/\">reptiles<\/a> et des <a href=\"https:\/\/www.meslibellules.fr\/blog\/2023\/10\/23\/amphibiens\/\">amphibiens<\/a>.<\/p>\n\n\n\n<div style=\"height:37px\" aria-hidden=\"true\" class=\"wp-block-spacer\"><\/div>\n\n\n\n<div class=\"wpdt-c row wpDataTableContainerSimpleTable wpDataTables wpDataTablesWrapper\n\"\n    >\n        <table id=\"wpdtSimpleTable-12\"\n           style=\"border-collapse:collapse;\n                   border-spacing:0px;\"\n           class=\"wpdtSimpleTable wpDataTable\"\n           data-column=\"4\"\n           data-rows=\"1\"\n           data-wpID=\"12\"\n           data-responsive=\"0\"\n           data-has-header=\"0\">\n\n                    <tbody>        <tr class=\"wpdt-cell-row \" >\n                                <td class=\"wpdt-cell \"\n                                            data-cell-id=\"A1\"\n                    data-col-index=\"0\"\n                    data-row-index=\"0\"\n                    style=\" width:25%;                    padding:10px;\n                    \"\n                    >\n                                        <a href=\"https:\/\/www.meslibellules.fr\/blog\/wp-content\/uploads\/somatochlora-metallica-male-1.webp\"><img decoding=\"async\"  data-media-content=\"wpdt-media-content\"  data-src=\"https:\/\/www.meslibellules.fr\/blog\/wp-content\/uploads\/somatochlora-metallica-male-1.webp\" class=\"alignnone size-full lazyload\" width=\"1719\" height=\"1719\" src=\"data:image\/svg+xml;base64,PHN2ZyB3aWR0aD0iMSIgaGVpZ2h0PSIxIiB4bWxucz0iaHR0cDovL3d3dy53My5vcmcvMjAwMC9zdmciPjwvc3ZnPg==\" style=\"--smush-placeholder-width: 1719px; --smush-placeholder-aspect-ratio: 1719\/1719;\" \/><\/a>                    <\/td>\n                                                <td class=\"wpdt-cell \"\n                                            data-cell-id=\"B1\"\n                    data-col-index=\"1\"\n                    data-row-index=\"0\"\n                    style=\" width:25%;                    padding:10px;\n                    \"\n                    >\n                                        <a href=\"https:\/\/www.meslibellules.fr\/blog\/wp-content\/uploads\/calopteryx-haemorrhoidalis-occasi-male-3.webp\"><img decoding=\"async\"  data-media-content=\"wpdt-media-content\"  data-src=\"https:\/\/www.meslibellules.fr\/blog\/wp-content\/uploads\/calopteryx-haemorrhoidalis-occasi-male-3.webp\" class=\"alignnone size-full lazyload\" width=\"1666\" height=\"1666\" src=\"data:image\/svg+xml;base64,PHN2ZyB3aWR0aD0iMSIgaGVpZ2h0PSIxIiB4bWxucz0iaHR0cDovL3d3dy53My5vcmcvMjAwMC9zdmciPjwvc3ZnPg==\" style=\"--smush-placeholder-width: 1666px; --smush-placeholder-aspect-ratio: 1666\/1666;\" \/><\/a>                    <\/td>\n                                                <td class=\"wpdt-cell \"\n                                            data-cell-id=\"C1\"\n                    data-col-index=\"2\"\n                    data-row-index=\"0\"\n                    style=\" width:25%;                    padding:10px;\n                    \"\n                    >\n                                        <a href=\"https:\/\/www.meslibellules.fr\/blog\/wp-content\/uploads\/libellula-fulva-galerie-11.webp\"><img decoding=\"async\"  data-media-content=\"wpdt-media-content\"  data-src=\"https:\/\/www.meslibellules.fr\/blog\/wp-content\/uploads\/libellula-fulva-galerie-11.webp\" class=\"alignnone size-full lazyload\" width=\"1608\" height=\"1608\" src=\"data:image\/svg+xml;base64,PHN2ZyB3aWR0aD0iMSIgaGVpZ2h0PSIxIiB4bWxucz0iaHR0cDovL3d3dy53My5vcmcvMjAwMC9zdmciPjwvc3ZnPg==\" style=\"--smush-placeholder-width: 1608px; --smush-placeholder-aspect-ratio: 1608\/1608;\" \/><\/a>                    <\/td>\n                                                <td class=\"wpdt-cell \"\n                                            data-cell-id=\"D1\"\n                    data-col-index=\"3\"\n                    data-row-index=\"0\"\n                    style=\" width:25%;                    padding:10px;\n                    \"\n                    >\n                                        <a href=\"https:\/\/www.meslibellules.fr\/blog\/wp-content\/uploads\/sympetrum-danae-male-4big.webp\"><img decoding=\"async\"  data-media-content=\"wpdt-media-content\"  data-src=\"https:\/\/www.meslibellules.fr\/blog\/wp-content\/uploads\/sympetrum-danae-male-4big.webp\" class=\"alignnone size-full lazyload\" width=\"1651\" height=\"1651\" src=\"data:image\/svg+xml;base64,PHN2ZyB3aWR0aD0iMSIgaGVpZ2h0PSIxIiB4bWxucz0iaHR0cDovL3d3dy53My5vcmcvMjAwMC9zdmciPjwvc3ZnPg==\" style=\"--smush-placeholder-width: 1651px; --smush-placeholder-aspect-ratio: 1651\/1651;\" \/><\/a>                    <\/td>\n                                        <\/tr>\n                    <\/table>\n<\/div><style id='wpdt-custom-style-12'>\n<\/style>\n\n\n\n\n<div style=\"height:71px\" aria-hidden=\"true\" class=\"wp-block-spacer\"><\/div>\n\n\n\n<hr class=\"wp-block-separator has-alpha-channel-opacity\"\/>\n","protected":false},"excerpt":{"rendered":"<p>En \u00e9volution permanente, ce site pr\u00e9sente 89 esp\u00e8ces de libellules en France. Il montre les m\u00e2les et les femelles, \u00e0 tous \u00e2ges, les comportements de ponte, d&rsquo;accouplement, la pr\u00e9dation par les odonates ou sur les odonates. Il d\u00e9taille le cycle de vie des libellules, depuis la ponte jusqu&rsquo;\u00e0 l&rsquo;\u00e9mergence, l&rsquo;\u00e9volution des immatures, la maturation, jusqu&rsquo;\u00e0 [&hellip;]<\/p>\n","protected":false},"author":1,"featured_media":0,"parent":0,"menu_order":0,"comment_status":"closed","ping_status":"closed","template":"","meta":{"site-sidebar-layout":"right-sidebar","site-content-layout":"plain-container","ast-site-content-layout":"default","site-content-style":"unboxed","site-sidebar-style":"unboxed","ast-global-header-display":"","ast-banner-title-visibility":"","ast-main-header-display":"","ast-hfb-above-header-display":"","ast-hfb-below-header-display":"","ast-hfb-mobile-header-display":"","site-post-title":"","ast-breadcrumbs-content":"","ast-featured-img":"","footer-sml-layout":"","ast-disable-related-posts":"","theme-transparent-header-meta":"default","adv-header-id-meta":"","stick-header-meta":"","header-above-stick-meta":"","header-main-stick-meta":"","header-below-stick-meta":"","astra-migrate-meta-layouts":"set","ast-page-background-enabled":"default","ast-page-background-meta":{"desktop":{"background-color":"var(--ast-global-color-4)","background-image":"","background-repeat":"repeat","background-position":"center center","background-size":"auto","background-attachment":"scroll","background-type":"","background-media":"","overlay-type":"","overlay-color":"","overlay-opacity":"","overlay-gradient":""},"tablet":{"background-color":"","background-image":"","background-repeat":"repeat","background-position":"center center","background-size":"auto","background-attachment":"scroll","background-type":"","background-media":"","overlay-type":"","overlay-color":"","overlay-opacity":"","overlay-gradient":""},"mobile":{"background-color":"","background-image":"","background-repeat":"repeat","background-position":"center center","background-size":"auto","background-attachment":"scroll","background-type":"","background-media":"","overlay-type":"","overlay-color":"","overlay-opacity":"","overlay-gradient":""}},"ast-content-background-meta":{"desktop":{"background-color":"var(--ast-global-color-5)","background-image":"","background-repeat":"repeat","background-position":"center center","background-size":"auto","background-attachment":"scroll","background-type":"","background-media":"","overlay-type":"","overlay-color":"","overlay-opacity":"","overlay-gradient":""},"tablet":{"background-color":"var(--ast-global-color-5)","background-image":"","background-repeat":"repeat","background-position":"center center","background-size":"auto","background-attachment":"scroll","background-type":"","background-media":"","overlay-type":"","overlay-color":"","overlay-opacity":"","overlay-gradient":""},"mobile":{"background-color":"var(--ast-global-color-5)","background-image":"","background-repeat":"repeat","background-position":"center center","background-size":"auto","background-attachment":"scroll","background-type":"","background-media":"","overlay-type":"","overlay-color":"","overlay-opacity":"","overlay-gradient":""}},"footnotes":""},"class_list":["post-164","page","type-page","status-publish","hentry"],"yoast_head":"<!-- This site is optimized with the Yoast SEO plugin v27.5 - https:\/\/yoast.com\/product\/yoast-seo-wordpress\/ -->\n<title>Libellules -<\/title>\n<meta name=\"description\" content=\"Les libellules de France et de nombreux pays exotiques, d\u00e9tails d&#039;identification, habitat, taille, description, distribution g\u00e9ographique\" \/>\n<meta name=\"robots\" content=\"index, follow, max-snippet:-1, max-image-preview:large, max-video-preview:-1\" \/>\n<link rel=\"canonical\" href=\"https:\/\/www.meslibellules.fr\/blog\/\" \/>\n<meta property=\"og:locale\" content=\"fr_FR\" \/>\n<meta property=\"og:type\" content=\"article\" \/>\n<meta property=\"og:title\" content=\"Libellules -\" \/>\n<meta property=\"og:description\" content=\"Les libellules de France et de nombreux pays exotiques, d\u00e9tails d&#039;identification, habitat, taille, description, distribution g\u00e9ographique\" \/>\n<meta property=\"og:url\" content=\"https:\/\/www.meslibellules.fr\/blog\/\" \/>\n<meta property=\"og:site_name\" content=\"Mes Libellules\" \/>\n<meta property=\"article:publisher\" content=\"https:\/\/www.facebook.com\/benoit.guillon.96\/\" \/>\n<meta property=\"article:modified_time\" content=\"2026-05-01T07:40:55+00:00\" \/>\n<meta name=\"twitter:card\" content=\"summary_large_image\" \/>\n<meta name=\"twitter:label1\" content=\"Dur\u00e9e de lecture estim\u00e9e\" \/>\n\t<meta name=\"twitter:data1\" content=\"2 minutes\" \/>\n<script type=\"application\/ld+json\" class=\"yoast-schema-graph\">{\"@context\":\"https:\\\/\\\/schema.org\",\"@graph\":[{\"@type\":\"WebPage\",\"@id\":\"https:\\\/\\\/www.meslibellules.fr\\\/blog\\\/\",\"url\":\"https:\\\/\\\/www.meslibellules.fr\\\/blog\\\/\",\"name\":\"Libellules -\",\"isPartOf\":{\"@id\":\"https:\\\/\\\/www.meslibellules.fr\\\/blog\\\/#website\"},\"datePublished\":\"2018-08-31T20:11:13+00:00\",\"dateModified\":\"2026-05-01T07:40:55+00:00\",\"description\":\"Les libellules de France et de nombreux pays exotiques, d\u00e9tails d'identification, habitat, taille, description, distribution g\u00e9ographique\",\"breadcrumb\":{\"@id\":\"https:\\\/\\\/www.meslibellules.fr\\\/blog\\\/#breadcrumb\"},\"inLanguage\":\"fr-FR\",\"potentialAction\":[{\"@type\":\"ReadAction\",\"target\":[\"https:\\\/\\\/www.meslibellules.fr\\\/blog\\\/\"]}]},{\"@type\":\"BreadcrumbList\",\"@id\":\"https:\\\/\\\/www.meslibellules.fr\\\/blog\\\/#breadcrumb\",\"itemListElement\":[{\"@type\":\"ListItem\",\"position\":1,\"name\":\"Accueil\",\"item\":\"https:\\\/\\\/www.meslibellules.fr\\\/blog\\\/\"},{\"@type\":\"ListItem\",\"position\":2,\"name\":\"Mes Libellules\"}]},{\"@type\":\"WebSite\",\"@id\":\"https:\\\/\\\/www.meslibellules.fr\\\/blog\\\/#website\",\"url\":\"https:\\\/\\\/www.meslibellules.fr\\\/blog\\\/\",\"name\":\"Mes Libellules\",\"description\":\"Pr\u00e9sentation des libellules rencontr\u00e9es dans le monde\",\"publisher\":{\"@id\":\"https:\\\/\\\/www.meslibellules.fr\\\/blog\\\/#\\\/schema\\\/person\\\/9aa3586f9dd053fcf329f43b8b053c77\"},\"potentialAction\":[{\"@type\":\"SearchAction\",\"target\":{\"@type\":\"EntryPoint\",\"urlTemplate\":\"https:\\\/\\\/www.meslibellules.fr\\\/blog\\\/?s={search_term_string}\"},\"query-input\":{\"@type\":\"PropertyValueSpecification\",\"valueRequired\":true,\"valueName\":\"search_term_string\"}}],\"inLanguage\":\"fr-FR\"},{\"@type\":[\"Person\",\"Organization\"],\"@id\":\"https:\\\/\\\/www.meslibellules.fr\\\/blog\\\/#\\\/schema\\\/person\\\/9aa3586f9dd053fcf329f43b8b053c77\",\"name\":\"Beno\u00eet Guillon\",\"image\":{\"@type\":\"ImageObject\",\"inLanguage\":\"fr-FR\",\"@id\":\"https:\\\/\\\/www.meslibellules.fr\\\/blog\\\/wp-content\\\/uploads\\\/cropped-avatar-150-pix.jpg\",\"url\":\"https:\\\/\\\/www.meslibellules.fr\\\/blog\\\/wp-content\\\/uploads\\\/cropped-avatar-150-pix.jpg\",\"contentUrl\":\"https:\\\/\\\/www.meslibellules.fr\\\/blog\\\/wp-content\\\/uploads\\\/cropped-avatar-150-pix.jpg\",\"width\":150,\"height\":137,\"caption\":\"Beno\u00eet Guillon\"},\"logo\":{\"@id\":\"https:\\\/\\\/www.meslibellules.fr\\\/blog\\\/wp-content\\\/uploads\\\/cropped-avatar-150-pix.jpg\"},\"sameAs\":[\"https:\\\/\\\/www.facebook.com\\\/benoit.guillon.96\\\/\"]}]}<\/script>\n<!-- \/ Yoast SEO plugin. -->","yoast_head_json":{"title":"Libellules -","description":"Les libellules de France et de nombreux pays exotiques, d\u00e9tails d'identification, habitat, taille, description, distribution g\u00e9ographique","robots":{"index":"index","follow":"follow","max-snippet":"max-snippet:-1","max-image-preview":"max-image-preview:large","max-video-preview":"max-video-preview:-1"},"canonical":"https:\/\/www.meslibellules.fr\/blog\/","og_locale":"fr_FR","og_type":"article","og_title":"Libellules -","og_description":"Les libellules de France et de nombreux pays exotiques, d\u00e9tails d'identification, habitat, taille, description, distribution g\u00e9ographique","og_url":"https:\/\/www.meslibellules.fr\/blog\/","og_site_name":"Mes Libellules","article_publisher":"https:\/\/www.facebook.com\/benoit.guillon.96\/","article_modified_time":"2026-05-01T07:40:55+00:00","twitter_card":"summary_large_image","twitter_misc":{"Dur\u00e9e de lecture estim\u00e9e":"2 minutes"},"schema":{"@context":"https:\/\/schema.org","@graph":[{"@type":"WebPage","@id":"https:\/\/www.meslibellules.fr\/blog\/","url":"https:\/\/www.meslibellules.fr\/blog\/","name":"Libellules -","isPartOf":{"@id":"https:\/\/www.meslibellules.fr\/blog\/#website"},"datePublished":"2018-08-31T20:11:13+00:00","dateModified":"2026-05-01T07:40:55+00:00","description":"Les libellules de France et de nombreux pays exotiques, d\u00e9tails d'identification, habitat, taille, description, distribution g\u00e9ographique","breadcrumb":{"@id":"https:\/\/www.meslibellules.fr\/blog\/#breadcrumb"},"inLanguage":"fr-FR","potentialAction":[{"@type":"ReadAction","target":["https:\/\/www.meslibellules.fr\/blog\/"]}]},{"@type":"BreadcrumbList","@id":"https:\/\/www.meslibellules.fr\/blog\/#breadcrumb","itemListElement":[{"@type":"ListItem","position":1,"name":"Accueil","item":"https:\/\/www.meslibellules.fr\/blog\/"},{"@type":"ListItem","position":2,"name":"Mes Libellules"}]},{"@type":"WebSite","@id":"https:\/\/www.meslibellules.fr\/blog\/#website","url":"https:\/\/www.meslibellules.fr\/blog\/","name":"Mes Libellules","description":"Pr\u00e9sentation des libellules rencontr\u00e9es dans le monde","publisher":{"@id":"https:\/\/www.meslibellules.fr\/blog\/#\/schema\/person\/9aa3586f9dd053fcf329f43b8b053c77"},"potentialAction":[{"@type":"SearchAction","target":{"@type":"EntryPoint","urlTemplate":"https:\/\/www.meslibellules.fr\/blog\/?s={search_term_string}"},"query-input":{"@type":"PropertyValueSpecification","valueRequired":true,"valueName":"search_term_string"}}],"inLanguage":"fr-FR"},{"@type":["Person","Organization"],"@id":"https:\/\/www.meslibellules.fr\/blog\/#\/schema\/person\/9aa3586f9dd053fcf329f43b8b053c77","name":"Beno\u00eet Guillon","image":{"@type":"ImageObject","inLanguage":"fr-FR","@id":"https:\/\/www.meslibellules.fr\/blog\/wp-content\/uploads\/cropped-avatar-150-pix.jpg","url":"https:\/\/www.meslibellules.fr\/blog\/wp-content\/uploads\/cropped-avatar-150-pix.jpg","contentUrl":"https:\/\/www.meslibellules.fr\/blog\/wp-content\/uploads\/cropped-avatar-150-pix.jpg","width":150,"height":137,"caption":"Beno\u00eet Guillon"},"logo":{"@id":"https:\/\/www.meslibellules.fr\/blog\/wp-content\/uploads\/cropped-avatar-150-pix.jpg"},"sameAs":["https:\/\/www.facebook.com\/benoit.guillon.96\/"]}]}},"_links":{"self":[{"href":"https:\/\/www.meslibellules.fr\/blog\/wp-json\/wp\/v2\/pages\/164","targetHints":{"allow":["GET"]}}],"collection":[{"href":"https:\/\/www.meslibellules.fr\/blog\/wp-json\/wp\/v2\/pages"}],"about":[{"href":"https:\/\/www.meslibellules.fr\/blog\/wp-json\/wp\/v2\/types\/page"}],"author":[{"embeddable":true,"href":"https:\/\/www.meslibellules.fr\/blog\/wp-json\/wp\/v2\/users\/1"}],"replies":[{"embeddable":true,"href":"https:\/\/www.meslibellules.fr\/blog\/wp-json\/wp\/v2\/comments?post=164"}],"version-history":[{"count":16,"href":"https:\/\/www.meslibellules.fr\/blog\/wp-json\/wp\/v2\/pages\/164\/revisions"}],"predecessor-version":[{"id":29152,"href":"https:\/\/www.meslibellules.fr\/blog\/wp-json\/wp\/v2\/pages\/164\/revisions\/29152"}],"wp:attachment":[{"href":"https:\/\/www.meslibellules.fr\/blog\/wp-json\/wp\/v2\/media?parent=164"}],"curies":[{"name":"wp","href":"https:\/\/api.w.org\/{rel}","templated":true}]}}