{"id":17875,"date":"2024-01-15T18:31:43","date_gmt":"2024-01-15T17:31:43","guid":{"rendered":"https:\/\/www.meslibellules.fr\/blog\/?page_id=17875"},"modified":"2024-01-15T18:31:43","modified_gmt":"2024-01-15T17:31:43","slug":"sympetrum-fonscolombii","status":"publish","type":"page","link":"https:\/\/www.meslibellules.fr\/blog\/sympetrum-fonscolombii\/","title":{"rendered":"Sympetrum fonscolombii (Selys, 1840)"},"content":{"rendered":"\n<figure class=\"wp-block-image aligncenter size-full is-resized\"><a href=\"https:\/\/www.meslibellules.fr\/blog\/wp-content\/uploads\/Sympetrum-fonscolombii-male-accueil.webp\"><img decoding=\"async\" width=\"1972\" height=\"1204\" data-src=\"https:\/\/www.meslibellules.fr\/blog\/wp-content\/uploads\/Sympetrum-fonscolombii-male-accueil.webp\" alt=\"Sympetrum fonscolombii m\u00e2le, \u00c9tang de P\u00e9ronne (F-49), 24\/05\/2020\" class=\"wp-image-17876 lazyload\" style=\"--smush-placeholder-width: 1972px; --smush-placeholder-aspect-ratio: 1972\/1204;width:566px;height:auto\" data-srcset=\"https:\/\/www.meslibellules.fr\/blog\/wp-content\/uploads\/Sympetrum-fonscolombii-male-accueil.webp 1972w, https:\/\/www.meslibellules.fr\/blog\/wp-content\/uploads\/Sympetrum-fonscolombii-male-accueil-768x469.webp 768w, https:\/\/www.meslibellules.fr\/blog\/wp-content\/uploads\/Sympetrum-fonscolombii-male-accueil-1536x938.webp 1536w\" data-sizes=\"(max-width: 1972px) 100vw, 1972px\" src=\"data:image\/svg+xml;base64,PHN2ZyB3aWR0aD0iMSIgaGVpZ2h0PSIxIiB4bWxucz0iaHR0cDovL3d3dy53My5vcmcvMjAwMC9zdmciPjwvc3ZnPg==\" \/><\/a><figcaption class=\"wp-element-caption\">Sympetrum fonscolombii m\u00e2le, \u00c9tang de P\u00e9ronne (F-49), 24\/05\/2020<\/figcaption><\/figure>\n\n\n\n<p>Sympetrum fonscolombii, le Symp\u00e9trum de Fonscolombe ou Symp\u00e9trum \u00e0 nervures rouges, est un Libellulidae migrateur et vagabond, qui peut \u00eatre commun un jour sur un plan d&rsquo;eau, totalement absent le lendemain. On peut le voir immature en nombre sur un \u00e9tang et ne plus le trouver du tout quelques jours plus tard.<\/p>\n\n\n\n<h5><span style=\"text-decoration: underline;\">Description \u2013 Identification<\/span><\/h5>\n\n\n\n<p>Les <strong>m\u00e2les<\/strong> matures sont rouges ; la face est rouge avec une forte ligne noire le long des yeux, yeux qui sont bleus dans leur partie post\u00e9ro-inf\u00e9rieure. Le thorax est rouge marqu\u00e9 d&rsquo;une bande jaune m\u00e9diane<em> <\/em>qui s&rsquo;att\u00e9nue avec l&rsquo;\u00e2ge, l&rsquo;abdomen rouge brillant porte de fortes marques noires bien d\u00e9limit\u00e9es sur les segments 8 et 9. Les pattes sont noires, brillantes, avec une ligne jaune post\u00e9rieure bien d\u00e9finie. Les ailes portent une tache alaire basale ambr\u00e9e parfois tr\u00e8s discr\u00e8te, la nervation, \u00e0 la base de l&rsquo;aile et le long de la nervure costale, est rouge. La marge des pt\u00e9rostigmas jaunes est soulign\u00e9e de noire en signe \u00ab\u00a0=\u00a0\u00bb. Il mesure 33 \u00e0 42 mm avec une aile post\u00e9rieure de 32 mm.<br>On peut le confondre avec nos Libellulidae rouges, mais les crit\u00e8res distinctifs sont nombreux : S. sanguineum a les pattes noires, S. striolatum ne pr\u00e9sente pas de nervures rouges ni de larme noire le long de l&rsquo;\u0153il, S. meridionale a les pattes surtout jaunes et pas de marque noire sur les derniers segments, C. erythraea montre des pattes rouges, pas de noir sur la face et un abdomen nettement plus large. Voir ici : <a href=\"https:\/\/www.meslibellules.fr\/blog\/2022\/08\/14\/identifier-les-sympetrum-males-en-france\/\">Identifier les Sympetrum m\u00e2les<\/a>.<\/p>\n\n\n\n<figure class=\"wp-block-image aligncenter size-full is-resized\"><a href=\"https:\/\/www.meslibellules.fr\/blog\/wp-content\/uploads\/Sympetrum-fonscolombii-femelle-accueil.webp\"><img decoding=\"async\" width=\"1832\" height=\"1204\" data-src=\"https:\/\/www.meslibellules.fr\/blog\/wp-content\/uploads\/Sympetrum-fonscolombii-femelle-accueil.webp\" alt=\"Sympetrum fonscolombii femelle, Saint Philbert du Peuple (F-49), 28\/05\/2023\" class=\"wp-image-17878 lazyload\" style=\"--smush-placeholder-width: 1832px; --smush-placeholder-aspect-ratio: 1832\/1204;width:566px\" data-srcset=\"https:\/\/www.meslibellules.fr\/blog\/wp-content\/uploads\/Sympetrum-fonscolombii-femelle-accueil.webp 1832w, https:\/\/www.meslibellules.fr\/blog\/wp-content\/uploads\/Sympetrum-fonscolombii-femelle-accueil-768x505.webp 768w, https:\/\/www.meslibellules.fr\/blog\/wp-content\/uploads\/Sympetrum-fonscolombii-femelle-accueil-1536x1009.webp 1536w\" data-sizes=\"(max-width: 1832px) 100vw, 1832px\" src=\"data:image\/svg+xml;base64,PHN2ZyB3aWR0aD0iMSIgaGVpZ2h0PSIxIiB4bWxucz0iaHR0cDovL3d3dy53My5vcmcvMjAwMC9zdmciPjwvc3ZnPg==\" \/><\/a><figcaption class=\"wp-element-caption\">Sympetrum fonscolombii femelle, Saint Philbert-du-Peuple (F-49), 28\/05\/2023<\/figcaption><\/figure>\n\n\n\n<p>Les femelles sont jaunes et deviennent <a href=\"https:\/\/www.meslibellules.fr\/blog\/wp-content\/uploads\/sympetrum-fonscolombii-femelle-g7.jpg\">parfois rouges<\/a> en vieillissant, mais elles ont la face claire, des larmes noires le long des yeux dont la base post\u00e9rieure est bleue, comme les m\u00e2les. Le thorax est jaune ocr\u00e9, les pattes noir brillant marqu\u00e9es d&rsquo;une ligne jaune post\u00e9rieure. Les nervures ant\u00e9rieures des ailes sont beaucoup moins (ou pas) color\u00e9es, les pt\u00e9rostigmas ont des marges noires plus faibles. La face inf\u00e9rieure de l&rsquo;abdomen reste jaune, sa face dorsale jaune ocr\u00e9e ou rouge terne, les marques noires sont pr\u00e9sentes sur S8 et S9. Il est difficile de la confondre avec une autre femelle Libellulidae.<\/p>\n\n\n\n<h5><span style=\"text-decoration: underline;\">Habitat et distribution g\u00e9ographique<\/span><\/h5>\n\n\n\n<p>Bien qu&rsquo;en principe, on puisse trouver Sympetrum fonscolombii sur tout type d&rsquo;eaux stagnantes (et m\u00eame tr\u00e8s faiblement courantes) en raison de sa facult\u00e9 de dispersion, il pr\u00e9f\u00e8re les milieux lentiques de plaine, ensoleill\u00e9s, mais souvent tr\u00e8s peu v\u00e9g\u00e9talis\u00e9s ou tr\u00e8s r\u00e9cents (carri\u00e8res), m\u00eame saum\u00e2tres, et il est commun pr\u00e8s des c\u00f4tes M\u00e9diterran\u00e9enne ou Atlantique, jusqu&rsquo;aux mares sur les dunes.<br><br>En France, on le rencontre dans tous les d\u00e9partements, avec une nette pr\u00e9dominance le long de la c\u00f4te Atlantique et le sud.<br><a href=\"https:\/\/atlas-odonates.insectes.org\/odonates-de-france\/sympetrum-fonscolombii\">Atlas dynamique des Odonates de France<\/a><br>Sur le plan mondial, son aire de distribution est gigantesque, du sud de la Grande-Bretagne et de la Scandinavie \u00e0 l&rsquo;Afrique du Sud, puis de la moiti\u00e9 sud de la Russie et de l&rsquo;Asie Centrale, \u00e0 travers la Turquie, l&rsquo;Iran jusqu&rsquo;en Inde et au N\u00e9pal. Sa r\u00e9partition comporte n\u00e9anmoins d&rsquo;importantes lacunes, notamment dans l&rsquo;est de l&rsquo;Afrique, l&rsquo;Asie du Sud-Est et la Chine puisqu&rsquo;il atteint le Japon !<br>Il est d\u00e9montr\u00e9 que l&rsquo;esp\u00e8ce s&rsquo;\u00e9tend vers le nord et le r\u00f4le du r\u00e9chauffement global est certainement primordial.<br><a href=\"https:\/\/www.iucnredlist.org\/species\/60038\/17538409\">IUCN Red List<\/a><\/p>\n\n\n\n<figure class=\"wp-block-image aligncenter size-full is-resized\"><a href=\"https:\/\/www.meslibellules.fr\/blog\/wp-content\/uploads\/Sympetrum-fonscolombii-male-immature-accueil.webp\"><img decoding=\"async\" width=\"1675\" height=\"1204\" data-src=\"https:\/\/www.meslibellules.fr\/blog\/wp-content\/uploads\/Sympetrum-fonscolombii-male-immature-accueil.webp\" alt=\"Sympetrum fonscolombii m\u00e2le immature, Le Puiset Dor\u00e9 (F-49), 11\/08\/2021\" class=\"wp-image-17888 lazyload\" style=\"--smush-placeholder-width: 1675px; --smush-placeholder-aspect-ratio: 1675\/1204;width:556px\" data-srcset=\"https:\/\/www.meslibellules.fr\/blog\/wp-content\/uploads\/Sympetrum-fonscolombii-male-immature-accueil.webp 1675w, https:\/\/www.meslibellules.fr\/blog\/wp-content\/uploads\/Sympetrum-fonscolombii-male-immature-accueil-768x552.webp 768w, https:\/\/www.meslibellules.fr\/blog\/wp-content\/uploads\/Sympetrum-fonscolombii-male-immature-accueil-1536x1104.webp 1536w\" data-sizes=\"(max-width: 1675px) 100vw, 1675px\" src=\"data:image\/svg+xml;base64,PHN2ZyB3aWR0aD0iMSIgaGVpZ2h0PSIxIiB4bWxucz0iaHR0cDovL3d3dy53My5vcmcvMjAwMC9zdmciPjwvc3ZnPg==\" \/><\/a><figcaption class=\"wp-element-caption\">Sympetrum fonscolombii m\u00e2le immature, Le Puiset Dor\u00e9 (F-49), 11\/08\/2021<\/figcaption><\/figure>\n\n\n\n<h5><span style=\"text-decoration: underline;\">Comportement \u2013 \u00c9cologie<\/span><\/h5>\n\n\n\n<p>Les accouplements se constituent en vol, se poursuivent pos\u00e9s et durent une quinzaine de minutes. La ponte s&rsquo;ensuit, g\u00e9n\u00e9ralement en couple o\u00f9 la femelle largue ses \u0153ufs en eau libre. Dans le sud, l&rsquo;\u00e9closion survient en 2 ou 3 semaines et la phase larvaire dure une douzaine de semaines ; plusieurs g\u00e9n\u00e9rations peuvent alors se succ\u00e9der, alors que plus au nord, les larves peuvent attendre l&rsquo;ann\u00e9e suivante pour \u00e9merger. <br>Le plus souvent, ils ne restent pas sur les sites d&rsquo;\u00e9mergence, et on peut les trouver \u00e0 distance de l&rsquo;eau. D&rsquo;\u00e9normes quantit\u00e9s de sujets peuvent \u00e9merger simultan\u00e9ment et d\u00e9clencher des migrations de dizaines de milliers ou de millions d&rsquo;individus.  On peut lire \u00e0 ce sujet \u00ab\u00a0Ph\u00e9nom\u00e8nes migratoires chez Sympetrum fonscolombii (Selys, 1840) dans les Alpes du Sud\u00a0\u00bb, par Fran\u00e7ois Breton. En France, en dehors de ces ph\u00e9nom\u00e8nes exceptionnels, il est tout de m\u00eame rarement rencontr\u00e9 en grand nombre.<br>Cette facult\u00e9 de dispersion fait que sur un m\u00eame site, on peut rencontrer des \u00e9mergences et des imagos vieillissants.<\/p>\n\n\n\n<h5><span style=\"text-decoration: underline;\">P\u00e9riode de Vol<\/span><\/h5>\n\n\n\n<p>En raison de sa biologie particuli\u00e8re, de l&rsquo;\u00e9talement des \u00e9mergences, la p\u00e9riode durant laquelle on peut le rencontrer, en France,  s&rsquo;\u00e9tend de fin mars \u00e0 fin novembre. Mais ces derni\u00e8res ann\u00e9es, avec en plus une pression d&rsquo;observation toujours plus forte, ces limites s&rsquo;\u00e9tendent et il n&rsquo;est pas rare, dans le sud, de consulter des enregistrements en d\u00e9cembre, d&rsquo;autres tout de m\u00eame exceptionnels en janvier.<br>Mais son pic d&rsquo;activit\u00e9 est tout de m\u00eame le plein \u00e9t\u00e9, juin, juillet et ao\u00fbt.<\/p>\n\n\n\n<h5><span style=\"text-decoration: underline;\">\u00c9tymologie<\/span><\/h5>\n\n\n\n<p><strong>Sympetrum<\/strong>, du grec\u00a0<em>Sym-pi\u00e9zein<\/em>, \u00ab\u00a0compress\u00e9\u00a0\u00bb et\u00a0<em>etron<\/em>, \u00ab\u00a0abdomen\u00a0\u00bb. Newmann (1833) qui a cr\u00e9\u00e9 le genre croyait, de fa\u00e7on erron\u00e9e, que l&rsquo;abdomen <em>compress\u00e9<\/em> une caract\u00e9ristique du genre, ce qui est \u00e9tonnant, car ce n\u2019\u00e9tait d\u00e9j\u00e0 pas vrai pour toutes les esp\u00e8ces connues \u00e0 l\u2019\u00e9poque.<br><strong>Fonscolombii<\/strong> est un hommage de Selys \u00e0 l&rsquo;entomologiste fran\u00e7ais Boyer de Fonscolombe.<\/p>\n\n\n\n<div style=\"height:59px\" aria-hidden=\"true\" class=\"wp-block-spacer\"><\/div>\n\n\n\n<div class=\"wp-block-buttons is-layout-flex wp-block-buttons-is-layout-flex\">\n<div class=\"wp-block-button\"><a class=\"wp-block-button__link wp-element-button\" href=\"http:\/\/www.meslibellules.fr\/pagesweb\/libellulidae\/sympetrum\/sympetrumfonscolombii\/sympetrum-fonscolombii-male-emergence-1.php\">\u00c9mergence m\u00e2le immature<\/a><\/div>\n\n\n\n<div class=\"wp-block-button\"><a class=\"wp-block-button__link wp-element-button\" href=\"http:\/\/www.meslibellules.fr\/pagesweb\/libellulidae\/sympetrum\/sympetrumfonscolombii\/fonscolomb_male1.php\">M\u00e2le immature<\/a><\/div>\n\n\n\n<div class=\"wp-block-button\"><a class=\"wp-block-button__link wp-element-button\" href=\"http:\/\/www.meslibellules.fr\/pagesweb\/libellulidae\/sympetrum\/sympetrumfonscolombii\/sympetrum-fonscolombii-male-jeune-1.php\">M\u00e2le jeune<\/a><\/div>\n\n\n\n<div class=\"wp-block-button\"><a class=\"wp-block-button__link wp-element-button\" href=\"http:\/\/www.meslibellules.fr\/pagesweb\/libellulidae\/sympetrum\/sympetrumfonscolombii\/sympetrum-fonscolombii-male-1.php\">M\u00e2le<\/a><\/div>\n\n\n\n\n\n<div class=\"wp-block-button\"><a class=\"wp-block-button__link wp-element-button\" href=\"http:\/\/www.meslibellules.fr\/pagesweb\/libellulidae\/sympetrum\/sympetrumfonscolombii\/foncolomb_femelle1.php\">Femelle immature<\/a><\/div>\n\n\n\n<div class=\"wp-block-button\"><a class=\"wp-block-button__link wp-element-button\" href=\"http:\/\/www.meslibellules.fr\/pagesweb\/libellulidae\/sympetrum\/sympetrumfonscolombii\/fons_femelmat1.php\">Femelle <\/a><\/div>\n\n\n\n<div class=\"wp-block-button\"><a class=\"wp-block-button__link wp-element-button\" href=\"http:\/\/www.meslibellules.fr\/pagesweb\/libellulidae\/sympetrum\/sympetrumfonscolombii\/sympetrum-fonscolombii-accouplement-1.php\">Accouplement<\/a><\/div>\n\n\n\n<div class=\"wp-block-button\"><a class=\"wp-block-button__link wp-element-button\" href=\"http:\/\/www.meslibellules.fr\/pagesweb\/libellulidae\/sympetrum\/sympetrumfonscolombii\/sympetrum-fonscolombii-predation-1.php\">Pr\u00e9dation <\/a><\/div>\n\n\n\n<div class=\"wp-block-button\"><a class=\"wp-block-button__link wp-element-button\" href=\"https:\/\/www.meslibellules.fr\/blog\/2022\/02\/08\/sympetrum-fonscolombii-galerie-2\/\">Galerie<\/a><\/div>\n<\/div>\n","protected":false},"excerpt":{"rendered":"<p>Sympetrum fonscolombii, le Symp\u00e9trum de Fonscolombe ou Symp\u00e9trum \u00e0 nervures rouges, est un Libellulidae migrateur et vagabond, qui peut \u00eatre commun un jour sur un plan d&rsquo;eau, totalement absent le lendemain. On peut le voir immature en nombre sur un \u00e9tang et ne plus le trouver du tout quelques jours plus tard. Description \u2013 Identification [&hellip;]<\/p>\n","protected":false},"author":1,"featured_media":0,"parent":0,"menu_order":0,"comment_status":"closed","ping_status":"closed","template":"","meta":{"site-sidebar-layout":"default","site-content-layout":"","ast-site-content-layout":"default","site-content-style":"default","site-sidebar-style":"default","ast-global-header-display":"","ast-banner-title-visibility":"","ast-main-header-display":"","ast-hfb-above-header-display":"","ast-hfb-below-header-display":"","ast-hfb-mobile-header-display":"","site-post-title":"","ast-breadcrumbs-content":"","ast-featured-img":"","footer-sml-layout":"","ast-disable-related-posts":"","theme-transparent-header-meta":"","adv-header-id-meta":"","stick-header-meta":"","header-above-stick-meta":"","header-main-stick-meta":"","header-below-stick-meta":"","astra-migrate-meta-layouts":"set","ast-page-background-enabled":"default","ast-page-background-meta":{"desktop":{"background-color":"var(--ast-global-color-4)","background-image":"","background-repeat":"repeat","background-position":"center center","background-size":"auto","background-attachment":"scroll","background-type":"","background-media":"","overlay-type":"","overlay-color":"","overlay-opacity":"","overlay-gradient":""},"tablet":{"background-color":"","background-image":"","background-repeat":"repeat","background-position":"center center","background-size":"auto","background-attachment":"scroll","background-type":"","background-media":"","overlay-type":"","overlay-color":"","overlay-opacity":"","overlay-gradient":""},"mobile":{"background-color":"","background-image":"","background-repeat":"repeat","background-position":"center center","background-size":"auto","background-attachment":"scroll","background-type":"","background-media":"","overlay-type":"","overlay-color":"","overlay-opacity":"","overlay-gradient":""}},"ast-content-background-meta":{"desktop":{"background-color":"var(--ast-global-color-5)","background-image":"","background-repeat":"repeat","background-position":"center center","background-size":"auto","background-attachment":"scroll","background-type":"","background-media":"","overlay-type":"","overlay-color":"","overlay-opacity":"","overlay-gradient":""},"tablet":{"background-color":"var(--ast-global-color-5)","background-image":"","background-repeat":"repeat","background-position":"center center","background-size":"auto","background-attachment":"scroll","background-type":"","background-media":"","overlay-type":"","overlay-color":"","overlay-opacity":"","overlay-gradient":""},"mobile":{"background-color":"var(--ast-global-color-5)","background-image":"","background-repeat":"repeat","background-position":"center center","background-size":"auto","background-attachment":"scroll","background-type":"","background-media":"","overlay-type":"","overlay-color":"","overlay-opacity":"","overlay-gradient":""}},"footnotes":""},"class_list":["post-17875","page","type-page","status-publish","hentry"],"yoast_head":"<!-- This site is optimized with the Yoast SEO plugin v27.4 - https:\/\/yoast.com\/product\/yoast-seo-wordpress\/ -->\n<title>Sympetrum fonscolombii - Mes Libellules<\/title>\n<meta name=\"description\" content=\"Sympetrum fonscolombii, pr\u00e9sentation de l&#039;esp\u00e8ce, description, identification, taille, habitat, distribution g\u00e9ographique, \u00e9tymologie\" \/>\n<meta name=\"robots\" content=\"index, follow, max-snippet:-1, max-image-preview:large, max-video-preview:-1\" \/>\n<link rel=\"canonical\" href=\"https:\/\/www.meslibellules.fr\/blog\/sympetrum-fonscolombii\/\" \/>\n<meta property=\"og:locale\" content=\"fr_FR\" \/>\n<meta property=\"og:type\" content=\"article\" \/>\n<meta property=\"og:title\" content=\"Sympetrum fonscolombii - Mes Libellules\" \/>\n<meta property=\"og:description\" content=\"Sympetrum fonscolombii, pr\u00e9sentation de l&#039;esp\u00e8ce, description, identification, taille, habitat, distribution g\u00e9ographique, \u00e9tymologie\" \/>\n<meta property=\"og:url\" content=\"https:\/\/www.meslibellules.fr\/blog\/sympetrum-fonscolombii\/\" \/>\n<meta property=\"og:site_name\" content=\"Mes Libellules\" \/>\n<meta property=\"article:publisher\" content=\"https:\/\/www.facebook.com\/benoit.guillon.96\/\" \/>\n<meta property=\"og:image\" content=\"https:\/\/www.meslibellules.fr\/blog\/wp-content\/uploads\/Sympetrum-fonscolombii-male-accueil.webp\" \/>\n<meta name=\"twitter:card\" content=\"summary_large_image\" \/>\n<meta name=\"twitter:label1\" content=\"Dur\u00e9e de lecture estim\u00e9e\" \/>\n\t<meta name=\"twitter:data1\" content=\"6 minutes\" \/>\n<script type=\"application\/ld+json\" class=\"yoast-schema-graph\">{\"@context\":\"https:\\\/\\\/schema.org\",\"@graph\":[{\"@type\":\"WebPage\",\"@id\":\"https:\\\/\\\/www.meslibellules.fr\\\/blog\\\/sympetrum-fonscolombii\\\/\",\"url\":\"https:\\\/\\\/www.meslibellules.fr\\\/blog\\\/sympetrum-fonscolombii\\\/\",\"name\":\"Sympetrum fonscolombii - Mes Libellules\",\"isPartOf\":{\"@id\":\"https:\\\/\\\/www.meslibellules.fr\\\/blog\\\/#website\"},\"primaryImageOfPage\":{\"@id\":\"https:\\\/\\\/www.meslibellules.fr\\\/blog\\\/sympetrum-fonscolombii\\\/#primaryimage\"},\"image\":{\"@id\":\"https:\\\/\\\/www.meslibellules.fr\\\/blog\\\/sympetrum-fonscolombii\\\/#primaryimage\"},\"thumbnailUrl\":\"https:\\\/\\\/www.meslibellules.fr\\\/blog\\\/wp-content\\\/uploads\\\/Sympetrum-fonscolombii-male-accueil.webp\",\"datePublished\":\"2024-01-15T17:31:43+00:00\",\"description\":\"Sympetrum fonscolombii, pr\u00e9sentation de l'esp\u00e8ce, description, identification, taille, habitat, distribution g\u00e9ographique, \u00e9tymologie\",\"breadcrumb\":{\"@id\":\"https:\\\/\\\/www.meslibellules.fr\\\/blog\\\/sympetrum-fonscolombii\\\/#breadcrumb\"},\"inLanguage\":\"fr-FR\",\"potentialAction\":[{\"@type\":\"ReadAction\",\"target\":[\"https:\\\/\\\/www.meslibellules.fr\\\/blog\\\/sympetrum-fonscolombii\\\/\"]}]},{\"@type\":\"ImageObject\",\"inLanguage\":\"fr-FR\",\"@id\":\"https:\\\/\\\/www.meslibellules.fr\\\/blog\\\/sympetrum-fonscolombii\\\/#primaryimage\",\"url\":\"https:\\\/\\\/www.meslibellules.fr\\\/blog\\\/wp-content\\\/uploads\\\/Sympetrum-fonscolombii-male-accueil.webp\",\"contentUrl\":\"https:\\\/\\\/www.meslibellules.fr\\\/blog\\\/wp-content\\\/uploads\\\/Sympetrum-fonscolombii-male-accueil.webp\"},{\"@type\":\"BreadcrumbList\",\"@id\":\"https:\\\/\\\/www.meslibellules.fr\\\/blog\\\/sympetrum-fonscolombii\\\/#breadcrumb\",\"itemListElement\":[{\"@type\":\"ListItem\",\"position\":1,\"name\":\"Accueil\",\"item\":\"https:\\\/\\\/www.meslibellules.fr\\\/blog\\\/\"},{\"@type\":\"ListItem\",\"position\":2,\"name\":\"Sympetrum fonscolombii (Selys, 1840)\"}]},{\"@type\":\"WebSite\",\"@id\":\"https:\\\/\\\/www.meslibellules.fr\\\/blog\\\/#website\",\"url\":\"https:\\\/\\\/www.meslibellules.fr\\\/blog\\\/\",\"name\":\"Mes Libellules\",\"description\":\"Pr\u00e9sentation des libellules rencontr\u00e9es dans le monde\",\"publisher\":{\"@id\":\"https:\\\/\\\/www.meslibellules.fr\\\/blog\\\/#\\\/schema\\\/person\\\/9aa3586f9dd053fcf329f43b8b053c77\"},\"potentialAction\":[{\"@type\":\"SearchAction\",\"target\":{\"@type\":\"EntryPoint\",\"urlTemplate\":\"https:\\\/\\\/www.meslibellules.fr\\\/blog\\\/?s={search_term_string}\"},\"query-input\":{\"@type\":\"PropertyValueSpecification\",\"valueRequired\":true,\"valueName\":\"search_term_string\"}}],\"inLanguage\":\"fr-FR\"},{\"@type\":[\"Person\",\"Organization\"],\"@id\":\"https:\\\/\\\/www.meslibellules.fr\\\/blog\\\/#\\\/schema\\\/person\\\/9aa3586f9dd053fcf329f43b8b053c77\",\"name\":\"Beno\u00eet Guillon\",\"image\":{\"@type\":\"ImageObject\",\"inLanguage\":\"fr-FR\",\"@id\":\"https:\\\/\\\/www.meslibellules.fr\\\/blog\\\/wp-content\\\/uploads\\\/cropped-avatar-150-pix.jpg\",\"url\":\"https:\\\/\\\/www.meslibellules.fr\\\/blog\\\/wp-content\\\/uploads\\\/cropped-avatar-150-pix.jpg\",\"contentUrl\":\"https:\\\/\\\/www.meslibellules.fr\\\/blog\\\/wp-content\\\/uploads\\\/cropped-avatar-150-pix.jpg\",\"width\":150,\"height\":137,\"caption\":\"Beno\u00eet Guillon\"},\"logo\":{\"@id\":\"https:\\\/\\\/www.meslibellules.fr\\\/blog\\\/wp-content\\\/uploads\\\/cropped-avatar-150-pix.jpg\"},\"sameAs\":[\"https:\\\/\\\/www.facebook.com\\\/benoit.guillon.96\\\/\"]}]}<\/script>\n<!-- \/ Yoast SEO plugin. -->","yoast_head_json":{"title":"Sympetrum fonscolombii - Mes Libellules","description":"Sympetrum fonscolombii, pr\u00e9sentation de l'esp\u00e8ce, description, identification, taille, habitat, distribution g\u00e9ographique, \u00e9tymologie","robots":{"index":"index","follow":"follow","max-snippet":"max-snippet:-1","max-image-preview":"max-image-preview:large","max-video-preview":"max-video-preview:-1"},"canonical":"https:\/\/www.meslibellules.fr\/blog\/sympetrum-fonscolombii\/","og_locale":"fr_FR","og_type":"article","og_title":"Sympetrum fonscolombii - Mes Libellules","og_description":"Sympetrum fonscolombii, pr\u00e9sentation de l'esp\u00e8ce, description, identification, taille, habitat, distribution g\u00e9ographique, \u00e9tymologie","og_url":"https:\/\/www.meslibellules.fr\/blog\/sympetrum-fonscolombii\/","og_site_name":"Mes Libellules","article_publisher":"https:\/\/www.facebook.com\/benoit.guillon.96\/","og_image":[{"url":"https:\/\/www.meslibellules.fr\/blog\/wp-content\/uploads\/Sympetrum-fonscolombii-male-accueil.webp","type":"","width":"","height":""}],"twitter_card":"summary_large_image","twitter_misc":{"Dur\u00e9e de lecture estim\u00e9e":"6 minutes"},"schema":{"@context":"https:\/\/schema.org","@graph":[{"@type":"WebPage","@id":"https:\/\/www.meslibellules.fr\/blog\/sympetrum-fonscolombii\/","url":"https:\/\/www.meslibellules.fr\/blog\/sympetrum-fonscolombii\/","name":"Sympetrum fonscolombii - Mes Libellules","isPartOf":{"@id":"https:\/\/www.meslibellules.fr\/blog\/#website"},"primaryImageOfPage":{"@id":"https:\/\/www.meslibellules.fr\/blog\/sympetrum-fonscolombii\/#primaryimage"},"image":{"@id":"https:\/\/www.meslibellules.fr\/blog\/sympetrum-fonscolombii\/#primaryimage"},"thumbnailUrl":"https:\/\/www.meslibellules.fr\/blog\/wp-content\/uploads\/Sympetrum-fonscolombii-male-accueil.webp","datePublished":"2024-01-15T17:31:43+00:00","description":"Sympetrum fonscolombii, pr\u00e9sentation de l'esp\u00e8ce, description, identification, taille, habitat, distribution g\u00e9ographique, \u00e9tymologie","breadcrumb":{"@id":"https:\/\/www.meslibellules.fr\/blog\/sympetrum-fonscolombii\/#breadcrumb"},"inLanguage":"fr-FR","potentialAction":[{"@type":"ReadAction","target":["https:\/\/www.meslibellules.fr\/blog\/sympetrum-fonscolombii\/"]}]},{"@type":"ImageObject","inLanguage":"fr-FR","@id":"https:\/\/www.meslibellules.fr\/blog\/sympetrum-fonscolombii\/#primaryimage","url":"https:\/\/www.meslibellules.fr\/blog\/wp-content\/uploads\/Sympetrum-fonscolombii-male-accueil.webp","contentUrl":"https:\/\/www.meslibellules.fr\/blog\/wp-content\/uploads\/Sympetrum-fonscolombii-male-accueil.webp"},{"@type":"BreadcrumbList","@id":"https:\/\/www.meslibellules.fr\/blog\/sympetrum-fonscolombii\/#breadcrumb","itemListElement":[{"@type":"ListItem","position":1,"name":"Accueil","item":"https:\/\/www.meslibellules.fr\/blog\/"},{"@type":"ListItem","position":2,"name":"Sympetrum fonscolombii (Selys, 1840)"}]},{"@type":"WebSite","@id":"https:\/\/www.meslibellules.fr\/blog\/#website","url":"https:\/\/www.meslibellules.fr\/blog\/","name":"Mes Libellules","description":"Pr\u00e9sentation des libellules rencontr\u00e9es dans le monde","publisher":{"@id":"https:\/\/www.meslibellules.fr\/blog\/#\/schema\/person\/9aa3586f9dd053fcf329f43b8b053c77"},"potentialAction":[{"@type":"SearchAction","target":{"@type":"EntryPoint","urlTemplate":"https:\/\/www.meslibellules.fr\/blog\/?s={search_term_string}"},"query-input":{"@type":"PropertyValueSpecification","valueRequired":true,"valueName":"search_term_string"}}],"inLanguage":"fr-FR"},{"@type":["Person","Organization"],"@id":"https:\/\/www.meslibellules.fr\/blog\/#\/schema\/person\/9aa3586f9dd053fcf329f43b8b053c77","name":"Beno\u00eet Guillon","image":{"@type":"ImageObject","inLanguage":"fr-FR","@id":"https:\/\/www.meslibellules.fr\/blog\/wp-content\/uploads\/cropped-avatar-150-pix.jpg","url":"https:\/\/www.meslibellules.fr\/blog\/wp-content\/uploads\/cropped-avatar-150-pix.jpg","contentUrl":"https:\/\/www.meslibellules.fr\/blog\/wp-content\/uploads\/cropped-avatar-150-pix.jpg","width":150,"height":137,"caption":"Beno\u00eet Guillon"},"logo":{"@id":"https:\/\/www.meslibellules.fr\/blog\/wp-content\/uploads\/cropped-avatar-150-pix.jpg"},"sameAs":["https:\/\/www.facebook.com\/benoit.guillon.96\/"]}]}},"_links":{"self":[{"href":"https:\/\/www.meslibellules.fr\/blog\/wp-json\/wp\/v2\/pages\/17875","targetHints":{"allow":["GET"]}}],"collection":[{"href":"https:\/\/www.meslibellules.fr\/blog\/wp-json\/wp\/v2\/pages"}],"about":[{"href":"https:\/\/www.meslibellules.fr\/blog\/wp-json\/wp\/v2\/types\/page"}],"author":[{"embeddable":true,"href":"https:\/\/www.meslibellules.fr\/blog\/wp-json\/wp\/v2\/users\/1"}],"replies":[{"embeddable":true,"href":"https:\/\/www.meslibellules.fr\/blog\/wp-json\/wp\/v2\/comments?post=17875"}],"version-history":[{"count":0,"href":"https:\/\/www.meslibellules.fr\/blog\/wp-json\/wp\/v2\/pages\/17875\/revisions"}],"wp:attachment":[{"href":"https:\/\/www.meslibellules.fr\/blog\/wp-json\/wp\/v2\/media?parent=17875"}],"curies":[{"name":"wp","href":"https:\/\/api.w.org\/{rel}","templated":true}]}}