{"id":19009,"date":"2024-03-28T19:14:23","date_gmt":"2024-03-28T18:14:23","guid":{"rendered":"https:\/\/www.meslibellules.fr\/blog\/?page_id=19009"},"modified":"2024-03-28T19:14:24","modified_gmt":"2024-03-28T18:14:24","slug":"ceriagrion-tenellum","status":"publish","type":"page","link":"https:\/\/www.meslibellules.fr\/blog\/ceriagrion-tenellum\/","title":{"rendered":"Ceriagrion tenellum (Villers, 1789)"},"content":{"rendered":"\n<figure class=\"wp-block-image size-full is-resized\"><img decoding=\"async\" width=\"1903\" height=\"1204\" data-src=\"https:\/\/www.meslibellules.fr\/blog\/wp-content\/uploads\/Ceriagrion-tenellum-male-1.webp\" alt=\"Ceriagrion tenellum m\u00e2le , Saint R\u00e9my en Mauges (F-49), 08\/07\/2012\" class=\"wp-image-19005 lazyload\" style=\"--smush-placeholder-width: 1903px; --smush-placeholder-aspect-ratio: 1903\/1204;width:528px;height:auto\" data-srcset=\"https:\/\/www.meslibellules.fr\/blog\/wp-content\/uploads\/Ceriagrion-tenellum-male-1.webp 1903w, https:\/\/www.meslibellules.fr\/blog\/wp-content\/uploads\/Ceriagrion-tenellum-male-1-768x486.webp 768w, https:\/\/www.meslibellules.fr\/blog\/wp-content\/uploads\/Ceriagrion-tenellum-male-1-1536x972.webp 1536w\" data-sizes=\"(max-width: 1903px) 100vw, 1903px\" src=\"data:image\/svg+xml;base64,PHN2ZyB3aWR0aD0iMSIgaGVpZ2h0PSIxIiB4bWxucz0iaHR0cDovL3d3dy53My5vcmcvMjAwMC9zdmciPjwvc3ZnPg==\" \/><figcaption class=\"wp-element-caption\">Ceriagrion tenellum m\u00e2le , Saint R\u00e9my en Mauges (F-49), 08\/07\/2012<\/figcaption><\/figure>\n\n\n\n<p>Le Ceriagrion tenellum (Coenagrionidae) est un odonate discret qui passe plus de temps dans la v\u00e9g\u00e9tation qu&rsquo;en vol et est donc de ce fait assez difficile \u00e0 d\u00e9tecter.<\/p>\n\n\n\n<h5><span style=\"text-decoration: underline;\">Description &#8211; Identification<\/span><\/h5>\n\n\n\n<p>Les <strong>m\u00e2les<\/strong> arborent des yeux rouges, l&rsquo;abdomen et les pattes sont \u00e9galement rouges comme les pt\u00e9rostigmas, le thorax est cuivr\u00e9 ou bronz\u00e9 avec des parties inf\u00e9rieures moins m\u00e9tallis\u00e9es et plus claires.<br>Il est presque impossible de le confondre avec un autre odonate, en raison de sa petite taille, 25 \u00e0 35 mm et surtout de ses pattes rouges ; ce dernier d\u00e9tail permet \u00e0 coup s\u00fbr de le distinguer de <a href=\"https:\/\/www.meslibellules.fr\/blog\/wp-content\/uploads\/accueil-male.webp\">Pyrrhosoma nymphula<\/a> (33 \u00e0 36 mm) dont les pattes sont noires.<br>Les <strong>femelles<\/strong> existent sous plusieurs formes, comme souvent pour les Coenagrionidae ; l&rsquo;une est <a href=\"https:\/\/meslibellules.fr\/pagesweb\/divers\/glossaire.php\">androchrome<\/a>, avec un abdomen compl\u00e8tement rouge (forme <em>erythrogastrum<\/em>), les autres pr\u00e9sentent plus ou moins de noir sur l&rsquo;abdomen (forme <em>typica<\/em> et <em>melanogastrum<\/em>). Mais <em>elles ont toutes les pattes rouges<\/em>, ce qui les distingue des femelles P. nymphula qui pr\u00e9sentent, elles aussi, ces variations de coloration noire sur l&rsquo;abdomen.<\/p>\n\n\n\n<figure class=\"wp-block-image size-full is-resized\"><a href=\"https:\/\/www.meslibellules.fr\/blog\/wp-content\/uploads\/Ceriagrion-tenellum-femelle-1.webp\"><img decoding=\"async\" width=\"2339\" height=\"1204\" data-src=\"https:\/\/www.meslibellules.fr\/blog\/wp-content\/uploads\/Ceriagrion-tenellum-femelle-1.webp\" alt=\"Ceriagrion tenellum femelle typica, le Fuilet -(F-49), 01\/07\/2012\" class=\"wp-image-19016 lazyload\" style=\"--smush-placeholder-width: 2339px; --smush-placeholder-aspect-ratio: 2339\/1204;width:597px;height:auto\" data-srcset=\"https:\/\/www.meslibellules.fr\/blog\/wp-content\/uploads\/Ceriagrion-tenellum-femelle-1.webp 2339w, https:\/\/www.meslibellules.fr\/blog\/wp-content\/uploads\/Ceriagrion-tenellum-femelle-1-768x395.webp 768w, https:\/\/www.meslibellules.fr\/blog\/wp-content\/uploads\/Ceriagrion-tenellum-femelle-1-1536x791.webp 1536w, https:\/\/www.meslibellules.fr\/blog\/wp-content\/uploads\/Ceriagrion-tenellum-femelle-1-2048x1054.webp 2048w\" data-sizes=\"(max-width: 2339px) 100vw, 2339px\" src=\"data:image\/svg+xml;base64,PHN2ZyB3aWR0aD0iMSIgaGVpZ2h0PSIxIiB4bWxucz0iaHR0cDovL3d3dy53My5vcmcvMjAwMC9zdmciPjwvc3ZnPg==\" \/><\/a><figcaption class=\"wp-element-caption\">Ceriagrion tenellum femelle <em>typica<\/em>, le Fuilet -(F-49), 01\/07\/2012<\/figcaption><\/figure>\n\n\n\n<h5><span style=\"text-decoration: underline;\">Habitat et distribution g\u00e9ographique<\/span><\/h5>\n\n\n\n<p>Ils se plaisent sur les eaux dormantes ou tr\u00e8s faiblement courantes, acides ou calcaires, mais toujours bien entour\u00e9es de v\u00e9g\u00e9tation basse dans laquelle ils se plaisent \u00e0 bri\u00e8vement se d\u00e9placer. Dans le Maine-et-Loire, je ne les observe jamais qu&rsquo;autour des \u00e9tangs forestiers, fr\u00e9quemment d&rsquo;anciennes carri\u00e8res d&rsquo;argile.<br>En France, il est beaucoup plus commun dans l&rsquo;ouest et le sud-est, rare ou tr\u00e8s \u00e9parpill\u00e9 dans le nord-est.<br><a href=\"https:\/\/atlas-odonates.insectes.org\/odonates-de-france\/ceriagrion-tenellum\">Atlas Dynamique des Odonates de France<\/a><br>Sa distribution mondiale est limit\u00e9e \u00e0 l&rsquo;Europe du Sud-Ouest et au nord du Maroc, de l&rsquo;Alg\u00e9rie et de la Tunisie. Largement pr\u00e9sent en Espagne, Portugal, Italie et France, il atteint les c\u00f4tes sud de l&rsquo;Angleterre, la Belgique, la Hollande et le nord de l&rsquo;Allemagne. Il atteint la Cr\u00e8te, mais sa pr\u00e9sence se limite aux zones c\u00f4ti\u00e8res de la Croatie \u00e0 la Gr\u00e8ce, d\u00e9sertant l&rsquo;Europe Centrale.<br><a href=\"https:\/\/www.iucnredlist.org\/species\/165495\/75418578#geographic-range\">IUCN Red List<\/a><\/p>\n\n\n\n<h5><span style=\"text-decoration: underline;\">P\u00e9riode de vol<\/span><\/h5>\n\n\n\n<p>Si on le trouve dans le sud de son aire d&rsquo;avril \u00e0 septembre, il est bien s\u00fbr plus tardif dans le nord. Il appara\u00eet nettement plus tard que P. nymphula.<br>Mes observations personnelles s&rsquo;\u00e9tendent de mi-mai \u00e0 fin septembre, dans le Maine-et-Loire.<\/p>\n\n\n\n<figure class=\"wp-block-image size-full is-resized\"><a href=\"https:\/\/www.meslibellules.fr\/blog\/wp-content\/uploads\/Ceriagrion-tenellum-femelle-erythrogastrum.webp\"><img decoding=\"async\" width=\"2152\" height=\"1004\" data-src=\"https:\/\/www.meslibellules.fr\/blog\/wp-content\/uploads\/Ceriagrion-tenellum-femelle-erythrogastrum.webp\" alt=\"Ceriagrion tenellum femelle erythrogastrum, le Fuilet (F-49), 23\/06\/2011\" class=\"wp-image-19017 lazyload\" style=\"--smush-placeholder-width: 2152px; --smush-placeholder-aspect-ratio: 2152\/1004;width:619px;height:auto\" data-srcset=\"https:\/\/www.meslibellules.fr\/blog\/wp-content\/uploads\/Ceriagrion-tenellum-femelle-erythrogastrum.webp 2152w, https:\/\/www.meslibellules.fr\/blog\/wp-content\/uploads\/Ceriagrion-tenellum-femelle-erythrogastrum-768x358.webp 768w, https:\/\/www.meslibellules.fr\/blog\/wp-content\/uploads\/Ceriagrion-tenellum-femelle-erythrogastrum-1536x717.webp 1536w, https:\/\/www.meslibellules.fr\/blog\/wp-content\/uploads\/Ceriagrion-tenellum-femelle-erythrogastrum-2048x955.webp 2048w\" data-sizes=\"(max-width: 2152px) 100vw, 2152px\" src=\"data:image\/svg+xml;base64,PHN2ZyB3aWR0aD0iMSIgaGVpZ2h0PSIxIiB4bWxucz0iaHR0cDovL3d3dy53My5vcmcvMjAwMC9zdmciPjwvc3ZnPg==\" \/><\/a><figcaption class=\"wp-element-caption\">Ceriagrion tenellum femelle <em>erythrogastrum<\/em>, le Fuilet (F-49), 23\/06\/2011<\/figcaption><\/figure>\n\n\n\n<h5><span style=\"text-decoration: underline;\">Comportement \u2013 \u00c9cologie<\/span><\/h5>\n\n\n\n<p>L&rsquo;accouplement peut durer plusieurs heures, le temps pour le m\u00e2le de repousser le sperme des partenaires pr\u00e9c\u00e9dents afin de favoriser sa propre descendance. La ponte se fait en couple dans les v\u00e9g\u00e9taux en surface, les \u0153ufs \u00e9closent en 3 \u00e0 4 semaines et la phase larvaire s&rsquo;\u00e9tend sur une ou deux saisons, selon le climat.<br>On le voit peu voler, il s&rsquo;\u00e9carte tr\u00e8s peu de son lieu  de naissance et de reproduction.<br><\/p>\n\n\n\n<h5><span style=\"text-decoration: underline;\">\u00c9tymologie<\/span><\/h5>\n\n\n\n<p><strong>Ceriagrion<\/strong>, du latin cerinus &#8211; <em>cireux<\/em> (rappelle la coloration jaun\u00e2tre de la plupart des membres de la famille), et du grec Agrios &#8211; vivant dans les champs, sauvage.<br><strong>Tenellum<\/strong>, du latin <em>tenellus<\/em> &#8211; <em>tendre<\/em>, <em>d\u00e9licat<\/em> qui a \u00e9t\u00e9 litt\u00e9ralement traduit pour cr\u00e9er le nom commun.<\/p>\n\n\n\n<div style=\"height:45px\" aria-hidden=\"true\" class=\"wp-block-spacer\"><\/div>\n\n\n\n<div class=\"wp-block-buttons is-layout-flex wp-block-buttons-is-layout-flex\">\n<div class=\"wp-block-button\"><a class=\"wp-block-button__link wp-element-button\" href=\"https:\/\/www.meslibellules.fr\/pagesweb\/coenagrionidae\/ceriagrion\/tenellum\/ceriagrion-tenellum-male-emergent.php\">M\u00e2le \u00e9mergent<\/a><\/div>\n\n\n\n<div class=\"wp-block-button\"><a class=\"wp-block-button__link wp-element-button\" href=\"https:\/\/www.meslibellules.fr\/pagesweb\/coenagrionidae\/ceriagrion\/tenellum\/ceriagrion-tenellum-male-1.php\">M\u00e2le<\/a><\/div>\n\n\n\n<div class=\"wp-block-button\"><a class=\"wp-block-button__link wp-element-button\" href=\"https:\/\/www.meslibellules.fr\/pagesweb\/coenagrionidae\/ceriagrion\/tenellum\/tenellum_femimmat%201.php\">Femelle \u00e9mergente<\/a><\/div>\n\n\n\n<div class=\"wp-block-button\"><a class=\"wp-block-button__link wp-element-button\" href=\"https:\/\/www.meslibellules.fr\/pagesweb\/coenagrionidae\/ceriagrion\/tenellum\/tenellum_femelle1.php\">Femelle<\/a><\/div>\n\n\n\n<div class=\"wp-block-button\"><a class=\"wp-block-button__link wp-element-button\" href=\"https:\/\/www.meslibellules.fr\/pagesweb\/coenagrionidae\/ceriagrion\/tenellum\/ceriagrion-tenellum-accouplement-1.php\">Accouplement<\/a><\/div>\n\n\n\n<div class=\"wp-block-button\"><a class=\"wp-block-button__link wp-element-button\" href=\"https:\/\/www.meslibellules.fr\/pagesweb\/coenagrionidae\/ceriagrion\/tenellum\/ceriagrion-tenellum-repas.php\">Repas<\/a><\/div>\n\n\n\n<div class=\"wp-block-button\"><a class=\"wp-block-button__link wp-element-button\" href=\"https:\/\/www.meslibellules.fr\/blog\/2019\/08\/26\/ceriagrion-tenellum-tentative-denlevement\/\">Curiosit\u00e9s<\/a><\/div>\n\n\n\n<div class=\"wp-block-button\"><a class=\"wp-block-button__link wp-element-button\" href=\"https:\/\/www.meslibellules.fr\/pagesweb\/identificatios\/identification-coenagrionidae\/identification-coenagrionidae-males.php\">Aide \u00e0 l&rsquo;identification<\/a><\/div>\n<\/div>\n","protected":false},"excerpt":{"rendered":"<p>Le Ceriagrion tenellum (Coenagrionidae) est un odonate discret qui passe plus de temps dans la v\u00e9g\u00e9tation qu&rsquo;en vol et est donc de ce fait assez difficile \u00e0 d\u00e9tecter. Description &#8211; Identification Les m\u00e2les arborent des yeux rouges, l&rsquo;abdomen et les pattes sont \u00e9galement rouges comme les pt\u00e9rostigmas, le thorax est cuivr\u00e9 ou bronz\u00e9 avec des [&hellip;]<\/p>\n","protected":false},"author":1,"featured_media":0,"parent":0,"menu_order":0,"comment_status":"closed","ping_status":"closed","template":"","meta":{"site-sidebar-layout":"default","site-content-layout":"","ast-site-content-layout":"default","site-content-style":"default","site-sidebar-style":"default","ast-global-header-display":"","ast-banner-title-visibility":"","ast-main-header-display":"","ast-hfb-above-header-display":"","ast-hfb-below-header-display":"","ast-hfb-mobile-header-display":"","site-post-title":"","ast-breadcrumbs-content":"","ast-featured-img":"","footer-sml-layout":"","ast-disable-related-posts":"","theme-transparent-header-meta":"","adv-header-id-meta":"","stick-header-meta":"","header-above-stick-meta":"","header-main-stick-meta":"","header-below-stick-meta":"","astra-migrate-meta-layouts":"set","ast-page-background-enabled":"default","ast-page-background-meta":{"desktop":{"background-color":"var(--ast-global-color-4)","background-image":"","background-repeat":"repeat","background-position":"center center","background-size":"auto","background-attachment":"scroll","background-type":"","background-media":"","overlay-type":"","overlay-color":"","overlay-opacity":"","overlay-gradient":""},"tablet":{"background-color":"","background-image":"","background-repeat":"repeat","background-position":"center center","background-size":"auto","background-attachment":"scroll","background-type":"","background-media":"","overlay-type":"","overlay-color":"","overlay-opacity":"","overlay-gradient":""},"mobile":{"background-color":"","background-image":"","background-repeat":"repeat","background-position":"center center","background-size":"auto","background-attachment":"scroll","background-type":"","background-media":"","overlay-type":"","overlay-color":"","overlay-opacity":"","overlay-gradient":""}},"ast-content-background-meta":{"desktop":{"background-color":"var(--ast-global-color-5)","background-image":"","background-repeat":"repeat","background-position":"center center","background-size":"auto","background-attachment":"scroll","background-type":"","background-media":"","overlay-type":"","overlay-color":"","overlay-opacity":"","overlay-gradient":""},"tablet":{"background-color":"var(--ast-global-color-5)","background-image":"","background-repeat":"repeat","background-position":"center center","background-size":"auto","background-attachment":"scroll","background-type":"","background-media":"","overlay-type":"","overlay-color":"","overlay-opacity":"","overlay-gradient":""},"mobile":{"background-color":"var(--ast-global-color-5)","background-image":"","background-repeat":"repeat","background-position":"center center","background-size":"auto","background-attachment":"scroll","background-type":"","background-media":"","overlay-type":"","overlay-color":"","overlay-opacity":"","overlay-gradient":""}},"footnotes":""},"class_list":["post-19009","page","type-page","status-publish","hentry"],"yoast_head":"<!-- This site is optimized with the Yoast SEO plugin v27.4 - https:\/\/yoast.com\/product\/yoast-seo-wordpress\/ -->\n<title>Ceriagrion tenellum - Mes Libellules<\/title>\n<meta name=\"description\" content=\"Ceriagrion tenellum m\u00e2les et femelles, description, identification, taille, habitat, distribution g\u00e9ographique, \u00e9tymologie\" \/>\n<meta name=\"robots\" content=\"index, follow, max-snippet:-1, max-image-preview:large, max-video-preview:-1\" \/>\n<link rel=\"canonical\" href=\"https:\/\/www.meslibellules.fr\/blog\/ceriagrion-tenellum\/\" \/>\n<meta property=\"og:locale\" content=\"fr_FR\" \/>\n<meta property=\"og:type\" content=\"article\" \/>\n<meta property=\"og:title\" content=\"Ceriagrion tenellum - Mes Libellules\" \/>\n<meta property=\"og:description\" content=\"Ceriagrion tenellum m\u00e2les et femelles, description, identification, taille, habitat, distribution g\u00e9ographique, \u00e9tymologie\" \/>\n<meta property=\"og:url\" content=\"https:\/\/www.meslibellules.fr\/blog\/ceriagrion-tenellum\/\" \/>\n<meta property=\"og:site_name\" content=\"Mes Libellules\" \/>\n<meta property=\"article:publisher\" content=\"https:\/\/www.facebook.com\/benoit.guillon.96\/\" \/>\n<meta property=\"article:modified_time\" content=\"2024-03-28T18:14:24+00:00\" \/>\n<meta property=\"og:image\" content=\"https:\/\/www.meslibellules.fr\/blog\/wp-content\/uploads\/Ceriagrion-tenellum-male-1.webp\" \/>\n<meta name=\"twitter:card\" content=\"summary_large_image\" \/>\n<meta name=\"twitter:label1\" content=\"Dur\u00e9e de lecture estim\u00e9e\" \/>\n\t<meta name=\"twitter:data1\" content=\"4 minutes\" \/>\n<script type=\"application\/ld+json\" class=\"yoast-schema-graph\">{\"@context\":\"https:\\\/\\\/schema.org\",\"@graph\":[{\"@type\":\"WebPage\",\"@id\":\"https:\\\/\\\/www.meslibellules.fr\\\/blog\\\/ceriagrion-tenellum\\\/\",\"url\":\"https:\\\/\\\/www.meslibellules.fr\\\/blog\\\/ceriagrion-tenellum\\\/\",\"name\":\"Ceriagrion tenellum - Mes Libellules\",\"isPartOf\":{\"@id\":\"https:\\\/\\\/www.meslibellules.fr\\\/blog\\\/#website\"},\"primaryImageOfPage\":{\"@id\":\"https:\\\/\\\/www.meslibellules.fr\\\/blog\\\/ceriagrion-tenellum\\\/#primaryimage\"},\"image\":{\"@id\":\"https:\\\/\\\/www.meslibellules.fr\\\/blog\\\/ceriagrion-tenellum\\\/#primaryimage\"},\"thumbnailUrl\":\"https:\\\/\\\/www.meslibellules.fr\\\/blog\\\/wp-content\\\/uploads\\\/Ceriagrion-tenellum-male-1.webp\",\"datePublished\":\"2024-03-28T18:14:23+00:00\",\"dateModified\":\"2024-03-28T18:14:24+00:00\",\"description\":\"Ceriagrion tenellum m\u00e2les et femelles, description, identification, taille, habitat, distribution g\u00e9ographique, \u00e9tymologie\",\"breadcrumb\":{\"@id\":\"https:\\\/\\\/www.meslibellules.fr\\\/blog\\\/ceriagrion-tenellum\\\/#breadcrumb\"},\"inLanguage\":\"fr-FR\",\"potentialAction\":[{\"@type\":\"ReadAction\",\"target\":[\"https:\\\/\\\/www.meslibellules.fr\\\/blog\\\/ceriagrion-tenellum\\\/\"]}]},{\"@type\":\"ImageObject\",\"inLanguage\":\"fr-FR\",\"@id\":\"https:\\\/\\\/www.meslibellules.fr\\\/blog\\\/ceriagrion-tenellum\\\/#primaryimage\",\"url\":\"https:\\\/\\\/www.meslibellules.fr\\\/blog\\\/wp-content\\\/uploads\\\/Ceriagrion-tenellum-male-1.webp\",\"contentUrl\":\"https:\\\/\\\/www.meslibellules.fr\\\/blog\\\/wp-content\\\/uploads\\\/Ceriagrion-tenellum-male-1.webp\"},{\"@type\":\"BreadcrumbList\",\"@id\":\"https:\\\/\\\/www.meslibellules.fr\\\/blog\\\/ceriagrion-tenellum\\\/#breadcrumb\",\"itemListElement\":[{\"@type\":\"ListItem\",\"position\":1,\"name\":\"Accueil\",\"item\":\"https:\\\/\\\/www.meslibellules.fr\\\/blog\\\/\"},{\"@type\":\"ListItem\",\"position\":2,\"name\":\"Ceriagrion tenellum (Villers, 1789)\"}]},{\"@type\":\"WebSite\",\"@id\":\"https:\\\/\\\/www.meslibellules.fr\\\/blog\\\/#website\",\"url\":\"https:\\\/\\\/www.meslibellules.fr\\\/blog\\\/\",\"name\":\"Mes Libellules\",\"description\":\"Pr\u00e9sentation des libellules rencontr\u00e9es dans le monde\",\"publisher\":{\"@id\":\"https:\\\/\\\/www.meslibellules.fr\\\/blog\\\/#\\\/schema\\\/person\\\/9aa3586f9dd053fcf329f43b8b053c77\"},\"potentialAction\":[{\"@type\":\"SearchAction\",\"target\":{\"@type\":\"EntryPoint\",\"urlTemplate\":\"https:\\\/\\\/www.meslibellules.fr\\\/blog\\\/?s={search_term_string}\"},\"query-input\":{\"@type\":\"PropertyValueSpecification\",\"valueRequired\":true,\"valueName\":\"search_term_string\"}}],\"inLanguage\":\"fr-FR\"},{\"@type\":[\"Person\",\"Organization\"],\"@id\":\"https:\\\/\\\/www.meslibellules.fr\\\/blog\\\/#\\\/schema\\\/person\\\/9aa3586f9dd053fcf329f43b8b053c77\",\"name\":\"Beno\u00eet Guillon\",\"image\":{\"@type\":\"ImageObject\",\"inLanguage\":\"fr-FR\",\"@id\":\"https:\\\/\\\/www.meslibellules.fr\\\/blog\\\/wp-content\\\/uploads\\\/cropped-avatar-150-pix.jpg\",\"url\":\"https:\\\/\\\/www.meslibellules.fr\\\/blog\\\/wp-content\\\/uploads\\\/cropped-avatar-150-pix.jpg\",\"contentUrl\":\"https:\\\/\\\/www.meslibellules.fr\\\/blog\\\/wp-content\\\/uploads\\\/cropped-avatar-150-pix.jpg\",\"width\":150,\"height\":137,\"caption\":\"Beno\u00eet Guillon\"},\"logo\":{\"@id\":\"https:\\\/\\\/www.meslibellules.fr\\\/blog\\\/wp-content\\\/uploads\\\/cropped-avatar-150-pix.jpg\"},\"sameAs\":[\"https:\\\/\\\/www.facebook.com\\\/benoit.guillon.96\\\/\"]}]}<\/script>\n<!-- \/ Yoast SEO plugin. -->","yoast_head_json":{"title":"Ceriagrion tenellum - Mes Libellules","description":"Ceriagrion tenellum m\u00e2les et femelles, description, identification, taille, habitat, distribution g\u00e9ographique, \u00e9tymologie","robots":{"index":"index","follow":"follow","max-snippet":"max-snippet:-1","max-image-preview":"max-image-preview:large","max-video-preview":"max-video-preview:-1"},"canonical":"https:\/\/www.meslibellules.fr\/blog\/ceriagrion-tenellum\/","og_locale":"fr_FR","og_type":"article","og_title":"Ceriagrion tenellum - Mes Libellules","og_description":"Ceriagrion tenellum m\u00e2les et femelles, description, identification, taille, habitat, distribution g\u00e9ographique, \u00e9tymologie","og_url":"https:\/\/www.meslibellules.fr\/blog\/ceriagrion-tenellum\/","og_site_name":"Mes Libellules","article_publisher":"https:\/\/www.facebook.com\/benoit.guillon.96\/","article_modified_time":"2024-03-28T18:14:24+00:00","og_image":[{"url":"https:\/\/www.meslibellules.fr\/blog\/wp-content\/uploads\/Ceriagrion-tenellum-male-1.webp","type":"","width":"","height":""}],"twitter_card":"summary_large_image","twitter_misc":{"Dur\u00e9e de lecture estim\u00e9e":"4 minutes"},"schema":{"@context":"https:\/\/schema.org","@graph":[{"@type":"WebPage","@id":"https:\/\/www.meslibellules.fr\/blog\/ceriagrion-tenellum\/","url":"https:\/\/www.meslibellules.fr\/blog\/ceriagrion-tenellum\/","name":"Ceriagrion tenellum - Mes Libellules","isPartOf":{"@id":"https:\/\/www.meslibellules.fr\/blog\/#website"},"primaryImageOfPage":{"@id":"https:\/\/www.meslibellules.fr\/blog\/ceriagrion-tenellum\/#primaryimage"},"image":{"@id":"https:\/\/www.meslibellules.fr\/blog\/ceriagrion-tenellum\/#primaryimage"},"thumbnailUrl":"https:\/\/www.meslibellules.fr\/blog\/wp-content\/uploads\/Ceriagrion-tenellum-male-1.webp","datePublished":"2024-03-28T18:14:23+00:00","dateModified":"2024-03-28T18:14:24+00:00","description":"Ceriagrion tenellum m\u00e2les et femelles, description, identification, taille, habitat, distribution g\u00e9ographique, \u00e9tymologie","breadcrumb":{"@id":"https:\/\/www.meslibellules.fr\/blog\/ceriagrion-tenellum\/#breadcrumb"},"inLanguage":"fr-FR","potentialAction":[{"@type":"ReadAction","target":["https:\/\/www.meslibellules.fr\/blog\/ceriagrion-tenellum\/"]}]},{"@type":"ImageObject","inLanguage":"fr-FR","@id":"https:\/\/www.meslibellules.fr\/blog\/ceriagrion-tenellum\/#primaryimage","url":"https:\/\/www.meslibellules.fr\/blog\/wp-content\/uploads\/Ceriagrion-tenellum-male-1.webp","contentUrl":"https:\/\/www.meslibellules.fr\/blog\/wp-content\/uploads\/Ceriagrion-tenellum-male-1.webp"},{"@type":"BreadcrumbList","@id":"https:\/\/www.meslibellules.fr\/blog\/ceriagrion-tenellum\/#breadcrumb","itemListElement":[{"@type":"ListItem","position":1,"name":"Accueil","item":"https:\/\/www.meslibellules.fr\/blog\/"},{"@type":"ListItem","position":2,"name":"Ceriagrion tenellum (Villers, 1789)"}]},{"@type":"WebSite","@id":"https:\/\/www.meslibellules.fr\/blog\/#website","url":"https:\/\/www.meslibellules.fr\/blog\/","name":"Mes Libellules","description":"Pr\u00e9sentation des libellules rencontr\u00e9es dans le monde","publisher":{"@id":"https:\/\/www.meslibellules.fr\/blog\/#\/schema\/person\/9aa3586f9dd053fcf329f43b8b053c77"},"potentialAction":[{"@type":"SearchAction","target":{"@type":"EntryPoint","urlTemplate":"https:\/\/www.meslibellules.fr\/blog\/?s={search_term_string}"},"query-input":{"@type":"PropertyValueSpecification","valueRequired":true,"valueName":"search_term_string"}}],"inLanguage":"fr-FR"},{"@type":["Person","Organization"],"@id":"https:\/\/www.meslibellules.fr\/blog\/#\/schema\/person\/9aa3586f9dd053fcf329f43b8b053c77","name":"Beno\u00eet Guillon","image":{"@type":"ImageObject","inLanguage":"fr-FR","@id":"https:\/\/www.meslibellules.fr\/blog\/wp-content\/uploads\/cropped-avatar-150-pix.jpg","url":"https:\/\/www.meslibellules.fr\/blog\/wp-content\/uploads\/cropped-avatar-150-pix.jpg","contentUrl":"https:\/\/www.meslibellules.fr\/blog\/wp-content\/uploads\/cropped-avatar-150-pix.jpg","width":150,"height":137,"caption":"Beno\u00eet Guillon"},"logo":{"@id":"https:\/\/www.meslibellules.fr\/blog\/wp-content\/uploads\/cropped-avatar-150-pix.jpg"},"sameAs":["https:\/\/www.facebook.com\/benoit.guillon.96\/"]}]}},"_links":{"self":[{"href":"https:\/\/www.meslibellules.fr\/blog\/wp-json\/wp\/v2\/pages\/19009","targetHints":{"allow":["GET"]}}],"collection":[{"href":"https:\/\/www.meslibellules.fr\/blog\/wp-json\/wp\/v2\/pages"}],"about":[{"href":"https:\/\/www.meslibellules.fr\/blog\/wp-json\/wp\/v2\/types\/page"}],"author":[{"embeddable":true,"href":"https:\/\/www.meslibellules.fr\/blog\/wp-json\/wp\/v2\/users\/1"}],"replies":[{"embeddable":true,"href":"https:\/\/www.meslibellules.fr\/blog\/wp-json\/wp\/v2\/comments?post=19009"}],"version-history":[{"count":0,"href":"https:\/\/www.meslibellules.fr\/blog\/wp-json\/wp\/v2\/pages\/19009\/revisions"}],"wp:attachment":[{"href":"https:\/\/www.meslibellules.fr\/blog\/wp-json\/wp\/v2\/media?parent=19009"}],"curies":[{"name":"wp","href":"https:\/\/api.w.org\/{rel}","templated":true}]}}