{"id":19423,"date":"2024-04-22T23:28:43","date_gmt":"2024-04-22T21:28:43","guid":{"rendered":"https:\/\/www.meslibellules.fr\/blog\/?page_id=19423"},"modified":"2024-11-12T11:31:34","modified_gmt":"2024-11-12T10:31:34","slug":"calopteryx-virgo","status":"publish","type":"page","link":"https:\/\/www.meslibellules.fr\/blog\/calopteryx-virgo\/","title":{"rendered":"Calopteryx virgo (Linnaeus, 1758)"},"content":{"rendered":"\n<figure class=\"wp-block-image aligncenter size-full is-resized\"><a href=\"https:\/\/www.meslibellules.fr\/blog\/wp-content\/uploads\/Caloptery-virgo-male-accueil.webp\"><img decoding=\"async\" width=\"1892\" height=\"1204\" data-src=\"https:\/\/www.meslibellules.fr\/blog\/wp-content\/uploads\/Caloptery-virgo-male-accueil.webp\" alt=\"Calopteryx virgo m\u00e2le, sur le Veynon (F-58120), 02\/06\/2023\" class=\"wp-image-19422 lazyload\" style=\"--smush-placeholder-width: 1892px; --smush-placeholder-aspect-ratio: 1892\/1204;width:575px;height:auto\" data-srcset=\"https:\/\/www.meslibellules.fr\/blog\/wp-content\/uploads\/Caloptery-virgo-male-accueil.webp 1892w, https:\/\/www.meslibellules.fr\/blog\/wp-content\/uploads\/Caloptery-virgo-male-accueil-768x489.webp 768w, https:\/\/www.meslibellules.fr\/blog\/wp-content\/uploads\/Caloptery-virgo-male-accueil-1536x977.webp 1536w\" data-sizes=\"(max-width: 1892px) 100vw, 1892px\" src=\"data:image\/svg+xml;base64,PHN2ZyB3aWR0aD0iMSIgaGVpZ2h0PSIxIiB4bWxucz0iaHR0cDovL3d3dy53My5vcmcvMjAwMC9zdmciPjwvc3ZnPg==\" \/><\/a><figcaption class=\"wp-element-caption\">Calopteryx virgo m\u00e2le, sur le Veynon (F-58120), 02\/06\/2023<\/figcaption><\/figure>\n\n\n\n<p>Calopteryx virgo est un de nos 4 Calopterygidae Fran\u00e7ais, le seul \u00e0 montrer une aile <em>enti\u00e8rement<\/em> color\u00e9e.<\/p>\n\n\n\n<h5><span style=\"text-decoration: underline;\">Description &#8211; Identification<\/span><\/h5>\n\n\n\n<p><strong>Les m\u00e2les<\/strong> ont des teintes vert m\u00e9tallique ou bleu m\u00e9tallique en fonction de l&rsquo;incidence de la lumi\u00e8re, l&rsquo;aile de la m\u00eame teinte, presque aussi longue que l&rsquo;abdomen est tr\u00e8s \u00e9largie en son milieu et pr\u00e9sente une nervation tr\u00e8s dense. La coloration respecte seulement la partie la plus proximale de l&rsquo;aile (s&rsquo;att\u00e9nue parfois \u00e0 l&rsquo;apex), avec des variations subsp\u00e9cifiques. Il n&rsquo;y a pas de pt\u00e9rostigma. Les pattes sont noires, comme la partie sup\u00e9rieure de l&rsquo;\u0153il, donnant un aspect de bille d&rsquo;acier. Il mesure 45 \u00e0 49 mm.<br>On peut confondre le Calopt\u00e9ryx vierge avec :<br>&#8211; <a href=\"https:\/\/www.meslibellules.fr\/blog\/wp-content\/uploads\/calopteryx-splendens-male-6-3big.jpg\">Calopteryx spendens<\/a>, mais la partie color\u00e9e de son aile respecte largement la base et dans une moindre mesure l&rsquo;<a href=\"http:\/\/meslibellules.fr\/pagesweb\/divers\/glossaire.php\">apex<\/a> de l&rsquo;aile. <br>&#8211; <a href=\"https:\/\/www.meslibellules.fr\/pagesweb\/calopterygidae\/calopteryx-xanthostoma\/calopteryx-xanthostoma-male-1\/calopteryx-xanthostoma-male-1big.jpg\">Calopteryx xanthostoma<\/a> pour lequel la base de l&rsquo;aile n&rsquo;est pas color\u00e9e, mais se poursuit jusqu&rsquo;\u00e0 l&rsquo;apex.<\/p>\n\n\n\n<p><strong>Les femelles<\/strong> sont plus variables, vertes comme les m\u00e2les, elles deviennent plus ternes avec des reflets bronze. Leur aile n&rsquo;est jamais verte, mais tr\u00e8s variablement ambr\u00e9e, plus large que celle des autres esp\u00e8ces. Elles portent un pseudo pt\u00e9rostigma, <em>relativement eloign\u00e9<\/em> de l&rsquo;apex de l&rsquo;aile. Plus de la moiti\u00e9 ou les 3\/4 ant\u00e9rieurs de la <a href=\"https:\/\/www.meslibellules.fr\/thematique\/anat\/schemanat\/robert7\/planche7-big.jpg\">suture m\u00e9tapleurale<\/a> pr\u00e9sentent une coloration jaun\u00e2tre (1) (coloration en \u00ab\u00a0point d&rsquo;exclamation\u00a0\u00bb pour C. splendens, compl\u00e8te pour C. xanthostoma).<br>La coloration alaire est tr\u00e8s variable en intensit\u00e9 et elles sont souvent difficiles \u00e0 s\u00e9parer des Calopteryx splendens et xanthostoma sans une bonne vue de profil strict, sans capture, ou sans mesurer le ratio des distances pseudopt\u00e9rostigma-nodus\/ pseudopt\u00e9rostigma apex (inf\u00e9rieur \u00e0 4 pour C. virgo).<\/p>\n\n\n\n<figure class=\"wp-block-image aligncenter size-full is-resized\"><a href=\"https:\/\/www.meslibellules.fr\/blog\/wp-content\/uploads\/Caloptery-virgo-femelle-accueil.webp\"><img decoding=\"async\" width=\"1768\" height=\"1204\" data-src=\"https:\/\/www.meslibellules.fr\/blog\/wp-content\/uploads\/Caloptery-virgo-femelle-accueil.webp\" alt=\"Calopteryx virgo femelle, sur le Veynon (F-58120), 02\/06\/2023\" class=\"wp-image-19424 lazyload\" style=\"--smush-placeholder-width: 1768px; --smush-placeholder-aspect-ratio: 1768\/1204;width:572px;height:auto\" data-srcset=\"https:\/\/www.meslibellules.fr\/blog\/wp-content\/uploads\/Caloptery-virgo-femelle-accueil.webp 1768w, https:\/\/www.meslibellules.fr\/blog\/wp-content\/uploads\/Caloptery-virgo-femelle-accueil-768x523.webp 768w, https:\/\/www.meslibellules.fr\/blog\/wp-content\/uploads\/Caloptery-virgo-femelle-accueil-1536x1046.webp 1536w\" data-sizes=\"(max-width: 1768px) 100vw, 1768px\" src=\"data:image\/svg+xml;base64,PHN2ZyB3aWR0aD0iMSIgaGVpZ2h0PSIxIiB4bWxucz0iaHR0cDovL3d3dy53My5vcmcvMjAwMC9zdmciPjwvc3ZnPg==\" \/><\/a><figcaption class=\"wp-element-caption\">Calopteryx virgo femelle, sur le Veynon (F-58120), 02\/06\/2023<\/figcaption><\/figure>\n\n\n\n<p>On distingue au moins 2 formes (tr\u00e8s mal qualifi\u00e9es de sous-esp\u00e8ces), l&rsquo;une  au nord d&rsquo;une ligne Nantes-Gen\u00e8ve, C. virgo virgo avec la base de l&rsquo;aile presque enti\u00e8rement color\u00e9e et l&rsquo;apex \u00e9clairci sur quelques mm. L&rsquo;autre, C. virgo meridionalis, sudiste, montrant une courte zone hyaline \u00e0 la base de l&rsquo;aile, mais un apex compl\u00e8tement color\u00e9 (2).<\/p>\n\n\n\n<h5><span style=\"text-decoration: underline;\">Habitat et distribution g\u00e9ographique<\/span><\/h5>\n\n\n\n<p>C&rsquo;est principalement une esp\u00e8ce de petite rivi\u00e8re peu profonde ou de ruisseau \u00e0 fond sableux comportant des zones d&rsquo;ombre et peu de v\u00e9g\u00e9tation flottante. On peut le rencontrer avec ses  autres cousins, mais il tol\u00e8re beaucoup mieux l&rsquo;ombre, les courants rapides et l&rsquo;altitude. Comme C. splendens, il aime les zones ou l&rsquo;eau est oxyg\u00e9n\u00e9e et le courant agit\u00e9 par des pierres ou des cailloux qui brisent l&rsquo;\u00e9coulement.<br><br>En France, on peut le rencontrer partout, sous une forme ou une autre.<br><a href=\"https:\/\/atlas-odonates.insectes.org\/odonates-de-france\/calopteryx-virgo\">Atlas dynamique des Odonates de France<\/a><br>Il est bien pr\u00e9sent en Europe de l&rsquo;Ouest, sauf au nord de la Grande-Bretagne et des pays Scandinaves et dans le sud de l&rsquo;Espagne. Il est tr\u00e8s rare au nord de l&rsquo;Afrique du Nord.<br>Il devient rare \u00e0 l&rsquo;est d&rsquo;une ligne imaginaire joignant la Finlande \u00e0 la Gr\u00e8ce.<br><a href=\"https:\/\/www.iucnredlist.org\/species\/165505\/219967836\">IUCN Red List<\/a><\/p>\n\n\n\n<h5><span style=\"text-decoration: underline;\">P\u00e9riode de vol<\/span><\/h5>\n\n\n\n<p>On observe Calopteryx virgo en France d&rsquo;avril \u00e0 septembre, mais la p\u00e9riode o\u00f9 il est le plus commun s&rsquo;\u00e9tend sur les mois de juin et juillet.<\/p>\n\n\n\n<div class=\"wp-block-media-text has-media-on-the-right is-stacked-on-mobile\"><div class=\"wp-block-media-text__content\">\n<h5><span style=\"text-decoration: underline;\">Comportement \u2013 \u00c9cologie<\/span><\/h5>\n\n\n\n<p>Les m\u00e2les territoriaux, perch\u00e9s sur la v\u00e9g\u00e9tation de la berge ou dans les arbres, ouvrent ferment leurs ailes de temps en temps pour signaler leur pr\u00e9sence \u00e0 un autre m\u00e2le et fondent sur les femelles, parfois en groupe, en file indienne, si l&rsquo;une appara\u00eet pour pondre. Occasionnellement pourtant, m\u00e2les et femelles sont pos\u00e9s c\u00f4te \u00e0 c\u00f4te, sans que l&rsquo;app\u00e9tit sexuel des m\u00e2les ne se r\u00e9veille. Les femelles sont le plus souvent pos\u00e9es \u00e0 l&rsquo;\u00e9cart, dans les arbres.<br>Comme C. splendens, il pratique un vol nuptial, voletant devant la femelle pour la s\u00e9duire. L&rsquo;accouplement dure quelques minutes, pos\u00e9 dans la v\u00e9g\u00e9tation. Rapidement apr\u00e8s, la femelle se pose sur les plantes flottantes pour ins\u00e9rer ses \u0153ufs dans les tiges sous la surface.<br>Ils \u00e9closent en 6 \u00e0 9 semaines, la phase larvaire dure une ou deux ann\u00e9es en fonction de l&rsquo;altitude et de la latitude. <br>De tr\u00e8s nombreux d\u00e9tails d&rsquo;histoire naturelle sont donn\u00e9s par Paul-Andr\u00e9 Robert (3).<\/p>\n\n\n\n<p>Calopteryx virgo, parade nuptiale, sur le Veynon (F-58120), 02\/06\/2023<\/p>\n<\/div><figure class=\"wp-block-media-text__media\"><a href=\"https:\/\/www.meslibellules.fr\/blog\/wp-content\/uploads\/Caloptery-virgo-parade-accueil.webp\"><img decoding=\"async\" width=\"993\" height=\"1204\" data-src=\"https:\/\/www.meslibellules.fr\/blog\/wp-content\/uploads\/Caloptery-virgo-parade-accueil.webp\" alt=\"Calopteryx virgo parade nuptiale, sur le Veynon (F-58120), 02\/06\/2023\" class=\"wp-image-19432 size-full lazyload\" data-srcset=\"https:\/\/www.meslibellules.fr\/blog\/wp-content\/uploads\/Caloptery-virgo-parade-accueil.webp 993w, https:\/\/www.meslibellules.fr\/blog\/wp-content\/uploads\/Caloptery-virgo-parade-accueil-768x931.webp 768w\" data-sizes=\"(max-width: 993px) 100vw, 993px\" src=\"data:image\/svg+xml;base64,PHN2ZyB3aWR0aD0iMSIgaGVpZ2h0PSIxIiB4bWxucz0iaHR0cDovL3d3dy53My5vcmcvMjAwMC9zdmciPjwvc3ZnPg==\" style=\"--smush-placeholder-width: 993px; --smush-placeholder-aspect-ratio: 993\/1204;\" \/><\/a><\/figure><\/div>\n\n\n\n<h5><span style=\"text-decoration: underline;\">\u00c9tymologie<\/span><\/h5>\n\n\n\n<p><strong>Calopteryx<\/strong>, du grec kalos &#8211; belle et pteryx &#8211; aile pour insister sur les ailes spectaculairement color\u00e9es de ce genre.<br><strong>Virgo<\/strong>, du latin virgo &#8211; jeune fille, vierge. Ce terme est un exemple de la f\u00e9minit\u00e9 que l&rsquo;on retrouve dans de nombreux noms populaires qui d\u00e9signent les odonates comme \u00ab\u00a0Demoiselle\u00a0\u00bb en fran\u00e7ais, \u00ab\u00a0Waterjuffer\u00a0\u00bb ou \u00ab\u00a0Demoiselle de l&rsquo;eau\u00a0\u00bb en hollandais, \u00ab\u00a0Wasserjungfer\u00a0\u00bb pour la m\u00eame d\u00e9finition en allemand, \u00ab\u00a0Damesfly\u00a0\u00bb ou \u00ab\u00a0Demoiselle\u00a0\u00bb en anglais, etc&#8230; (4)<\/p>\n\n\n\n<div style=\"height:18px\" aria-hidden=\"true\" class=\"wp-block-spacer\"><\/div>\n\n\n\n<div class=\"wp-block-buttons is-layout-flex wp-block-buttons-is-layout-flex\">\n<div class=\"wp-block-button\"><a class=\"wp-block-button__link wp-element-button\" href=\"https:\/\/www.meslibellules.fr\/pagesweb\/calopterygidae\/calopteryx-virgo\/virgo_malimmat1.html\">M\u00e2le immature<\/a><\/div>\n\n\n\n<div class=\"wp-block-button\"><a class=\"wp-block-button__link wp-element-button\" href=\"https:\/\/www.meslibellules.fr\/pagesweb\/calopterygidae\/calopteryx-virgo\/virgo_male1.html\">M\u00e2le<\/a><\/div>\n\n\n\n<div class=\"wp-block-button\"><a class=\"wp-block-button__link wp-element-button\" href=\"https:\/\/www.meslibellules.fr\/pagesweb\/calopterygidae\/calopteryx-virgo\/virgo_femelle1.html\">Femelle immature<\/a><\/div>\n\n\n\n<div class=\"wp-block-button\"><a class=\"wp-block-button__link wp-element-button\" href=\"https:\/\/www.meslibellules.fr\/pagesweb\/calopterygidae\/calopteryx-virgo\/calopteryx-virgo-femelle-mature-1.php\">Femelle <\/a><\/div>\n\n\n\n<div class=\"wp-block-button\"><a class=\"wp-block-button__link wp-element-button\" href=\"https:\/\/www.meslibellules.fr\/pagesweb\/calopterygidae\/calopteryx-virgo\/virgo_accoupl1.php\">Accouplement<\/a><\/div>\n\n\n\n<div class=\"wp-block-button\"><a class=\"wp-block-button__link wp-element-button\" href=\"https:\/\/www.meslibellules.fr\/pagesweb\/calopterygidae\/calopteryx-virgo\/virgo_splendens_femelles.html\">\u2640 C. virgo vs \u2640 C. splendens<\/a><\/div>\n\n\n\n<div class=\"wp-block-button\"><a class=\"wp-block-button__link wp-element-button\" href=\"https:\/\/www.meslibellules.fr\/blog\/2021\/03\/11\/calopteryx-virgo-galerie\/\">Galerie<\/a><\/div>\n<\/div>\n\n\n\n<div style=\"height:55px\" aria-hidden=\"true\" class=\"wp-block-spacer\"><\/div>\n\n\n\n<p style=\"font-size:13px\">-1 A. MAIBACH. <a href=\"https:\/\/natuurtijdschriften.nl\/pub\/591780\/OJIOS1987016002003.pdf\">R\u00e9vision syst\u00e9matique du genre Calopteryx Leach pour l&rsquo;Europe occidentale<\/a> (Zygoptera : Calopterygidae) 3 R\u00e9vision syst\u00e9matique, \u00e9tude bibliographique, d\u00e9signation des types et cl\u00e9s de d\u00e9termination. Odonatologica 16(2) : 145-174 &#8211; June 1, 1987.<br>2- Les Libellules de France, Belgique et Luxembourg, Daniel Grand et Jean-Pierre Boudot, Parth\u00e9nope, 2006.<br>3- Paul Andr\u00e9 Robert, Les Libellules, Delachaux et Niestl\u00e9, 1958.<br>4- Heinrich Fliedner, <a href=\"https:\/\/www.zobodat.at\/pdf\/Virgo_9_I-XXVIII.pdf\">The scientific names of the Odonata in Burmeister\u2019s \u2018Handbuch der Entomologie\u2019<\/a>.<\/p>\n","protected":false},"excerpt":{"rendered":"<p>Calopteryx virgo est un de nos 4 Calopterygidae Fran\u00e7ais, le seul \u00e0 montrer une aile enti\u00e8rement color\u00e9e. Description &#8211; Identification Les m\u00e2les ont des teintes vert m\u00e9tallique ou bleu m\u00e9tallique en fonction de l&rsquo;incidence de la lumi\u00e8re, l&rsquo;aile de la m\u00eame teinte, presque aussi longue que l&rsquo;abdomen est tr\u00e8s \u00e9largie en son milieu et pr\u00e9sente [&hellip;]<\/p>\n","protected":false},"author":1,"featured_media":0,"parent":0,"menu_order":0,"comment_status":"closed","ping_status":"closed","template":"","meta":{"site-sidebar-layout":"default","site-content-layout":"","ast-site-content-layout":"default","site-content-style":"default","site-sidebar-style":"default","ast-global-header-display":"","ast-banner-title-visibility":"","ast-main-header-display":"","ast-hfb-above-header-display":"","ast-hfb-below-header-display":"","ast-hfb-mobile-header-display":"","site-post-title":"","ast-breadcrumbs-content":"","ast-featured-img":"","footer-sml-layout":"","ast-disable-related-posts":"","theme-transparent-header-meta":"","adv-header-id-meta":"","stick-header-meta":"","header-above-stick-meta":"","header-main-stick-meta":"","header-below-stick-meta":"","astra-migrate-meta-layouts":"set","ast-page-background-enabled":"default","ast-page-background-meta":{"desktop":{"background-color":"var(--ast-global-color-4)","background-image":"","background-repeat":"repeat","background-position":"center center","background-size":"auto","background-attachment":"scroll","background-type":"","background-media":"","overlay-type":"","overlay-color":"","overlay-opacity":"","overlay-gradient":""},"tablet":{"background-color":"","background-image":"","background-repeat":"repeat","background-position":"center center","background-size":"auto","background-attachment":"scroll","background-type":"","background-media":"","overlay-type":"","overlay-color":"","overlay-opacity":"","overlay-gradient":""},"mobile":{"background-color":"","background-image":"","background-repeat":"repeat","background-position":"center center","background-size":"auto","background-attachment":"scroll","background-type":"","background-media":"","overlay-type":"","overlay-color":"","overlay-opacity":"","overlay-gradient":""}},"ast-content-background-meta":{"desktop":{"background-color":"var(--ast-global-color-5)","background-image":"","background-repeat":"repeat","background-position":"center center","background-size":"auto","background-attachment":"scroll","background-type":"","background-media":"","overlay-type":"","overlay-color":"","overlay-opacity":"","overlay-gradient":""},"tablet":{"background-color":"var(--ast-global-color-5)","background-image":"","background-repeat":"repeat","background-position":"center center","background-size":"auto","background-attachment":"scroll","background-type":"","background-media":"","overlay-type":"","overlay-color":"","overlay-opacity":"","overlay-gradient":""},"mobile":{"background-color":"var(--ast-global-color-5)","background-image":"","background-repeat":"repeat","background-position":"center center","background-size":"auto","background-attachment":"scroll","background-type":"","background-media":"","overlay-type":"","overlay-color":"","overlay-opacity":"","overlay-gradient":""}},"footnotes":""},"class_list":["post-19423","page","type-page","status-publish","hentry"],"yoast_head":"<!-- This site is optimized with the Yoast SEO plugin v27.3 - https:\/\/yoast.com\/product\/yoast-seo-wordpress\/ -->\n<title>Calopteryx virgo - Mes Libellules<\/title>\n<meta name=\"description\" content=\"Calopteryx virgo m\u00e2les et femelles, description, identification, taille, habitat, distribution g\u00e9ographique, comportement, \u00e9tymologie\" \/>\n<meta name=\"robots\" content=\"index, follow, max-snippet:-1, max-image-preview:large, max-video-preview:-1\" \/>\n<link rel=\"canonical\" href=\"https:\/\/www.meslibellules.fr\/blog\/calopteryx-virgo\/\" \/>\n<meta property=\"og:locale\" content=\"fr_FR\" \/>\n<meta property=\"og:type\" content=\"article\" \/>\n<meta property=\"og:title\" content=\"Calopteryx virgo - Mes Libellules\" \/>\n<meta property=\"og:description\" content=\"Calopteryx virgo m\u00e2les et femelles, description, identification, taille, habitat, distribution g\u00e9ographique, comportement, \u00e9tymologie\" \/>\n<meta property=\"og:url\" content=\"https:\/\/www.meslibellules.fr\/blog\/calopteryx-virgo\/\" \/>\n<meta property=\"og:site_name\" content=\"Mes Libellules\" \/>\n<meta property=\"article:publisher\" content=\"https:\/\/www.facebook.com\/benoit.guillon.96\/\" \/>\n<meta property=\"article:modified_time\" content=\"2024-11-12T10:31:34+00:00\" \/>\n<meta property=\"og:image\" content=\"https:\/\/www.meslibellules.fr\/blog\/wp-content\/uploads\/Caloptery-virgo-male-accueil.webp\" \/>\n\t<meta property=\"og:image:width\" content=\"1892\" \/>\n\t<meta property=\"og:image:height\" content=\"1204\" \/>\n\t<meta property=\"og:image:type\" content=\"image\/webp\" \/>\n<meta name=\"twitter:card\" content=\"summary_large_image\" \/>\n<meta name=\"twitter:label1\" content=\"Dur\u00e9e de lecture estim\u00e9e\" \/>\n\t<meta name=\"twitter:data1\" content=\"5 minutes\" \/>\n<script type=\"application\/ld+json\" class=\"yoast-schema-graph\">{\"@context\":\"https:\\\/\\\/schema.org\",\"@graph\":[{\"@type\":\"WebPage\",\"@id\":\"https:\\\/\\\/www.meslibellules.fr\\\/blog\\\/calopteryx-virgo\\\/\",\"url\":\"https:\\\/\\\/www.meslibellules.fr\\\/blog\\\/calopteryx-virgo\\\/\",\"name\":\"Calopteryx virgo - Mes Libellules\",\"isPartOf\":{\"@id\":\"https:\\\/\\\/www.meslibellules.fr\\\/blog\\\/#website\"},\"primaryImageOfPage\":{\"@id\":\"https:\\\/\\\/www.meslibellules.fr\\\/blog\\\/calopteryx-virgo\\\/#primaryimage\"},\"image\":{\"@id\":\"https:\\\/\\\/www.meslibellules.fr\\\/blog\\\/calopteryx-virgo\\\/#primaryimage\"},\"thumbnailUrl\":\"https:\\\/\\\/www.meslibellules.fr\\\/blog\\\/wp-content\\\/uploads\\\/Caloptery-virgo-male-accueil.webp\",\"datePublished\":\"2024-04-22T21:28:43+00:00\",\"dateModified\":\"2024-11-12T10:31:34+00:00\",\"description\":\"Calopteryx virgo m\u00e2les et femelles, description, identification, taille, habitat, distribution g\u00e9ographique, comportement, \u00e9tymologie\",\"breadcrumb\":{\"@id\":\"https:\\\/\\\/www.meslibellules.fr\\\/blog\\\/calopteryx-virgo\\\/#breadcrumb\"},\"inLanguage\":\"fr-FR\",\"potentialAction\":[{\"@type\":\"ReadAction\",\"target\":[\"https:\\\/\\\/www.meslibellules.fr\\\/blog\\\/calopteryx-virgo\\\/\"]}]},{\"@type\":\"ImageObject\",\"inLanguage\":\"fr-FR\",\"@id\":\"https:\\\/\\\/www.meslibellules.fr\\\/blog\\\/calopteryx-virgo\\\/#primaryimage\",\"url\":\"https:\\\/\\\/www.meslibellules.fr\\\/blog\\\/wp-content\\\/uploads\\\/Caloptery-virgo-male-accueil.webp\",\"contentUrl\":\"https:\\\/\\\/www.meslibellules.fr\\\/blog\\\/wp-content\\\/uploads\\\/Caloptery-virgo-male-accueil.webp\",\"width\":1892,\"height\":1204,\"caption\":\"Calopteryx virgo m\u00e2le, sur le Veynon (F-58120), 02\\\/06\\\/2023\"},{\"@type\":\"BreadcrumbList\",\"@id\":\"https:\\\/\\\/www.meslibellules.fr\\\/blog\\\/calopteryx-virgo\\\/#breadcrumb\",\"itemListElement\":[{\"@type\":\"ListItem\",\"position\":1,\"name\":\"Accueil\",\"item\":\"https:\\\/\\\/www.meslibellules.fr\\\/blog\\\/\"},{\"@type\":\"ListItem\",\"position\":2,\"name\":\"Calopteryx virgo (Linnaeus, 1758)\"}]},{\"@type\":\"WebSite\",\"@id\":\"https:\\\/\\\/www.meslibellules.fr\\\/blog\\\/#website\",\"url\":\"https:\\\/\\\/www.meslibellules.fr\\\/blog\\\/\",\"name\":\"Mes Libellules\",\"description\":\"Pr\u00e9sentation des libellules rencontr\u00e9es dans le monde\",\"publisher\":{\"@id\":\"https:\\\/\\\/www.meslibellules.fr\\\/blog\\\/#\\\/schema\\\/person\\\/9aa3586f9dd053fcf329f43b8b053c77\"},\"potentialAction\":[{\"@type\":\"SearchAction\",\"target\":{\"@type\":\"EntryPoint\",\"urlTemplate\":\"https:\\\/\\\/www.meslibellules.fr\\\/blog\\\/?s={search_term_string}\"},\"query-input\":{\"@type\":\"PropertyValueSpecification\",\"valueRequired\":true,\"valueName\":\"search_term_string\"}}],\"inLanguage\":\"fr-FR\"},{\"@type\":[\"Person\",\"Organization\"],\"@id\":\"https:\\\/\\\/www.meslibellules.fr\\\/blog\\\/#\\\/schema\\\/person\\\/9aa3586f9dd053fcf329f43b8b053c77\",\"name\":\"Beno\u00eet Guillon\",\"image\":{\"@type\":\"ImageObject\",\"inLanguage\":\"fr-FR\",\"@id\":\"https:\\\/\\\/www.meslibellules.fr\\\/blog\\\/wp-content\\\/uploads\\\/cropped-avatar-150-pix.jpg\",\"url\":\"https:\\\/\\\/www.meslibellules.fr\\\/blog\\\/wp-content\\\/uploads\\\/cropped-avatar-150-pix.jpg\",\"contentUrl\":\"https:\\\/\\\/www.meslibellules.fr\\\/blog\\\/wp-content\\\/uploads\\\/cropped-avatar-150-pix.jpg\",\"width\":150,\"height\":137,\"caption\":\"Beno\u00eet Guillon\"},\"logo\":{\"@id\":\"https:\\\/\\\/www.meslibellules.fr\\\/blog\\\/wp-content\\\/uploads\\\/cropped-avatar-150-pix.jpg\"},\"sameAs\":[\"https:\\\/\\\/www.facebook.com\\\/benoit.guillon.96\\\/\"]}]}<\/script>\n<!-- \/ Yoast SEO plugin. -->","yoast_head_json":{"title":"Calopteryx virgo - Mes Libellules","description":"Calopteryx virgo m\u00e2les et femelles, description, identification, taille, habitat, distribution g\u00e9ographique, comportement, \u00e9tymologie","robots":{"index":"index","follow":"follow","max-snippet":"max-snippet:-1","max-image-preview":"max-image-preview:large","max-video-preview":"max-video-preview:-1"},"canonical":"https:\/\/www.meslibellules.fr\/blog\/calopteryx-virgo\/","og_locale":"fr_FR","og_type":"article","og_title":"Calopteryx virgo - Mes Libellules","og_description":"Calopteryx virgo m\u00e2les et femelles, description, identification, taille, habitat, distribution g\u00e9ographique, comportement, \u00e9tymologie","og_url":"https:\/\/www.meslibellules.fr\/blog\/calopteryx-virgo\/","og_site_name":"Mes Libellules","article_publisher":"https:\/\/www.facebook.com\/benoit.guillon.96\/","article_modified_time":"2024-11-12T10:31:34+00:00","og_image":[{"width":1892,"height":1204,"url":"https:\/\/www.meslibellules.fr\/blog\/wp-content\/uploads\/Caloptery-virgo-male-accueil.webp","type":"image\/webp"}],"twitter_card":"summary_large_image","twitter_misc":{"Dur\u00e9e de lecture estim\u00e9e":"5 minutes"},"schema":{"@context":"https:\/\/schema.org","@graph":[{"@type":"WebPage","@id":"https:\/\/www.meslibellules.fr\/blog\/calopteryx-virgo\/","url":"https:\/\/www.meslibellules.fr\/blog\/calopteryx-virgo\/","name":"Calopteryx virgo - Mes Libellules","isPartOf":{"@id":"https:\/\/www.meslibellules.fr\/blog\/#website"},"primaryImageOfPage":{"@id":"https:\/\/www.meslibellules.fr\/blog\/calopteryx-virgo\/#primaryimage"},"image":{"@id":"https:\/\/www.meslibellules.fr\/blog\/calopteryx-virgo\/#primaryimage"},"thumbnailUrl":"https:\/\/www.meslibellules.fr\/blog\/wp-content\/uploads\/Caloptery-virgo-male-accueil.webp","datePublished":"2024-04-22T21:28:43+00:00","dateModified":"2024-11-12T10:31:34+00:00","description":"Calopteryx virgo m\u00e2les et femelles, description, identification, taille, habitat, distribution g\u00e9ographique, comportement, \u00e9tymologie","breadcrumb":{"@id":"https:\/\/www.meslibellules.fr\/blog\/calopteryx-virgo\/#breadcrumb"},"inLanguage":"fr-FR","potentialAction":[{"@type":"ReadAction","target":["https:\/\/www.meslibellules.fr\/blog\/calopteryx-virgo\/"]}]},{"@type":"ImageObject","inLanguage":"fr-FR","@id":"https:\/\/www.meslibellules.fr\/blog\/calopteryx-virgo\/#primaryimage","url":"https:\/\/www.meslibellules.fr\/blog\/wp-content\/uploads\/Caloptery-virgo-male-accueil.webp","contentUrl":"https:\/\/www.meslibellules.fr\/blog\/wp-content\/uploads\/Caloptery-virgo-male-accueil.webp","width":1892,"height":1204,"caption":"Calopteryx virgo m\u00e2le, sur le Veynon (F-58120), 02\/06\/2023"},{"@type":"BreadcrumbList","@id":"https:\/\/www.meslibellules.fr\/blog\/calopteryx-virgo\/#breadcrumb","itemListElement":[{"@type":"ListItem","position":1,"name":"Accueil","item":"https:\/\/www.meslibellules.fr\/blog\/"},{"@type":"ListItem","position":2,"name":"Calopteryx virgo (Linnaeus, 1758)"}]},{"@type":"WebSite","@id":"https:\/\/www.meslibellules.fr\/blog\/#website","url":"https:\/\/www.meslibellules.fr\/blog\/","name":"Mes Libellules","description":"Pr\u00e9sentation des libellules rencontr\u00e9es dans le monde","publisher":{"@id":"https:\/\/www.meslibellules.fr\/blog\/#\/schema\/person\/9aa3586f9dd053fcf329f43b8b053c77"},"potentialAction":[{"@type":"SearchAction","target":{"@type":"EntryPoint","urlTemplate":"https:\/\/www.meslibellules.fr\/blog\/?s={search_term_string}"},"query-input":{"@type":"PropertyValueSpecification","valueRequired":true,"valueName":"search_term_string"}}],"inLanguage":"fr-FR"},{"@type":["Person","Organization"],"@id":"https:\/\/www.meslibellules.fr\/blog\/#\/schema\/person\/9aa3586f9dd053fcf329f43b8b053c77","name":"Beno\u00eet Guillon","image":{"@type":"ImageObject","inLanguage":"fr-FR","@id":"https:\/\/www.meslibellules.fr\/blog\/wp-content\/uploads\/cropped-avatar-150-pix.jpg","url":"https:\/\/www.meslibellules.fr\/blog\/wp-content\/uploads\/cropped-avatar-150-pix.jpg","contentUrl":"https:\/\/www.meslibellules.fr\/blog\/wp-content\/uploads\/cropped-avatar-150-pix.jpg","width":150,"height":137,"caption":"Beno\u00eet Guillon"},"logo":{"@id":"https:\/\/www.meslibellules.fr\/blog\/wp-content\/uploads\/cropped-avatar-150-pix.jpg"},"sameAs":["https:\/\/www.facebook.com\/benoit.guillon.96\/"]}]}},"_links":{"self":[{"href":"https:\/\/www.meslibellules.fr\/blog\/wp-json\/wp\/v2\/pages\/19423","targetHints":{"allow":["GET"]}}],"collection":[{"href":"https:\/\/www.meslibellules.fr\/blog\/wp-json\/wp\/v2\/pages"}],"about":[{"href":"https:\/\/www.meslibellules.fr\/blog\/wp-json\/wp\/v2\/types\/page"}],"author":[{"embeddable":true,"href":"https:\/\/www.meslibellules.fr\/blog\/wp-json\/wp\/v2\/users\/1"}],"replies":[{"embeddable":true,"href":"https:\/\/www.meslibellules.fr\/blog\/wp-json\/wp\/v2\/comments?post=19423"}],"version-history":[{"count":0,"href":"https:\/\/www.meslibellules.fr\/blog\/wp-json\/wp\/v2\/pages\/19423\/revisions"}],"wp:attachment":[{"href":"https:\/\/www.meslibellules.fr\/blog\/wp-json\/wp\/v2\/media?parent=19423"}],"curies":[{"name":"wp","href":"https:\/\/api.w.org\/{rel}","templated":true}]}}