{"id":4651,"date":"2020-01-10T13:41:37","date_gmt":"2020-01-10T12:41:37","guid":{"rendered":"http:\/\/www.meslibellules.fr\/blog\/?page_id=4651"},"modified":"2025-12-13T21:19:36","modified_gmt":"2025-12-13T20:19:36","slug":"trithemis-annulata-6","status":"publish","type":"page","link":"https:\/\/www.meslibellules.fr\/blog\/trithemis-annulata-6\/","title":{"rendered":"Trithemis annulata (Palisot de Beauvois, 1807) : accueil"},"content":{"rendered":"\n<figure class=\"wp-block-image aligncenter size-large is-resized\"><a href=\"https:\/\/www.meslibellules.fr\/blog\/wp-content\/uploads\/trithemis-annulata-4.jpg\"><img decoding=\"async\" width=\"1641\" height=\"1004\" data-src=\"https:\/\/www.meslibellules.fr\/blog\/wp-content\/uploads\/trithemis-annulata-4.jpg\" alt=\"Trithemis annulata m\u00e2le, Villemur sur Tarn (France-31), 17\/07\/2019\" class=\"wp-image-4647 lazyload\" style=\"--smush-placeholder-width: 1641px; --smush-placeholder-aspect-ratio: 1641\/1004;width:640px;height:auto\" data-srcset=\"https:\/\/www.meslibellules.fr\/blog\/wp-content\/uploads\/\/trithemis-annulata-4.jpg 1641w, https:\/\/www.meslibellules.fr\/blog\/wp-content\/uploads\/\/trithemis-annulata-4-768x470.jpg 768w, https:\/\/www.meslibellules.fr\/blog\/wp-content\/uploads\/\/trithemis-annulata-4-1536x940.jpg 1536w, https:\/\/www.meslibellules.fr\/blog\/wp-content\/uploads\/\/trithemis-annulata-4-1200x734.jpg 1200w\" data-sizes=\"(max-width: 1641px) 100vw, 1641px\" src=\"data:image\/svg+xml;base64,PHN2ZyB3aWR0aD0iMSIgaGVpZ2h0PSIxIiB4bWxucz0iaHR0cDovL3d3dy53My5vcmcvMjAwMC9zdmciPjwvc3ZnPg==\" \/><\/a><figcaption class=\"wp-element-caption\">Trithemis annulata m\u00e2le, Villemur sur Tarn (France-31), 17\/07\/2019<\/figcaption><\/figure>\n\n\n\n<p style=\"font-size:15px\">Voil\u00e0 10 ans presque jour pour jour que j&rsquo;ai rencontr\u00e9 l&rsquo;esp\u00e8ce en Sicile et c&rsquo;est la premi\u00e8re fois que je la rencontre en France, apr\u00e8s l&rsquo;avoir observ\u00e9e en Afrique du Sud, en \u00c9thiopie et sa cousine, sans doute une esp\u00e8ce \u00e0 part enti\u00e8re, Trithemis annulata haematina \u00e0 La R\u00e9union. <br>C&rsquo;est un Trithemis typiquement africain \u00e0 la livr\u00e9e spectaculairement cramoisie ou purpurine d\u00e9crit tr\u00e8s sommairement \u00e0 partir de sujets d&rsquo;Oware et du B\u00e9nin, mais difficile \u00e0 confondre avec tout autre en France. Il est apparu en Espagne en 1978 puis en France continentale en 1994 (Corse en 1989).<br>Cet odonate estival est maintenant tr\u00e8s bien implant\u00e9 en France,  son aire de r\u00e9partition ne cesse de progresser lentement vers le nord, et tous les ans des \u00ab\u00a0records\u00a0\u00bb sont enregistr\u00e9s ; dans la Vienne en 2016, en Indre-et-Loire (Jou\u00e9-les-Tours-37) en 2018&#8230;  Les conditions climatiques globales sont bien s\u00fbr responsables de l&rsquo;extension de sa distribution qui s&rsquo;observe partout en Europe (<a href=\"https:\/\/www.iucnredlist.org\/species\/60052\/83872427\">IUCN Red List<\/a>).<br>D&rsquo;autant qu&rsquo;il n&rsquo;est pas difficile quant \u00e0 son habitat puisqu&rsquo;on le rencontre sur des lacs, \u00e9tangs, mares ou foss\u00e9s, des ruisseaux ou m\u00eame de grandes rivi\u00e8res.<br>Il mesure 32 \u00e0 38 mm.<\/p>\n\n\n\n<figure class=\"wp-block-image aligncenter size-full is-resized\"><a href=\"https:\/\/www.meslibellules.fr\/blog\/wp-content\/uploads\/Trithemis-annulata-femelle.webp\"><img decoding=\"async\" width=\"1996\" height=\"1204\" data-src=\"https:\/\/www.meslibellules.fr\/blog\/wp-content\/uploads\/Trithemis-annulata-femelle.webp\" alt=\"Trithemis annulata femelle, Castelnau-de-Montmiral (F-81), 21\/06\/2021\" class=\"wp-image-17213 lazyload\" style=\"--smush-placeholder-width: 1996px; --smush-placeholder-aspect-ratio: 1996\/1204;width:639px;height:auto\" data-srcset=\"https:\/\/www.meslibellules.fr\/blog\/wp-content\/uploads\/Trithemis-annulata-femelle.webp 1996w, https:\/\/www.meslibellules.fr\/blog\/wp-content\/uploads\/Trithemis-annulata-femelle-768x463.webp 768w, https:\/\/www.meslibellules.fr\/blog\/wp-content\/uploads\/Trithemis-annulata-femelle-1536x927.webp 1536w\" data-sizes=\"(max-width: 1996px) 100vw, 1996px\" src=\"data:image\/svg+xml;base64,PHN2ZyB3aWR0aD0iMSIgaGVpZ2h0PSIxIiB4bWxucz0iaHR0cDovL3d3dy53My5vcmcvMjAwMC9zdmciPjwvc3ZnPg==\" \/><\/a><figcaption class=\"wp-element-caption\">Trithemis annulata femelle, Castelnau-de-Montmiral (F-81), 21\/06\/2021<\/figcaption><\/figure>\n\n\n\n<h5><span style=\"text-decoration: underline;\">\u00c9tymologie<\/span><\/h5>\n\n\n\n<p>Trithemis est compos\u00e9 du pr\u00e9fixe <em>tri<\/em>, pour <em>trois<\/em>, sans doute parce que la marge post\u00e9rieure du pronotum des esp\u00e8ces de ce genre est trilob\u00e9, et de Themis. Themis est la d<em>\u00e9esse de la loi divine, de l\u2019ordre et de la justice<\/em>. Mais pourquoi Themis ; certainement parce que d&rsquo;autres noms de libellules comportaient des noms de dieux comme Echo ou Nehalennia, et quand Brauer a cr\u00e9\u00e9 le genre Trithemis, la mode \u00e9tait toujours \u00ab\u00a0\u00e0 la mythologie\u00a0\u00bb. Ce nom de d\u00e9esse a \u00e9t\u00e9 utilis\u00e9, selon Fliedner (2004), plus de 50 fois, pour nommer des odonates et ce n\u2019est que justice car \u00ab&nbsp;\u00e9tant la d\u00e9esse de l\u2019ordre, Themis est une tr\u00e8s convenable patronne des taxinomistes&nbsp;\u00bb. <br>Annulata du latin <em>anulatus<\/em>, qui signifie <em>encercl<\/em>\u00e9, pour les anneaux qui semblent entourer l&rsquo;abdomen \u00e0 la limite de chaque segment.<br><\/p>\n\n\n\n<div class=\"wp-block-group is-content-justification-center is-nowrap is-layout-flex wp-container-core-group-is-layout-23441af8 wp-block-group-is-layout-flex\">\n<div class=\"wp-block-buttons is-layout-flex wp-block-buttons-is-layout-flex\">\n<div class=\"wp-block-button\"><a class=\"wp-block-button__link wp-element-button\" href=\"https:\/\/www.meslibellules.fr\/blog\/2020\/01\/10\/trithemis-annulata-male-1-1\/\">M\u00e2le<\/a><\/div>\n<\/div>\n\n\n\n<div class=\"wp-block-buttons is-layout-flex wp-block-buttons-is-layout-flex\">\n<div class=\"wp-block-button\"><a class=\"wp-block-button__link wp-element-button\" href=\"https:\/\/www.meslibellules.fr\/blog\/2021\/06\/24\/trithemis-annulata-male-emergent\/\">M\u00e2le \u00e9mergent<\/a><\/div>\n<\/div>\n\n\n\n<div class=\"wp-block-buttons is-layout-flex wp-block-buttons-is-layout-flex\">\n<div class=\"wp-block-button\"><a class=\"wp-block-button__link wp-element-button\" href=\"https:\/\/www.meslibellules.fr\/blog\/2021\/04\/25\/__trashed-7\/\">M\u00e2le immature<\/a><\/div>\n<\/div>\n\n\n\n<div class=\"wp-block-buttons is-layout-flex wp-block-buttons-is-layout-flex\">\n<div class=\"wp-block-button\"><a class=\"wp-block-button__link wp-element-button\" href=\"https:\/\/www.meslibellules.fr\/blog\/2021\/04\/25\/trithemis-annulata-femelle-1-1\/\">Femelle<\/a><\/div>\n<\/div>\n<\/div>\n\n\n\n<div style=\"height:27px\" aria-hidden=\"true\" class=\"wp-block-spacer\"><\/div>\n\n\n\n<hr class=\"wp-block-separator has-alpha-channel-opacity is-style-default\"\/>\n\n\n\n<div style=\"height:20px\" aria-hidden=\"true\" class=\"wp-block-spacer\"><\/div>\n\n\n\n<p>On trouvera ci-dessous la description de Palisot de Beauvois ;  Ambroise Marie Fran\u00e7ois Joseph Palisot, baron de Beauvois (1752-1820), \u00e9tait un naturaliste, botaniste et entomologiste fran\u00e7ais. Il faut signaler, car c&rsquo;est assez rare pour les auteur de descriptions de cette \u00e9poque, qu&rsquo;il \u00e9tait un voyageur, explorateur et qu&rsquo;il s&rsquo;est rendu en Afrique (royaumes d&rsquo;Oware et du B\u00e9nin) ainsi qu&rsquo;aux Am\u00e9riques. La description provient de son ouvrage, publi\u00e9 en fascicules entre 1805 et 1821, dont on trouvera la r\u00e9f\u00e9rence ci-dessous.<\/p>\n\n\n\n<figure class=\"wp-block-image aligncenter size-full is-resized\"><a href=\"https:\/\/www.meslibellules.fr\/blog\/wp-content\/uploads\/Trithemis-annulata-Palisot-de-Beauvois.webp\"><img decoding=\"async\" width=\"1386\" height=\"747\" data-src=\"https:\/\/www.meslibellules.fr\/blog\/wp-content\/uploads\/Trithemis-annulata-Palisot-de-Beauvois.webp\" alt=\"Trithemis annulata, Palisot de Beauvois\" class=\"wp-image-27305 lazyload\" style=\"--smush-placeholder-width: 1386px; --smush-placeholder-aspect-ratio: 1386\/747;aspect-ratio:1.855486173059768;width:723px;height:auto\" data-srcset=\"https:\/\/www.meslibellules.fr\/blog\/wp-content\/uploads\/Trithemis-annulata-Palisot-de-Beauvois.webp 1386w, https:\/\/www.meslibellules.fr\/blog\/wp-content\/uploads\/Trithemis-annulata-Palisot-de-Beauvois-768x414.webp 768w\" data-sizes=\"(max-width: 1386px) 100vw, 1386px\" src=\"data:image\/svg+xml;base64,PHN2ZyB3aWR0aD0iMSIgaGVpZ2h0PSIxIiB4bWxucz0iaHR0cDovL3d3dy53My5vcmcvMjAwMC9zdmciPjwvc3ZnPg==\" \/><\/a><figcaption class=\"wp-element-caption\">Trithemis annulata, Palisot de Beauvois<\/figcaption><\/figure>\n\n\n\n<p>Je trouve cette description tr\u00e8s int\u00e9ressante car Palisot de Beauvois nous dit qu&rsquo;il l&rsquo;a vu voler et pourtant, il ne mentionne nulle part ce qui nous fait r\u00e9agir \u00e0 la vue de cet odonate ; sa couleur vineuse ou pourpr\u00e9e, pourtant tr\u00e8s spectaculaire. <br>Il est difficile de croire que ce n&rsquo;est pas volontaire, car notre auteur note bien, entre autres, la base des ailes rouss\u00e2tre. <br>Palisot de Beauvois \u00e9crit \u00ab\u00a0<em>on la reconna\u00eetra aux caract\u00e8res suivants&#8230;<\/em>\u00ab\u00a0, et je suppose qu&rsquo;il s&rsquo;adresse \u00e0 des scientifiques qui auront en main des sujets de collection. Et sans les techniques modernes de conservation, on sait que ces sp\u00e9cimens perdent en particulier les couleurs pulv\u00e9rulentes, comme ce rouge ou rose pruineux qui le recouvre. Les m\u00e2les ressemblent alors \u00e0 des <em>femelles vieillies<\/em>.<br>Cette omission est peut-\u00eatre volontaire pour s&rsquo;assurer que l&rsquo;on puisse reconna\u00eetre un sujet de collection d&rsquo;apr\u00e8s la description qu&rsquo;il en faisait ; il ne r\u00e9digeait pas un <em>guide de terrain<\/em> mais une r\u00e9f\u00e9rence pour comparaison avec d&rsquo;autres sujets en collection.<br><br>Malheureusement, la planche qu&rsquo;il consacre \u00e0 l&rsquo;esp\u00e8ce, alors <em>Libellulata annulata<\/em>, ne peut en aucun cas correspondre \u00e0 un Libellulidae, tant les yeux sont \u00e9cart\u00e9s. La forme de l&rsquo;abdomen, des appendices anaux excluent totalement notre esp\u00e8ce&#8230;<\/p>\n\n\n\n<figure class=\"wp-block-image aligncenter size-full is-resized\"><a href=\"https:\/\/www.meslibellules.fr\/blog\/wp-content\/uploads\/Planche-Trithemis-annulata-Palisot-de-Beauvois.webp\"><img decoding=\"async\" width=\"1103\" height=\"833\" data-src=\"https:\/\/www.meslibellules.fr\/blog\/wp-content\/uploads\/Planche-Trithemis-annulata-Palisot-de-Beauvois.webp\" alt=\"Planche Trithemis annulata, Palisot de Beauvois\" class=\"wp-image-27308 lazyload\" style=\"--smush-placeholder-width: 1103px; --smush-placeholder-aspect-ratio: 1103\/833;aspect-ratio:1.3241479662596913;width:475px;height:auto\" data-srcset=\"https:\/\/www.meslibellules.fr\/blog\/wp-content\/uploads\/Planche-Trithemis-annulata-Palisot-de-Beauvois.webp 1103w, https:\/\/www.meslibellules.fr\/blog\/wp-content\/uploads\/Planche-Trithemis-annulata-Palisot-de-Beauvois-768x580.webp 768w\" data-sizes=\"(max-width: 1103px) 100vw, 1103px\" src=\"data:image\/svg+xml;base64,PHN2ZyB3aWR0aD0iMSIgaGVpZ2h0PSIxIiB4bWxucz0iaHR0cDovL3d3dy53My5vcmcvMjAwMC9zdmciPjwvc3ZnPg==\" \/><\/a><figcaption class=\"wp-element-caption\">Planche Trithemis annulata, Palisot de Beauvois<\/figcaption><\/figure>\n\n\n\n<p>Cela nous \u00e9loigne de notre sujet, mais dans la m\u00eame publication, juste en dessous, il d\u00e9crit une <em>Libellula viridula<\/em>, que personne n&rsquo;a jamais su reconna\u00eetre. Je n&rsquo;en suis pas surpris !<\/p>\n\n\n\n<figure class=\"wp-block-image aligncenter size-full is-resized\"><a href=\"https:\/\/www.meslibellules.fr\/blog\/wp-content\/uploads\/Libellula-viridula-Palisot-de-Beauvois.webp\"><img decoding=\"async\" width=\"1011\" height=\"717\" data-src=\"https:\/\/www.meslibellules.fr\/blog\/wp-content\/uploads\/Libellula-viridula-Palisot-de-Beauvois.webp\" alt=\"Libellula viridula, Palisot de Beauvois\" class=\"wp-image-27310 lazyload\" style=\"--smush-placeholder-width: 1011px; --smush-placeholder-aspect-ratio: 1011\/717;aspect-ratio:1.410067065346343;width:435px;height:auto\" data-srcset=\"https:\/\/www.meslibellules.fr\/blog\/wp-content\/uploads\/Libellula-viridula-Palisot-de-Beauvois.webp 1011w, https:\/\/www.meslibellules.fr\/blog\/wp-content\/uploads\/Libellula-viridula-Palisot-de-Beauvois-768x545.webp 768w\" data-sizes=\"(max-width: 1011px) 100vw, 1011px\" src=\"data:image\/svg+xml;base64,PHN2ZyB3aWR0aD0iMSIgaGVpZ2h0PSIxIiB4bWxucz0iaHR0cDovL3d3dy53My5vcmcvMjAwMC9zdmciPjwvc3ZnPg==\" \/><\/a><figcaption class=\"wp-element-caption\">Libellula viridula, Palisot de Beauvois<\/figcaption><\/figure>\n\n\n\n<p><strong>Palisot de Beauvois, 1807<\/strong> &#8211; Palisot De Beauvois, Ambrose-Marie-Franc\u00e7ois-Joseph, Audinet Serville, Pr\u00eatre, Jean Gabriel, &amp; Imprimerie de Langlois. (1805).\u00a0<a href=\"https:\/\/www.biodiversitylibrary.org\/item\/322044#page\/93\/mode\/1up\"><em>Insectes recueillis en Afrique et en Am\u00e9rique\u202f: dans les royaumes d\u2019Oware et de Benin, \u00e0 Saint-Dominique et dans les \u00c9tats-Unis, pendant les ann\u00e9es 1786-1797<\/em>\u00a0<\/a>(p. 69). Imprimerie de Fain et compagnie.<\/p>\n","protected":false},"excerpt":{"rendered":"<p>Voil\u00e0 10 ans presque jour pour jour que j&rsquo;ai rencontr\u00e9 l&rsquo;esp\u00e8ce en Sicile et c&rsquo;est la premi\u00e8re fois que je la rencontre en France, apr\u00e8s l&rsquo;avoir observ\u00e9e en Afrique du Sud, en \u00c9thiopie et sa cousine, sans doute une esp\u00e8ce \u00e0 part enti\u00e8re, Trithemis annulata haematina \u00e0 La R\u00e9union. C&rsquo;est un Trithemis typiquement africain \u00e0 [&hellip;]<\/p>\n","protected":false},"author":1,"featured_media":0,"parent":0,"menu_order":0,"comment_status":"closed","ping_status":"closed","template":"","meta":{"site-sidebar-layout":"default","site-content-layout":"","ast-site-content-layout":"default","site-content-style":"default","site-sidebar-style":"default","ast-global-header-display":"","ast-banner-title-visibility":"","ast-main-header-display":"","ast-hfb-above-header-display":"","ast-hfb-below-header-display":"","ast-hfb-mobile-header-display":"","site-post-title":"","ast-breadcrumbs-content":"","ast-featured-img":"","footer-sml-layout":"","ast-disable-related-posts":"","theme-transparent-header-meta":"","adv-header-id-meta":"","stick-header-meta":"","header-above-stick-meta":"","header-main-stick-meta":"","header-below-stick-meta":"","astra-migrate-meta-layouts":"set","ast-page-background-enabled":"default","ast-page-background-meta":{"desktop":{"background-color":"var(--ast-global-color-4)","background-image":"","background-repeat":"repeat","background-position":"center center","background-size":"auto","background-attachment":"scroll","background-type":"","background-media":"","overlay-type":"","overlay-color":"","overlay-opacity":"","overlay-gradient":""},"tablet":{"background-color":"","background-image":"","background-repeat":"repeat","background-position":"center center","background-size":"auto","background-attachment":"scroll","background-type":"","background-media":"","overlay-type":"","overlay-color":"","overlay-opacity":"","overlay-gradient":""},"mobile":{"background-color":"","background-image":"","background-repeat":"repeat","background-position":"center center","background-size":"auto","background-attachment":"scroll","background-type":"","background-media":"","overlay-type":"","overlay-color":"","overlay-opacity":"","overlay-gradient":""}},"ast-content-background-meta":{"desktop":{"background-color":"var(--ast-global-color-5)","background-image":"","background-repeat":"repeat","background-position":"center center","background-size":"auto","background-attachment":"scroll","background-type":"","background-media":"","overlay-type":"","overlay-color":"","overlay-opacity":"","overlay-gradient":""},"tablet":{"background-color":"var(--ast-global-color-5)","background-image":"","background-repeat":"repeat","background-position":"center center","background-size":"auto","background-attachment":"scroll","background-type":"","background-media":"","overlay-type":"","overlay-color":"","overlay-opacity":"","overlay-gradient":""},"mobile":{"background-color":"var(--ast-global-color-5)","background-image":"","background-repeat":"repeat","background-position":"center center","background-size":"auto","background-attachment":"scroll","background-type":"","background-media":"","overlay-type":"","overlay-color":"","overlay-opacity":"","overlay-gradient":""}},"footnotes":""},"class_list":["post-4651","page","type-page","status-publish","hentry"],"yoast_head":"<!-- This site is optimized with the Yoast SEO plugin v27.3 - https:\/\/yoast.com\/product\/yoast-seo-wordpress\/ -->\n<title>Trithemis annulata - Mes Libellules<\/title>\n<meta name=\"description\" content=\"Trithemis annulata, page de pr\u00e9sentation, description, identification, taille, habitat, distribution g\u00e9ographique, \u00e9tymologie\" \/>\n<meta name=\"robots\" content=\"index, follow, max-snippet:-1, max-image-preview:large, max-video-preview:-1\" \/>\n<link rel=\"canonical\" href=\"https:\/\/www.meslibellules.fr\/blog\/trithemis-annulata-6\/\" \/>\n<meta property=\"og:locale\" content=\"fr_FR\" \/>\n<meta property=\"og:type\" content=\"article\" \/>\n<meta property=\"og:title\" content=\"Trithemis annulata - Mes Libellules\" \/>\n<meta property=\"og:description\" content=\"Trithemis annulata, page de pr\u00e9sentation, description, identification, taille, habitat, distribution g\u00e9ographique, \u00e9tymologie\" \/>\n<meta property=\"og:url\" content=\"https:\/\/www.meslibellules.fr\/blog\/trithemis-annulata-6\/\" \/>\n<meta property=\"og:site_name\" content=\"Mes Libellules\" \/>\n<meta property=\"article:publisher\" content=\"https:\/\/www.facebook.com\/benoit.guillon.96\/\" \/>\n<meta property=\"article:modified_time\" content=\"2025-12-13T20:19:36+00:00\" \/>\n<meta property=\"og:image\" content=\"http:\/\/www.meslibellules.fr\/blog\/wp-content\/uploads\/trithemis-annulata-4.jpg\" \/>\n<meta name=\"twitter:card\" content=\"summary_large_image\" \/>\n<meta name=\"twitter:label1\" content=\"Dur\u00e9e de lecture estim\u00e9e\" \/>\n\t<meta name=\"twitter:data1\" content=\"5 minutes\" \/>\n<script type=\"application\/ld+json\" class=\"yoast-schema-graph\">{\"@context\":\"https:\\\/\\\/schema.org\",\"@graph\":[{\"@type\":\"WebPage\",\"@id\":\"https:\\\/\\\/www.meslibellules.fr\\\/blog\\\/trithemis-annulata-6\\\/\",\"url\":\"https:\\\/\\\/www.meslibellules.fr\\\/blog\\\/trithemis-annulata-6\\\/\",\"name\":\"Trithemis annulata - Mes Libellules\",\"isPartOf\":{\"@id\":\"https:\\\/\\\/www.meslibellules.fr\\\/blog\\\/#website\"},\"primaryImageOfPage\":{\"@id\":\"https:\\\/\\\/www.meslibellules.fr\\\/blog\\\/trithemis-annulata-6\\\/#primaryimage\"},\"image\":{\"@id\":\"https:\\\/\\\/www.meslibellules.fr\\\/blog\\\/trithemis-annulata-6\\\/#primaryimage\"},\"thumbnailUrl\":\"http:\\\/\\\/www.meslibellules.fr\\\/blog\\\/wp-content\\\/uploads\\\/trithemis-annulata-4.jpg\",\"datePublished\":\"2020-01-10T12:41:37+00:00\",\"dateModified\":\"2025-12-13T20:19:36+00:00\",\"description\":\"Trithemis annulata, page de pr\u00e9sentation, description, identification, taille, habitat, distribution g\u00e9ographique, \u00e9tymologie\",\"breadcrumb\":{\"@id\":\"https:\\\/\\\/www.meslibellules.fr\\\/blog\\\/trithemis-annulata-6\\\/#breadcrumb\"},\"inLanguage\":\"fr-FR\",\"potentialAction\":[{\"@type\":\"ReadAction\",\"target\":[\"https:\\\/\\\/www.meslibellules.fr\\\/blog\\\/trithemis-annulata-6\\\/\"]}]},{\"@type\":\"ImageObject\",\"inLanguage\":\"fr-FR\",\"@id\":\"https:\\\/\\\/www.meslibellules.fr\\\/blog\\\/trithemis-annulata-6\\\/#primaryimage\",\"url\":\"http:\\\/\\\/www.meslibellules.fr\\\/blog\\\/wp-content\\\/uploads\\\/trithemis-annulata-4.jpg\",\"contentUrl\":\"http:\\\/\\\/www.meslibellules.fr\\\/blog\\\/wp-content\\\/uploads\\\/trithemis-annulata-4.jpg\"},{\"@type\":\"BreadcrumbList\",\"@id\":\"https:\\\/\\\/www.meslibellules.fr\\\/blog\\\/trithemis-annulata-6\\\/#breadcrumb\",\"itemListElement\":[{\"@type\":\"ListItem\",\"position\":1,\"name\":\"Accueil\",\"item\":\"https:\\\/\\\/www.meslibellules.fr\\\/blog\\\/\"},{\"@type\":\"ListItem\",\"position\":2,\"name\":\"Trithemis annulata (Palisot de Beauvois, 1807) : accueil\"}]},{\"@type\":\"WebSite\",\"@id\":\"https:\\\/\\\/www.meslibellules.fr\\\/blog\\\/#website\",\"url\":\"https:\\\/\\\/www.meslibellules.fr\\\/blog\\\/\",\"name\":\"Mes Libellules\",\"description\":\"Pr\u00e9sentation des libellules rencontr\u00e9es dans le monde\",\"publisher\":{\"@id\":\"https:\\\/\\\/www.meslibellules.fr\\\/blog\\\/#\\\/schema\\\/person\\\/9aa3586f9dd053fcf329f43b8b053c77\"},\"potentialAction\":[{\"@type\":\"SearchAction\",\"target\":{\"@type\":\"EntryPoint\",\"urlTemplate\":\"https:\\\/\\\/www.meslibellules.fr\\\/blog\\\/?s={search_term_string}\"},\"query-input\":{\"@type\":\"PropertyValueSpecification\",\"valueRequired\":true,\"valueName\":\"search_term_string\"}}],\"inLanguage\":\"fr-FR\"},{\"@type\":[\"Person\",\"Organization\"],\"@id\":\"https:\\\/\\\/www.meslibellules.fr\\\/blog\\\/#\\\/schema\\\/person\\\/9aa3586f9dd053fcf329f43b8b053c77\",\"name\":\"Beno\u00eet Guillon\",\"image\":{\"@type\":\"ImageObject\",\"inLanguage\":\"fr-FR\",\"@id\":\"https:\\\/\\\/www.meslibellules.fr\\\/blog\\\/wp-content\\\/uploads\\\/cropped-avatar-150-pix.jpg\",\"url\":\"https:\\\/\\\/www.meslibellules.fr\\\/blog\\\/wp-content\\\/uploads\\\/cropped-avatar-150-pix.jpg\",\"contentUrl\":\"https:\\\/\\\/www.meslibellules.fr\\\/blog\\\/wp-content\\\/uploads\\\/cropped-avatar-150-pix.jpg\",\"width\":150,\"height\":137,\"caption\":\"Beno\u00eet Guillon\"},\"logo\":{\"@id\":\"https:\\\/\\\/www.meslibellules.fr\\\/blog\\\/wp-content\\\/uploads\\\/cropped-avatar-150-pix.jpg\"},\"sameAs\":[\"https:\\\/\\\/www.facebook.com\\\/benoit.guillon.96\\\/\"]}]}<\/script>\n<!-- \/ Yoast SEO plugin. -->","yoast_head_json":{"title":"Trithemis annulata - Mes Libellules","description":"Trithemis annulata, page de pr\u00e9sentation, description, identification, taille, habitat, distribution g\u00e9ographique, \u00e9tymologie","robots":{"index":"index","follow":"follow","max-snippet":"max-snippet:-1","max-image-preview":"max-image-preview:large","max-video-preview":"max-video-preview:-1"},"canonical":"https:\/\/www.meslibellules.fr\/blog\/trithemis-annulata-6\/","og_locale":"fr_FR","og_type":"article","og_title":"Trithemis annulata - Mes Libellules","og_description":"Trithemis annulata, page de pr\u00e9sentation, description, identification, taille, habitat, distribution g\u00e9ographique, \u00e9tymologie","og_url":"https:\/\/www.meslibellules.fr\/blog\/trithemis-annulata-6\/","og_site_name":"Mes Libellules","article_publisher":"https:\/\/www.facebook.com\/benoit.guillon.96\/","article_modified_time":"2025-12-13T20:19:36+00:00","og_image":[{"url":"http:\/\/www.meslibellules.fr\/blog\/wp-content\/uploads\/trithemis-annulata-4.jpg","type":"","width":"","height":""}],"twitter_card":"summary_large_image","twitter_misc":{"Dur\u00e9e de lecture estim\u00e9e":"5 minutes"},"schema":{"@context":"https:\/\/schema.org","@graph":[{"@type":"WebPage","@id":"https:\/\/www.meslibellules.fr\/blog\/trithemis-annulata-6\/","url":"https:\/\/www.meslibellules.fr\/blog\/trithemis-annulata-6\/","name":"Trithemis annulata - Mes Libellules","isPartOf":{"@id":"https:\/\/www.meslibellules.fr\/blog\/#website"},"primaryImageOfPage":{"@id":"https:\/\/www.meslibellules.fr\/blog\/trithemis-annulata-6\/#primaryimage"},"image":{"@id":"https:\/\/www.meslibellules.fr\/blog\/trithemis-annulata-6\/#primaryimage"},"thumbnailUrl":"http:\/\/www.meslibellules.fr\/blog\/wp-content\/uploads\/trithemis-annulata-4.jpg","datePublished":"2020-01-10T12:41:37+00:00","dateModified":"2025-12-13T20:19:36+00:00","description":"Trithemis annulata, page de pr\u00e9sentation, description, identification, taille, habitat, distribution g\u00e9ographique, \u00e9tymologie","breadcrumb":{"@id":"https:\/\/www.meslibellules.fr\/blog\/trithemis-annulata-6\/#breadcrumb"},"inLanguage":"fr-FR","potentialAction":[{"@type":"ReadAction","target":["https:\/\/www.meslibellules.fr\/blog\/trithemis-annulata-6\/"]}]},{"@type":"ImageObject","inLanguage":"fr-FR","@id":"https:\/\/www.meslibellules.fr\/blog\/trithemis-annulata-6\/#primaryimage","url":"http:\/\/www.meslibellules.fr\/blog\/wp-content\/uploads\/trithemis-annulata-4.jpg","contentUrl":"http:\/\/www.meslibellules.fr\/blog\/wp-content\/uploads\/trithemis-annulata-4.jpg"},{"@type":"BreadcrumbList","@id":"https:\/\/www.meslibellules.fr\/blog\/trithemis-annulata-6\/#breadcrumb","itemListElement":[{"@type":"ListItem","position":1,"name":"Accueil","item":"https:\/\/www.meslibellules.fr\/blog\/"},{"@type":"ListItem","position":2,"name":"Trithemis annulata (Palisot de Beauvois, 1807) : accueil"}]},{"@type":"WebSite","@id":"https:\/\/www.meslibellules.fr\/blog\/#website","url":"https:\/\/www.meslibellules.fr\/blog\/","name":"Mes Libellules","description":"Pr\u00e9sentation des libellules rencontr\u00e9es dans le monde","publisher":{"@id":"https:\/\/www.meslibellules.fr\/blog\/#\/schema\/person\/9aa3586f9dd053fcf329f43b8b053c77"},"potentialAction":[{"@type":"SearchAction","target":{"@type":"EntryPoint","urlTemplate":"https:\/\/www.meslibellules.fr\/blog\/?s={search_term_string}"},"query-input":{"@type":"PropertyValueSpecification","valueRequired":true,"valueName":"search_term_string"}}],"inLanguage":"fr-FR"},{"@type":["Person","Organization"],"@id":"https:\/\/www.meslibellules.fr\/blog\/#\/schema\/person\/9aa3586f9dd053fcf329f43b8b053c77","name":"Beno\u00eet Guillon","image":{"@type":"ImageObject","inLanguage":"fr-FR","@id":"https:\/\/www.meslibellules.fr\/blog\/wp-content\/uploads\/cropped-avatar-150-pix.jpg","url":"https:\/\/www.meslibellules.fr\/blog\/wp-content\/uploads\/cropped-avatar-150-pix.jpg","contentUrl":"https:\/\/www.meslibellules.fr\/blog\/wp-content\/uploads\/cropped-avatar-150-pix.jpg","width":150,"height":137,"caption":"Beno\u00eet Guillon"},"logo":{"@id":"https:\/\/www.meslibellules.fr\/blog\/wp-content\/uploads\/cropped-avatar-150-pix.jpg"},"sameAs":["https:\/\/www.facebook.com\/benoit.guillon.96\/"]}]}},"_links":{"self":[{"href":"https:\/\/www.meslibellules.fr\/blog\/wp-json\/wp\/v2\/pages\/4651","targetHints":{"allow":["GET"]}}],"collection":[{"href":"https:\/\/www.meslibellules.fr\/blog\/wp-json\/wp\/v2\/pages"}],"about":[{"href":"https:\/\/www.meslibellules.fr\/blog\/wp-json\/wp\/v2\/types\/page"}],"author":[{"embeddable":true,"href":"https:\/\/www.meslibellules.fr\/blog\/wp-json\/wp\/v2\/users\/1"}],"replies":[{"embeddable":true,"href":"https:\/\/www.meslibellules.fr\/blog\/wp-json\/wp\/v2\/comments?post=4651"}],"version-history":[{"count":3,"href":"https:\/\/www.meslibellules.fr\/blog\/wp-json\/wp\/v2\/pages\/4651\/revisions"}],"predecessor-version":[{"id":27313,"href":"https:\/\/www.meslibellules.fr\/blog\/wp-json\/wp\/v2\/pages\/4651\/revisions\/27313"}],"wp:attachment":[{"href":"https:\/\/www.meslibellules.fr\/blog\/wp-json\/wp\/v2\/media?parent=4651"}],"curies":[{"name":"wp","href":"https:\/\/api.w.org\/{rel}","templated":true}]}}