{"id":7549,"date":"2021-01-04T12:29:13","date_gmt":"2021-01-04T11:29:13","guid":{"rendered":"http:\/\/www.meslibellules.fr\/blog\/?page_id=7549"},"modified":"2023-02-06T18:13:39","modified_gmt":"2023-02-06T17:13:39","slug":"gomphus-simillimus-selys-1840","status":"publish","type":"page","link":"https:\/\/www.meslibellules.fr\/blog\/gomphus-simillimus-selys-1840\/","title":{"rendered":"Gomphus simillimus (Selys, 1840)"},"content":{"rendered":"\n<p style=\"font-size:15px\">Il m&rsquo;a fallu pr\u00e8s de 15 ans pour rencontrer Gomphus simillimus et c&rsquo;est dans notre paradis fran\u00e7ais des Gomphes, les Landes, qu&rsquo;on me l&rsquo;a pr\u00e9sent\u00e9.<\/p>\n\n\n\n<figure class=\"wp-block-image aligncenter size-large is-resized\"><a href=\"https:\/\/www.meslibellules.fr\/blog\/wp-content\/uploads\/gomphus-simillimus-accueil.jpg\"><img decoding=\"async\" data-src=\"https:\/\/www.meslibellules.fr\/blog\/wp-content\/uploads\/gomphus-simillimus-accueil.jpg\" alt=\"Gomphus simillimus m\u00e2le, Sort en Chalosse (France-40), 04\/07\/2020\" class=\"wp-image-7552 lazyload\" width=\"386\" height=\"377\" data-srcset=\"https:\/\/www.meslibellules.fr\/blog\/wp-content\/uploads\/\/gomphus-simillimus-accueil.jpg 1229w, https:\/\/www.meslibellules.fr\/blog\/wp-content\/uploads\/\/gomphus-simillimus-accueil-768x752.jpg 768w, https:\/\/www.meslibellules.fr\/blog\/wp-content\/uploads\/\/gomphus-simillimus-accueil-1200x1176.jpg 1200w\" data-sizes=\"(max-width: 386px) 100vw, 386px\" src=\"data:image\/svg+xml;base64,PHN2ZyB3aWR0aD0iMSIgaGVpZ2h0PSIxIiB4bWxucz0iaHR0cDovL3d3dy53My5vcmcvMjAwMC9zdmciPjwvc3ZnPg==\" style=\"--smush-placeholder-width: 386px; --smush-placeholder-aspect-ratio: 386\/377;\" \/><\/a><figcaption class=\"wp-element-caption\">Gomphus simillimus m\u00e2le, Sort en Chalosse (France-40),  04\/07\/2020<\/figcaption><\/figure>\n\n\n\n<h5><span style=\"text-decoration: underline;\">Description &#8211; Identification<\/span><\/h5>\n\n\n\n<p style=\"font-size:15px\">Gomphus simillimus ressemble beaucoup \u00e0 son cousin <a href=\"http:\/\/www.meslibellules.fr\/pagesweb\/gomphidae\/gomphus\/gomphuspulchellus\/gomphus-pulchellus-male-4\/gomphus-pulchellus-male-9big.jpg\">Gomphus pulchellus<\/a> ; la diff\u00e9rence la plus \u00e9vidente au premier regard est la largeur des bandes noires ant\u00e9hum\u00e9rales, beaucoup plus grasses que celles de Gomphus simillimus. Ces bandes noires sont \u00e0 peu pr\u00e8s aussi larges que la bande jaune qu&rsquo;elles encadrent, alors que pour Gomphus graslinii cette bande jaune est tr\u00e8s \u00e9troite, \u00e0 peine visible et parfois interrompue.<br>Il mesure 45 \u00e0 50 mm.<\/p>\n\n\n\n<h5><span style=\"text-decoration: underline;\">Habitat<\/span><\/h5>\n\n\n\n<p style=\"font-size:15px\">Ce sujet a \u00e9t\u00e9 d\u00e9couvert le long du Luy, petite rivi\u00e8re qui passe au pied du bourg de Sort en Chalosse (France &#8211; Landes) ; il s&rsquo;agit d&rsquo;<a href=\"https:\/\/www.meslibellules.fr\/blog\/wp-content\/uploads\/biotope-gomphus-simillimus.jpg\">une prairie<\/a> d&rsquo;une vingtaine de m\u00e8tres de large sur 80 de long, bord\u00e9e d&rsquo;un c\u00f4t\u00e9 par la rivi\u00e8re, de l&rsquo;autre par une route assez fr\u00e9quent\u00e9e.<br>On le trouve le plus souvent sur les rivi\u00e8res m\u00eame larges, rarement sur les lacs ou mares. Sa vie larvaire dure 3 ans, sans doute 1 ou 2 ans de plus dans les zones les plus froides.<\/p>\n\n\n\n<h5><span style=\"text-decoration: underline;\">Distribution g\u00e9ographique<\/span><\/h5>\n\n\n\n<p style=\"font-size:15px\">En Europe, il est plus commun dans le sud-ouest de la France, m\u00eame si on peut le rencontrer en Espagne ou au Portugal. <br>Il est <em>rare<\/em> en Maine-et-Loire ou il est vu tout de m\u00eame \u00e0 peu pr\u00e8s tous les ans, beaucoup plus commun donc plus au sud sur la fa\u00e7ade Atlantique ou la vall\u00e9e du Rh\u00f4ne.<\/p>\n\n\n\n<h5><span style=\"text-decoration: underline;\">\u00c9tymologie<\/span><\/h5>\n\n\n\n<p><em>Gomphus<\/em> vient d\u2019un mot grec qui signifie <em>cheville<\/em> ou <em>boulon<\/em>, en r\u00e9f\u00e9rence \u00e0 la forme de l\u2019abdomen de la plupart des esp\u00e8ces, qui ressemble \u00e0 une <em>cheville pour assembler les bateaux<\/em> (1).<br><em>Simillimus<\/em> est le superlatif du latin similis, qui signifie <em>similaire<\/em>, Gomphus simillimus est celui qui est <em>le plus similaire <\/em>\u00e0 Gomphus pulchellus.<\/p>\n\n\n\n\n\n<p><\/p>\n\n\n\n\n\n<figure class=\"wp-block-image size-large is-resized\"><a href=\"http:\/\/www.meslibellules.fr\/\"><img decoding=\"async\" data-src=\"https:\/\/www.meslibellules.fr\/blog\/wp-content\/uploads\/accueil-1.gif\" alt=\"Accueil\" class=\"wp-image-7625 lazyload\" width=\"100\" height=\"20\" src=\"data:image\/svg+xml;base64,PHN2ZyB3aWR0aD0iMSIgaGVpZ2h0PSIxIiB4bWxucz0iaHR0cDovL3d3dy53My5vcmcvMjAwMC9zdmciPjwvc3ZnPg==\" style=\"--smush-placeholder-width: 100px; --smush-placeholder-aspect-ratio: 100\/20;\" \/><\/a><\/figure>\n\n\n\n<figure class=\"wp-block-image size-large\"><a href=\"https:\/\/www.meslibellules.fr\/blog\/2021\/01\/04\/gomphus-simillimus-male\/\"><img decoding=\"async\" width=\"100\" height=\"20\" data-src=\"https:\/\/www.meslibellules.fr\/blog\/wp-content\/uploads\/male.gif\" alt=\"Lien vers la page des m\u00e2les Gomphus simillimus\" class=\"wp-image-4682 lazyload\" src=\"data:image\/svg+xml;base64,PHN2ZyB3aWR0aD0iMSIgaGVpZ2h0PSIxIiB4bWxucz0iaHR0cDovL3d3dy53My5vcmcvMjAwMC9zdmciPjwvc3ZnPg==\" style=\"--smush-placeholder-width: 100px; --smush-placeholder-aspect-ratio: 100\/20;\" \/><\/a><\/figure>\n\n\n\n<figure class=\"wp-block-image size-large is-resized\"><a href=\"https:\/\/www.meslibellules.fr\/blog\/2021\/01\/09\/gomphus-simillimus-femelle\/\"><img decoding=\"async\" data-src=\"https:\/\/www.meslibellules.fr\/blog\/wp-content\/uploads\/femelle.gif\" alt=\"Lien vers la page des femelles Gomphus simillimus\" class=\"wp-image-7616 lazyload\" width=\"100\" height=\"20\" src=\"data:image\/svg+xml;base64,PHN2ZyB3aWR0aD0iMSIgaGVpZ2h0PSIxIiB4bWxucz0iaHR0cDovL3d3dy53My5vcmcvMjAwMC9zdmciPjwvc3ZnPg==\" style=\"--smush-placeholder-width: 100px; --smush-placeholder-aspect-ratio: 100\/20;\" \/><\/a><\/figure>\n\n\n\n<p><\/p>\n","protected":false},"excerpt":{"rendered":"<p>Il m&rsquo;a fallu pr\u00e8s de 15 ans pour rencontrer Gomphus simillimus et c&rsquo;est dans notre paradis fran\u00e7ais des Gomphes, les Landes, qu&rsquo;on me l&rsquo;a pr\u00e9sent\u00e9. Description &#8211; Identification Gomphus simillimus ressemble beaucoup \u00e0 son cousin Gomphus pulchellus ; la diff\u00e9rence la plus \u00e9vidente au premier regard est la largeur des bandes noires ant\u00e9hum\u00e9rales, beaucoup plus [&hellip;]<\/p>\n","protected":false},"author":1,"featured_media":0,"parent":0,"menu_order":0,"comment_status":"closed","ping_status":"closed","template":"","meta":{"site-sidebar-layout":"default","site-content-layout":"","ast-site-content-layout":"default","site-content-style":"default","site-sidebar-style":"default","ast-global-header-display":"","ast-banner-title-visibility":"","ast-main-header-display":"","ast-hfb-above-header-display":"","ast-hfb-below-header-display":"","ast-hfb-mobile-header-display":"","site-post-title":"","ast-breadcrumbs-content":"","ast-featured-img":"","footer-sml-layout":"","ast-disable-related-posts":"","theme-transparent-header-meta":"","adv-header-id-meta":"","stick-header-meta":"","header-above-stick-meta":"","header-main-stick-meta":"","header-below-stick-meta":"","astra-migrate-meta-layouts":"default","ast-page-background-enabled":"default","ast-page-background-meta":{"desktop":{"background-color":"var(--ast-global-color-4)","background-image":"","background-repeat":"repeat","background-position":"center center","background-size":"auto","background-attachment":"scroll","background-type":"","background-media":"","overlay-type":"","overlay-color":"","overlay-opacity":"","overlay-gradient":""},"tablet":{"background-color":"","background-image":"","background-repeat":"repeat","background-position":"center center","background-size":"auto","background-attachment":"scroll","background-type":"","background-media":"","overlay-type":"","overlay-color":"","overlay-opacity":"","overlay-gradient":""},"mobile":{"background-color":"","background-image":"","background-repeat":"repeat","background-position":"center center","background-size":"auto","background-attachment":"scroll","background-type":"","background-media":"","overlay-type":"","overlay-color":"","overlay-opacity":"","overlay-gradient":""}},"ast-content-background-meta":{"desktop":{"background-color":"var(--ast-global-color-5)","background-image":"","background-repeat":"repeat","background-position":"center center","background-size":"auto","background-attachment":"scroll","background-type":"","background-media":"","overlay-type":"","overlay-color":"","overlay-opacity":"","overlay-gradient":""},"tablet":{"background-color":"var(--ast-global-color-5)","background-image":"","background-repeat":"repeat","background-position":"center center","background-size":"auto","background-attachment":"scroll","background-type":"","background-media":"","overlay-type":"","overlay-color":"","overlay-opacity":"","overlay-gradient":""},"mobile":{"background-color":"var(--ast-global-color-5)","background-image":"","background-repeat":"repeat","background-position":"center center","background-size":"auto","background-attachment":"scroll","background-type":"","background-media":"","overlay-type":"","overlay-color":"","overlay-opacity":"","overlay-gradient":""}},"footnotes":""},"class_list":["post-7549","page","type-page","status-publish","hentry"],"yoast_head":"<!-- This site is optimized with the Yoast SEO plugin v27.6 - https:\/\/yoast.com\/product\/yoast-seo-wordpress\/ -->\n<title>Gomphus simillimus - Mes Libellules<\/title>\n<meta name=\"description\" content=\"Gomphus simillimus en France, identification, habitat, distribution g\u00e9ographique, dur\u00e9e de vie larvaire, photo\" \/>\n<meta name=\"robots\" content=\"index, follow, max-snippet:-1, max-image-preview:large, max-video-preview:-1\" \/>\n<link rel=\"canonical\" href=\"https:\/\/www.meslibellules.fr\/blog\/gomphus-simillimus-selys-1840\/\" \/>\n<meta property=\"og:locale\" content=\"fr_FR\" \/>\n<meta property=\"og:type\" content=\"article\" \/>\n<meta property=\"og:title\" content=\"Gomphus simillimus - Mes Libellules\" \/>\n<meta property=\"og:description\" content=\"Gomphus simillimus en France, identification, habitat, distribution g\u00e9ographique, dur\u00e9e de vie larvaire, photo\" \/>\n<meta property=\"og:url\" content=\"https:\/\/www.meslibellules.fr\/blog\/gomphus-simillimus-selys-1840\/\" \/>\n<meta property=\"og:site_name\" content=\"Mes Libellules\" \/>\n<meta property=\"article:publisher\" content=\"https:\/\/www.facebook.com\/benoit.guillon.96\/\" \/>\n<meta property=\"article:modified_time\" content=\"2023-02-06T17:13:39+00:00\" \/>\n<meta property=\"og:image\" content=\"http:\/\/www.meslibellules.fr\/blog\/wp-content\/uploads\/gomphus-simillimus-accueil.jpg\" \/>\n<meta name=\"twitter:card\" content=\"summary_large_image\" \/>\n<meta name=\"twitter:label1\" content=\"Dur\u00e9e de lecture estim\u00e9e\" \/>\n\t<meta name=\"twitter:data1\" content=\"3 minutes\" \/>\n<script type=\"application\/ld+json\" class=\"yoast-schema-graph\">{\"@context\":\"https:\\\/\\\/schema.org\",\"@graph\":[{\"@type\":\"WebPage\",\"@id\":\"https:\\\/\\\/www.meslibellules.fr\\\/blog\\\/gomphus-simillimus-selys-1840\\\/\",\"url\":\"https:\\\/\\\/www.meslibellules.fr\\\/blog\\\/gomphus-simillimus-selys-1840\\\/\",\"name\":\"Gomphus simillimus - Mes Libellules\",\"isPartOf\":{\"@id\":\"https:\\\/\\\/www.meslibellules.fr\\\/blog\\\/#website\"},\"primaryImageOfPage\":{\"@id\":\"https:\\\/\\\/www.meslibellules.fr\\\/blog\\\/gomphus-simillimus-selys-1840\\\/#primaryimage\"},\"image\":{\"@id\":\"https:\\\/\\\/www.meslibellules.fr\\\/blog\\\/gomphus-simillimus-selys-1840\\\/#primaryimage\"},\"thumbnailUrl\":\"http:\\\/\\\/www.meslibellules.fr\\\/blog\\\/wp-content\\\/uploads\\\/gomphus-simillimus-accueil.jpg\",\"datePublished\":\"2021-01-04T11:29:13+00:00\",\"dateModified\":\"2023-02-06T17:13:39+00:00\",\"description\":\"Gomphus simillimus en France, identification, habitat, distribution g\u00e9ographique, dur\u00e9e de vie larvaire, photo\",\"breadcrumb\":{\"@id\":\"https:\\\/\\\/www.meslibellules.fr\\\/blog\\\/gomphus-simillimus-selys-1840\\\/#breadcrumb\"},\"inLanguage\":\"fr-FR\",\"potentialAction\":[{\"@type\":\"ReadAction\",\"target\":[\"https:\\\/\\\/www.meslibellules.fr\\\/blog\\\/gomphus-simillimus-selys-1840\\\/\"]}]},{\"@type\":\"ImageObject\",\"inLanguage\":\"fr-FR\",\"@id\":\"https:\\\/\\\/www.meslibellules.fr\\\/blog\\\/gomphus-simillimus-selys-1840\\\/#primaryimage\",\"url\":\"http:\\\/\\\/www.meslibellules.fr\\\/blog\\\/wp-content\\\/uploads\\\/gomphus-simillimus-accueil.jpg\",\"contentUrl\":\"http:\\\/\\\/www.meslibellules.fr\\\/blog\\\/wp-content\\\/uploads\\\/gomphus-simillimus-accueil.jpg\"},{\"@type\":\"BreadcrumbList\",\"@id\":\"https:\\\/\\\/www.meslibellules.fr\\\/blog\\\/gomphus-simillimus-selys-1840\\\/#breadcrumb\",\"itemListElement\":[{\"@type\":\"ListItem\",\"position\":1,\"name\":\"Accueil\",\"item\":\"https:\\\/\\\/www.meslibellules.fr\\\/blog\\\/\"},{\"@type\":\"ListItem\",\"position\":2,\"name\":\"Gomphus simillimus (Selys, 1840)\"}]},{\"@type\":\"WebSite\",\"@id\":\"https:\\\/\\\/www.meslibellules.fr\\\/blog\\\/#website\",\"url\":\"https:\\\/\\\/www.meslibellules.fr\\\/blog\\\/\",\"name\":\"Mes Libellules\",\"description\":\"Pr\u00e9sentation des libellules rencontr\u00e9es dans le monde\",\"publisher\":{\"@id\":\"https:\\\/\\\/www.meslibellules.fr\\\/blog\\\/#\\\/schema\\\/person\\\/9aa3586f9dd053fcf329f43b8b053c77\"},\"potentialAction\":[{\"@type\":\"SearchAction\",\"target\":{\"@type\":\"EntryPoint\",\"urlTemplate\":\"https:\\\/\\\/www.meslibellules.fr\\\/blog\\\/?s={search_term_string}\"},\"query-input\":{\"@type\":\"PropertyValueSpecification\",\"valueRequired\":true,\"valueName\":\"search_term_string\"}}],\"inLanguage\":\"fr-FR\"},{\"@type\":[\"Person\",\"Organization\"],\"@id\":\"https:\\\/\\\/www.meslibellules.fr\\\/blog\\\/#\\\/schema\\\/person\\\/9aa3586f9dd053fcf329f43b8b053c77\",\"name\":\"Beno\u00eet Guillon\",\"image\":{\"@type\":\"ImageObject\",\"inLanguage\":\"fr-FR\",\"@id\":\"https:\\\/\\\/www.meslibellules.fr\\\/blog\\\/wp-content\\\/uploads\\\/cropped-avatar-150-pix.jpg\",\"url\":\"https:\\\/\\\/www.meslibellules.fr\\\/blog\\\/wp-content\\\/uploads\\\/cropped-avatar-150-pix.jpg\",\"contentUrl\":\"https:\\\/\\\/www.meslibellules.fr\\\/blog\\\/wp-content\\\/uploads\\\/cropped-avatar-150-pix.jpg\",\"width\":150,\"height\":137,\"caption\":\"Beno\u00eet Guillon\"},\"logo\":{\"@id\":\"https:\\\/\\\/www.meslibellules.fr\\\/blog\\\/wp-content\\\/uploads\\\/cropped-avatar-150-pix.jpg\"},\"sameAs\":[\"https:\\\/\\\/www.facebook.com\\\/benoit.guillon.96\\\/\"]}]}<\/script>\n<!-- \/ Yoast SEO plugin. -->","yoast_head_json":{"title":"Gomphus simillimus - Mes Libellules","description":"Gomphus simillimus en France, identification, habitat, distribution g\u00e9ographique, dur\u00e9e de vie larvaire, photo","robots":{"index":"index","follow":"follow","max-snippet":"max-snippet:-1","max-image-preview":"max-image-preview:large","max-video-preview":"max-video-preview:-1"},"canonical":"https:\/\/www.meslibellules.fr\/blog\/gomphus-simillimus-selys-1840\/","og_locale":"fr_FR","og_type":"article","og_title":"Gomphus simillimus - Mes Libellules","og_description":"Gomphus simillimus en France, identification, habitat, distribution g\u00e9ographique, dur\u00e9e de vie larvaire, photo","og_url":"https:\/\/www.meslibellules.fr\/blog\/gomphus-simillimus-selys-1840\/","og_site_name":"Mes Libellules","article_publisher":"https:\/\/www.facebook.com\/benoit.guillon.96\/","article_modified_time":"2023-02-06T17:13:39+00:00","og_image":[{"url":"http:\/\/www.meslibellules.fr\/blog\/wp-content\/uploads\/gomphus-simillimus-accueil.jpg","type":"","width":"","height":""}],"twitter_card":"summary_large_image","twitter_misc":{"Dur\u00e9e de lecture estim\u00e9e":"3 minutes"},"schema":{"@context":"https:\/\/schema.org","@graph":[{"@type":"WebPage","@id":"https:\/\/www.meslibellules.fr\/blog\/gomphus-simillimus-selys-1840\/","url":"https:\/\/www.meslibellules.fr\/blog\/gomphus-simillimus-selys-1840\/","name":"Gomphus simillimus - Mes Libellules","isPartOf":{"@id":"https:\/\/www.meslibellules.fr\/blog\/#website"},"primaryImageOfPage":{"@id":"https:\/\/www.meslibellules.fr\/blog\/gomphus-simillimus-selys-1840\/#primaryimage"},"image":{"@id":"https:\/\/www.meslibellules.fr\/blog\/gomphus-simillimus-selys-1840\/#primaryimage"},"thumbnailUrl":"http:\/\/www.meslibellules.fr\/blog\/wp-content\/uploads\/gomphus-simillimus-accueil.jpg","datePublished":"2021-01-04T11:29:13+00:00","dateModified":"2023-02-06T17:13:39+00:00","description":"Gomphus simillimus en France, identification, habitat, distribution g\u00e9ographique, dur\u00e9e de vie larvaire, photo","breadcrumb":{"@id":"https:\/\/www.meslibellules.fr\/blog\/gomphus-simillimus-selys-1840\/#breadcrumb"},"inLanguage":"fr-FR","potentialAction":[{"@type":"ReadAction","target":["https:\/\/www.meslibellules.fr\/blog\/gomphus-simillimus-selys-1840\/"]}]},{"@type":"ImageObject","inLanguage":"fr-FR","@id":"https:\/\/www.meslibellules.fr\/blog\/gomphus-simillimus-selys-1840\/#primaryimage","url":"http:\/\/www.meslibellules.fr\/blog\/wp-content\/uploads\/gomphus-simillimus-accueil.jpg","contentUrl":"http:\/\/www.meslibellules.fr\/blog\/wp-content\/uploads\/gomphus-simillimus-accueil.jpg"},{"@type":"BreadcrumbList","@id":"https:\/\/www.meslibellules.fr\/blog\/gomphus-simillimus-selys-1840\/#breadcrumb","itemListElement":[{"@type":"ListItem","position":1,"name":"Accueil","item":"https:\/\/www.meslibellules.fr\/blog\/"},{"@type":"ListItem","position":2,"name":"Gomphus simillimus (Selys, 1840)"}]},{"@type":"WebSite","@id":"https:\/\/www.meslibellules.fr\/blog\/#website","url":"https:\/\/www.meslibellules.fr\/blog\/","name":"Mes Libellules","description":"Pr\u00e9sentation des libellules rencontr\u00e9es dans le monde","publisher":{"@id":"https:\/\/www.meslibellules.fr\/blog\/#\/schema\/person\/9aa3586f9dd053fcf329f43b8b053c77"},"potentialAction":[{"@type":"SearchAction","target":{"@type":"EntryPoint","urlTemplate":"https:\/\/www.meslibellules.fr\/blog\/?s={search_term_string}"},"query-input":{"@type":"PropertyValueSpecification","valueRequired":true,"valueName":"search_term_string"}}],"inLanguage":"fr-FR"},{"@type":["Person","Organization"],"@id":"https:\/\/www.meslibellules.fr\/blog\/#\/schema\/person\/9aa3586f9dd053fcf329f43b8b053c77","name":"Beno\u00eet Guillon","image":{"@type":"ImageObject","inLanguage":"fr-FR","@id":"https:\/\/www.meslibellules.fr\/blog\/wp-content\/uploads\/cropped-avatar-150-pix.jpg","url":"https:\/\/www.meslibellules.fr\/blog\/wp-content\/uploads\/cropped-avatar-150-pix.jpg","contentUrl":"https:\/\/www.meslibellules.fr\/blog\/wp-content\/uploads\/cropped-avatar-150-pix.jpg","width":150,"height":137,"caption":"Beno\u00eet Guillon"},"logo":{"@id":"https:\/\/www.meslibellules.fr\/blog\/wp-content\/uploads\/cropped-avatar-150-pix.jpg"},"sameAs":["https:\/\/www.facebook.com\/benoit.guillon.96\/"]}]}},"_links":{"self":[{"href":"https:\/\/www.meslibellules.fr\/blog\/wp-json\/wp\/v2\/pages\/7549","targetHints":{"allow":["GET"]}}],"collection":[{"href":"https:\/\/www.meslibellules.fr\/blog\/wp-json\/wp\/v2\/pages"}],"about":[{"href":"https:\/\/www.meslibellules.fr\/blog\/wp-json\/wp\/v2\/types\/page"}],"author":[{"embeddable":true,"href":"https:\/\/www.meslibellules.fr\/blog\/wp-json\/wp\/v2\/users\/1"}],"replies":[{"embeddable":true,"href":"https:\/\/www.meslibellules.fr\/blog\/wp-json\/wp\/v2\/comments?post=7549"}],"version-history":[{"count":0,"href":"https:\/\/www.meslibellules.fr\/blog\/wp-json\/wp\/v2\/pages\/7549\/revisions"}],"wp:attachment":[{"href":"https:\/\/www.meslibellules.fr\/blog\/wp-json\/wp\/v2\/media?parent=7549"}],"curies":[{"name":"wp","href":"https:\/\/api.w.org\/{rel}","templated":true}]}}