{"id":8736,"date":"2021-05-11T07:26:52","date_gmt":"2021-05-11T05:26:52","guid":{"rendered":"https:\/\/www.meslibellules.fr\/blog\/?page_id=8736"},"modified":"2025-12-29T09:46:11","modified_gmt":"2025-12-29T08:46:11","slug":"epitheca-bimaculata-accueil","status":"publish","type":"page","link":"https:\/\/www.meslibellules.fr\/blog\/epitheca-bimaculata-accueil\/","title":{"rendered":"Epitheca bimaculata (Charpentier, 1825) : accueil"},"content":{"rendered":"\n<div class=\"wp-block-media-text alignwide is-stacked-on-mobile is-vertically-aligned-center\"><figure class=\"wp-block-media-text__media\"><a href=\"https:\/\/www.meslibellules.fr\/blog\/wp-content\/uploads\/epitheca-bimaculata-male-emergent-2.jpg\"><img decoding=\"async\" width=\"1445\" height=\"1204\" data-src=\"https:\/\/www.meslibellules.fr\/blog\/wp-content\/uploads\/epitheca-bimaculata-male-emergent-2.jpg\" alt=\"Epitheca bimaculata m\u00e2le \u00e9mergent, Coligny (France-01), 08\/05\/2021\" class=\"wp-image-8738 size-full lazyload\" data-srcset=\"https:\/\/www.meslibellules.fr\/blog\/wp-content\/uploads\/\/epitheca-bimaculata-male-emergent-2.jpg 1445w, https:\/\/www.meslibellules.fr\/blog\/wp-content\/uploads\/\/epitheca-bimaculata-male-emergent-2-768x640.jpg 768w, https:\/\/www.meslibellules.fr\/blog\/wp-content\/uploads\/\/epitheca-bimaculata-male-emergent-2-1200x1000.jpg 1200w\" data-sizes=\"(max-width: 1445px) 100vw, 1445px\" src=\"data:image\/svg+xml;base64,PHN2ZyB3aWR0aD0iMSIgaGVpZ2h0PSIxIiB4bWxucz0iaHR0cDovL3d3dy53My5vcmcvMjAwMC9zdmciPjwvc3ZnPg==\" style=\"--smush-placeholder-width: 1445px; --smush-placeholder-aspect-ratio: 1445\/1204;\" \/><\/a><\/figure><div class=\"wp-block-media-text__content\">\n<h5><span style=\"text-decoration: underline;\">Description &#8211; Identification<\/span><\/h5>\n\n\n\n<p style=\"font-size:14px\">Epitheca bimaculata est un grand odonate de 55 \u00e0 65 mm, un Corduliidae qui ressemble aux Libellulidae, d&rsquo;ailleurs d\u00e9crit en 1825 par Toussaint de Charpentier sous le nom de Libellula bimaculata.<br>Mais contrairement aux Libellulidae sa coloration \u00e9volue tr\u00e8s peu depuis son \u00e9mergence jusqu&rsquo;\u00e0 sa maturit\u00e9, seuls ses yeux deviendront parfois verts comme ceux des Corduliidae.<br>On ne peut le confondre qu&rsquo;avec un jeune m\u00e2le (ou femelle) <a href=\"https:\/\/www.meslibellules.fr\/blog\/wp-content\/uploads\/libellula-fulva-maleetfemelle-immatures-1-2048x1001.jpg\">Libellula fulva<\/a> dont il partage les taches basales alaires (plus compactes pour L. fulva) et la ligne noire abdominale dorsale, qui est forte et se prolonge jusqu&rsquo;au S3 pour Epitheca bimaculata.<br><br><\/p>\n<\/div><\/div>\n\n\n\n<div style=\"height:32px\" aria-hidden=\"true\" class=\"wp-block-spacer\"><\/div>\n\n\n\n<h5><span style=\"text-decoration: underline;\">Habitat &#8211; Distribution<\/span><\/h5>\n\n\n\n<p style=\"font-size:14px\">Son habitat de r\u00e9f\u00e9rence est constitu\u00e9 de grands \u00e9tangs aux berges v\u00e9g\u00e9talis\u00e9es, la pr\u00e9sence d&rsquo;arbres ou de for\u00eat \u00e0 proximit\u00e9 semblant indispensable. La photo ci-dessus a \u00e9t\u00e9 faite le 8 mai 2021 dans les phragmites qui occupent l&rsquo;extr\u00e9mit\u00e9 de cet \u00e9tang de Fougemagne.<br>Sa distribution s&rsquo;\u00e9tend de l&rsquo;est de la France au Japon et \u00e0 la Sib\u00e9rie, avec de nombreuses lacunes, peut-\u00eatre par manque de prospecteurs, car l&rsquo;esp\u00e8ce est difficile \u00e0 contacter \u00e0 l&rsquo;\u00e9tat d&rsquo;imago adulte par son comportement qui l&rsquo;incite \u00e0 rester \u00e0 distance des berges.<br><a href=\"https:\/\/www.iucnredlist.org\/species\/165482\/140524274\">IUCN Red List<\/a><br>Elle est pr\u00e9sente au centre de la France et atteint l&rsquo;Eure et Loire et la Haute-Vienne \u00e0 l&rsquo;ouest, mais s&rsquo;\u00e9tend surtout vers l&rsquo;est et le nord-est avec de belles populations en Lorraine et en Champagne-Ardenne. <br><em>Sylvain Bost me signale le 29 avril 2025 que  \u00ab\u00a0l&rsquo;esp\u00e8ce est commune en Indre-et-Loire, juste de l&rsquo;autre c\u00f4t\u00e9 de la fronti\u00e8re [du Maine-et-Loire], d\u00e9couverte en Deux-S\u00e8vres l&rsquo;an dernier, en Sarthe sur 3 communes depuis 2023<\/em> \u00ab\u00a0.<br><a href=\"https:\/\/atlas-odonates.insectes.org\/odonates-de-france\/epitheca-bimaculata\">Atlas Dynamique des Odonates de France<\/a><\/p>\n\n\n\n<figure class=\"wp-block-image aligncenter size-large is-resized\"><a href=\"https:\/\/www.meslibellules.fr\/blog\/wp-content\/uploads\/etang-de-fougemagne-08-05-21.jpg\"><img decoding=\"async\" width=\"1996\" height=\"600\" data-src=\"https:\/\/www.meslibellules.fr\/blog\/wp-content\/uploads\/etang-de-fougemagne-08-05-21.jpg\" alt=\"\u00c9tang de Fougemagne, biotope Epitheca bimaculata, Coligny (France-01)\" class=\"wp-image-8742 lazyload\" data-srcset=\"https:\/\/www.meslibellules.fr\/blog\/wp-content\/uploads\/\/etang-de-fougemagne-08-05-21.jpg 1996w, https:\/\/www.meslibellules.fr\/blog\/wp-content\/uploads\/\/etang-de-fougemagne-08-05-21-768x231.jpg 768w, https:\/\/www.meslibellules.fr\/blog\/wp-content\/uploads\/\/etang-de-fougemagne-08-05-21-1536x462.jpg 1536w, https:\/\/www.meslibellules.fr\/blog\/wp-content\/uploads\/\/etang-de-fougemagne-08-05-21-1200x361.jpg 1200w\" data-sizes=\"(max-width: 1996px) 100vw, 1996px\" src=\"data:image\/svg+xml;base64,PHN2ZyB3aWR0aD0iMSIgaGVpZ2h0PSIxIiB4bWxucz0iaHR0cDovL3d3dy53My5vcmcvMjAwMC9zdmciPjwvc3ZnPg==\" style=\"--smush-placeholder-width: 1996px; --smush-placeholder-aspect-ratio: 1996\/600;\" \/><\/a><figcaption class=\"wp-element-caption\">\u00c9tang de Fougemagne, biotope Epitheca bimaculata, 08\/05\/2021, Coligny (France-01)<\/figcaption><\/figure>\n\n\n\n<div style=\"height:25px\" aria-hidden=\"true\" class=\"wp-block-spacer\"><\/div>\n\n\n\n<h5><span style=\"text-decoration: underline;\">\u00c9tymologie<\/span><\/h5>\n\n\n\n<div class=\"wp-block-media-text has-media-on-the-right is-stacked-on-mobile\"><div class=\"wp-block-media-text__content\">\n<p>Toussaint von Charpentier a d\u00e9crit l&rsquo;esp\u00e8ce sous le nom de <em>Libellula bimaculata<\/em>.<br><br><strong>Epitheca<\/strong> (Burmeister, 1839), du grec \u1f10\u03c0\u03b9\u03b8\u03ae\u03ba\u03b7 pour couverture ou couvercle, se r\u00e9f\u00e9rant \u00e0 la spectaculaire lame vulvaire des femelles (\u201cNomen ex vocabulis Graecis \u1f10\u03c0\u03af et \u03b8\u03ae\u03ba\u03b7 compositum, propter longissimas foeminae appendices ad valvam oviparam).<br><br><strong>Bimaculata<\/strong>, <em>bi<\/em> est en latin, est un pr\u00e9fixe signifiant \u00ab\u00a0<em>deux<\/em>\u00ab\u00a0. Maculata est compos\u00e9 du latin <em>maculo, souiller, tacher et du suffixe \u00ab\u00a0atum<\/em>\u00a0\u00bb signifiant \u00ab\u00a0<em>porteur de ou dot\u00e9 de<\/em>&#8230;\u00a0\u00bb. Ces 2 taches sont, bien s\u00fbr, une r\u00e9f\u00e9rence aux taches basales des ailes post\u00e9rieures.<\/p>\n\n\n\n<p><span style=\"font-size: 10pt;\">Charpentier, 1840 &#8211; Libellulinae europaeae descriptae ac depictae<\/span><\/p>\n<\/div><figure class=\"wp-block-media-text__media\"><a href=\"https:\/\/www.meslibellules.fr\/blog\/wp-content\/uploads\/Epitheca-bimaculata-Charpentier-1840.webp\"><img decoding=\"async\" width=\"1043\" height=\"1118\" data-src=\"https:\/\/www.meslibellules.fr\/blog\/wp-content\/uploads\/Epitheca-bimaculata-Charpentier-1840.webp\" alt=\"Epitheca bimaculata - Charpentier, 1840\" class=\"wp-image-27614 size-full lazyload\" data-srcset=\"https:\/\/www.meslibellules.fr\/blog\/wp-content\/uploads\/Epitheca-bimaculata-Charpentier-1840.webp 1043w, https:\/\/www.meslibellules.fr\/blog\/wp-content\/uploads\/Epitheca-bimaculata-Charpentier-1840-768x823.webp 768w\" data-sizes=\"(max-width: 1043px) 100vw, 1043px\" src=\"data:image\/svg+xml;base64,PHN2ZyB3aWR0aD0iMSIgaGVpZ2h0PSIxIiB4bWxucz0iaHR0cDovL3d3dy53My5vcmcvMjAwMC9zdmciPjwvc3ZnPg==\" style=\"--smush-placeholder-width: 1043px; --smush-placeholder-aspect-ratio: 1043\/1118;\" \/><\/a><\/figure><\/div>\n\n\n\n<div style=\"height:36px\" aria-hidden=\"true\" class=\"wp-block-spacer\"><\/div>\n\n\n\n<p style=\"font-size:13px\">Charpentier, 1825 &#8211; <a href=\"https:\/\/babel.hathitrust.org\/cgi\/pt?id=nyp.33433010997561&amp;seq=67\"><em>Horae Entomologicae, adjectis tabulis novem coloratis<\/em> (Heures entomologiques, avec neuf planches color\u00e9es ajout\u00e9es)<\/a>.<br>Charpentier, 1840 &#8211; <a href=\"https:\/\/archive.org\/details\/bp_4885308\/page\/n181\/mode\/2up\">Libellulinae europaeae descriptae ac depictae<\/a>.<\/p>\n\n\n\n<div style=\"height:26px\" aria-hidden=\"true\" class=\"wp-block-spacer\"><\/div>\n\n\n\n<figure class=\"wp-block-image size-large\"><a href=\"https:\/\/www.meslibellules.fr\/blog\/2021\/06\/06\/epitheca-bimaculata-une-emergence-complete-1-3\/\"><img decoding=\"async\" width=\"100\" height=\"20\" data-src=\"https:\/\/www.meslibellules.fr\/blog\/wp-content\/uploads\/emergence-male.gif\" alt=\"\" class=\"wp-image-9184 lazyload\" src=\"data:image\/svg+xml;base64,PHN2ZyB3aWR0aD0iMSIgaGVpZ2h0PSIxIiB4bWxucz0iaHR0cDovL3d3dy53My5vcmcvMjAwMC9zdmciPjwvc3ZnPg==\" style=\"--smush-placeholder-width: 100px; --smush-placeholder-aspect-ratio: 100\/20;\" \/><\/a><\/figure>\n\n\n\n<figure class=\"wp-block-image size-large\"><a href=\"https:\/\/www.meslibellules.fr\/blog\/2021\/05\/14\/epitheca-bimaculata-male-emergent\/\"><img decoding=\"async\" width=\"100\" height=\"20\" data-src=\"https:\/\/www.meslibellules.fr\/blog\/wp-content\/uploads\/male-emergent.gif\" alt=\"\" class=\"wp-image-8799 lazyload\" src=\"data:image\/svg+xml;base64,PHN2ZyB3aWR0aD0iMSIgaGVpZ2h0PSIxIiB4bWxucz0iaHR0cDovL3d3dy53My5vcmcvMjAwMC9zdmciPjwvc3ZnPg==\" style=\"--smush-placeholder-width: 100px; --smush-placeholder-aspect-ratio: 100\/20;\" \/><\/a><\/figure>\n\n\n\n<figure class=\"wp-block-image size-large is-resized\"><a href=\"https:\/\/www.meslibellules.fr\/blog\/2021\/05\/17\/epitheca-bimaculata-femelle-emergente\/\"><img decoding=\"async\" width=\"100\" height=\"20\" data-src=\"https:\/\/www.meslibellules.fr\/blog\/wp-content\/uploads\/femelle-emergente.gif\" alt=\"\" class=\"wp-image-8901 lazyload\" src=\"data:image\/svg+xml;base64,PHN2ZyB3aWR0aD0iMSIgaGVpZ2h0PSIxIiB4bWxucz0iaHR0cDovL3d3dy53My5vcmcvMjAwMC9zdmciPjwvc3ZnPg==\" style=\"--smush-placeholder-width: 100px; --smush-placeholder-aspect-ratio: 100\/20;\" \/><\/a><\/figure>\n","protected":false},"excerpt":{"rendered":"<p>Habitat &#8211; Distribution Son habitat de r\u00e9f\u00e9rence est constitu\u00e9 de grands \u00e9tangs aux berges v\u00e9g\u00e9talis\u00e9es, la pr\u00e9sence d&rsquo;arbres ou de for\u00eat \u00e0 proximit\u00e9 semblant indispensable. La photo ci-dessus a \u00e9t\u00e9 faite le 8 mai 2021 dans les phragmites qui occupent l&rsquo;extr\u00e9mit\u00e9 de cet \u00e9tang de Fougemagne.Sa distribution s&rsquo;\u00e9tend de l&rsquo;est de la France au Japon [&hellip;]<\/p>\n","protected":false},"author":1,"featured_media":0,"parent":0,"menu_order":0,"comment_status":"open","ping_status":"closed","template":"","meta":{"site-sidebar-layout":"default","site-content-layout":"","ast-site-content-layout":"default","site-content-style":"default","site-sidebar-style":"default","ast-global-header-display":"","ast-banner-title-visibility":"","ast-main-header-display":"","ast-hfb-above-header-display":"","ast-hfb-below-header-display":"","ast-hfb-mobile-header-display":"","site-post-title":"","ast-breadcrumbs-content":"","ast-featured-img":"","footer-sml-layout":"","ast-disable-related-posts":"","theme-transparent-header-meta":"","adv-header-id-meta":"","stick-header-meta":"","header-above-stick-meta":"","header-main-stick-meta":"","header-below-stick-meta":"","astra-migrate-meta-layouts":"set","ast-page-background-enabled":"default","ast-page-background-meta":{"desktop":{"background-color":"var(--ast-global-color-4)","background-image":"","background-repeat":"repeat","background-position":"center center","background-size":"auto","background-attachment":"scroll","background-type":"","background-media":"","overlay-type":"","overlay-color":"","overlay-opacity":"","overlay-gradient":""},"tablet":{"background-color":"","background-image":"","background-repeat":"repeat","background-position":"center center","background-size":"auto","background-attachment":"scroll","background-type":"","background-media":"","overlay-type":"","overlay-color":"","overlay-opacity":"","overlay-gradient":""},"mobile":{"background-color":"","background-image":"","background-repeat":"repeat","background-position":"center center","background-size":"auto","background-attachment":"scroll","background-type":"","background-media":"","overlay-type":"","overlay-color":"","overlay-opacity":"","overlay-gradient":""}},"ast-content-background-meta":{"desktop":{"background-color":"var(--ast-global-color-5)","background-image":"","background-repeat":"repeat","background-position":"center center","background-size":"auto","background-attachment":"scroll","background-type":"","background-media":"","overlay-type":"","overlay-color":"","overlay-opacity":"","overlay-gradient":""},"tablet":{"background-color":"var(--ast-global-color-5)","background-image":"","background-repeat":"repeat","background-position":"center center","background-size":"auto","background-attachment":"scroll","background-type":"","background-media":"","overlay-type":"","overlay-color":"","overlay-opacity":"","overlay-gradient":""},"mobile":{"background-color":"var(--ast-global-color-5)","background-image":"","background-repeat":"repeat","background-position":"center center","background-size":"auto","background-attachment":"scroll","background-type":"","background-media":"","overlay-type":"","overlay-color":"","overlay-opacity":"","overlay-gradient":""}},"footnotes":""},"class_list":["post-8736","page","type-page","status-publish","hentry"],"yoast_head":"<!-- This site is optimized with the Yoast SEO plugin v27.3 - https:\/\/yoast.com\/product\/yoast-seo-wordpress\/ -->\n<title>Epitheca bimaculata (Charpentier, 1825) : accueil - Mes Libellules<\/title>\n<meta name=\"description\" content=\"Pr\u00e9sentation d&#039;Epitheca bimaculata, taille, description, coloration, habitat, distribution g\u00e9ographique, \u00e9tymologie\" \/>\n<meta name=\"robots\" content=\"index, follow, max-snippet:-1, max-image-preview:large, max-video-preview:-1\" \/>\n<link rel=\"canonical\" href=\"https:\/\/www.meslibellules.fr\/blog\/epitheca-bimaculata-accueil\/\" \/>\n<meta property=\"og:locale\" content=\"fr_FR\" \/>\n<meta property=\"og:type\" content=\"article\" \/>\n<meta property=\"og:title\" content=\"Epitheca bimaculata (Charpentier, 1825) : accueil - Mes Libellules\" \/>\n<meta property=\"og:description\" content=\"Pr\u00e9sentation d&#039;Epitheca bimaculata, taille, description, coloration, habitat, distribution g\u00e9ographique, \u00e9tymologie\" \/>\n<meta property=\"og:url\" content=\"https:\/\/www.meslibellules.fr\/blog\/epitheca-bimaculata-accueil\/\" \/>\n<meta property=\"og:site_name\" content=\"Mes Libellules\" \/>\n<meta property=\"article:publisher\" content=\"https:\/\/www.facebook.com\/benoit.guillon.96\/\" \/>\n<meta property=\"article:modified_time\" content=\"2025-12-29T08:46:11+00:00\" \/>\n<meta property=\"og:image\" content=\"https:\/\/www.meslibellules.fr\/blog\/wp-content\/uploads\/epitheca-bimaculata-male-emergent-2.jpg\" \/>\n\t<meta property=\"og:image:width\" content=\"1445\" \/>\n\t<meta property=\"og:image:height\" content=\"1204\" \/>\n\t<meta property=\"og:image:type\" content=\"image\/jpeg\" \/>\n<meta name=\"twitter:card\" content=\"summary_large_image\" \/>\n<meta name=\"twitter:label1\" content=\"Dur\u00e9e de lecture estim\u00e9e\" \/>\n\t<meta name=\"twitter:data1\" content=\"4 minutes\" \/>\n<script type=\"application\/ld+json\" class=\"yoast-schema-graph\">{\"@context\":\"https:\\\/\\\/schema.org\",\"@graph\":[{\"@type\":\"WebPage\",\"@id\":\"https:\\\/\\\/www.meslibellules.fr\\\/blog\\\/epitheca-bimaculata-accueil\\\/\",\"url\":\"https:\\\/\\\/www.meslibellules.fr\\\/blog\\\/epitheca-bimaculata-accueil\\\/\",\"name\":\"Epitheca bimaculata (Charpentier, 1825) : accueil - Mes Libellules\",\"isPartOf\":{\"@id\":\"https:\\\/\\\/www.meslibellules.fr\\\/blog\\\/#website\"},\"primaryImageOfPage\":{\"@id\":\"https:\\\/\\\/www.meslibellules.fr\\\/blog\\\/epitheca-bimaculata-accueil\\\/#primaryimage\"},\"image\":{\"@id\":\"https:\\\/\\\/www.meslibellules.fr\\\/blog\\\/epitheca-bimaculata-accueil\\\/#primaryimage\"},\"thumbnailUrl\":\"https:\\\/\\\/www.meslibellules.fr\\\/blog\\\/wp-content\\\/uploads\\\/epitheca-bimaculata-male-emergent-2.jpg\",\"datePublished\":\"2021-05-11T05:26:52+00:00\",\"dateModified\":\"2025-12-29T08:46:11+00:00\",\"description\":\"Pr\u00e9sentation d'Epitheca bimaculata, taille, description, coloration, habitat, distribution g\u00e9ographique, \u00e9tymologie\",\"breadcrumb\":{\"@id\":\"https:\\\/\\\/www.meslibellules.fr\\\/blog\\\/epitheca-bimaculata-accueil\\\/#breadcrumb\"},\"inLanguage\":\"fr-FR\",\"potentialAction\":[{\"@type\":\"ReadAction\",\"target\":[\"https:\\\/\\\/www.meslibellules.fr\\\/blog\\\/epitheca-bimaculata-accueil\\\/\"]}]},{\"@type\":\"ImageObject\",\"inLanguage\":\"fr-FR\",\"@id\":\"https:\\\/\\\/www.meslibellules.fr\\\/blog\\\/epitheca-bimaculata-accueil\\\/#primaryimage\",\"url\":\"https:\\\/\\\/www.meslibellules.fr\\\/blog\\\/wp-content\\\/uploads\\\/epitheca-bimaculata-male-emergent-2.jpg\",\"contentUrl\":\"https:\\\/\\\/www.meslibellules.fr\\\/blog\\\/wp-content\\\/uploads\\\/epitheca-bimaculata-male-emergent-2.jpg\",\"width\":1445,\"height\":1204,\"caption\":\"Epitheca bimaculata m\u00e2le \u00e9mergent, Coligny (France-01), 08\\\/05\\\/2021\"},{\"@type\":\"BreadcrumbList\",\"@id\":\"https:\\\/\\\/www.meslibellules.fr\\\/blog\\\/epitheca-bimaculata-accueil\\\/#breadcrumb\",\"itemListElement\":[{\"@type\":\"ListItem\",\"position\":1,\"name\":\"Accueil\",\"item\":\"https:\\\/\\\/www.meslibellules.fr\\\/blog\\\/\"},{\"@type\":\"ListItem\",\"position\":2,\"name\":\"Epitheca bimaculata (Charpentier, 1825) : accueil\"}]},{\"@type\":\"WebSite\",\"@id\":\"https:\\\/\\\/www.meslibellules.fr\\\/blog\\\/#website\",\"url\":\"https:\\\/\\\/www.meslibellules.fr\\\/blog\\\/\",\"name\":\"Mes Libellules\",\"description\":\"Pr\u00e9sentation des libellules rencontr\u00e9es dans le monde\",\"publisher\":{\"@id\":\"https:\\\/\\\/www.meslibellules.fr\\\/blog\\\/#\\\/schema\\\/person\\\/9aa3586f9dd053fcf329f43b8b053c77\"},\"potentialAction\":[{\"@type\":\"SearchAction\",\"target\":{\"@type\":\"EntryPoint\",\"urlTemplate\":\"https:\\\/\\\/www.meslibellules.fr\\\/blog\\\/?s={search_term_string}\"},\"query-input\":{\"@type\":\"PropertyValueSpecification\",\"valueRequired\":true,\"valueName\":\"search_term_string\"}}],\"inLanguage\":\"fr-FR\"},{\"@type\":[\"Person\",\"Organization\"],\"@id\":\"https:\\\/\\\/www.meslibellules.fr\\\/blog\\\/#\\\/schema\\\/person\\\/9aa3586f9dd053fcf329f43b8b053c77\",\"name\":\"Beno\u00eet Guillon\",\"image\":{\"@type\":\"ImageObject\",\"inLanguage\":\"fr-FR\",\"@id\":\"https:\\\/\\\/www.meslibellules.fr\\\/blog\\\/wp-content\\\/uploads\\\/cropped-avatar-150-pix.jpg\",\"url\":\"https:\\\/\\\/www.meslibellules.fr\\\/blog\\\/wp-content\\\/uploads\\\/cropped-avatar-150-pix.jpg\",\"contentUrl\":\"https:\\\/\\\/www.meslibellules.fr\\\/blog\\\/wp-content\\\/uploads\\\/cropped-avatar-150-pix.jpg\",\"width\":150,\"height\":137,\"caption\":\"Beno\u00eet Guillon\"},\"logo\":{\"@id\":\"https:\\\/\\\/www.meslibellules.fr\\\/blog\\\/wp-content\\\/uploads\\\/cropped-avatar-150-pix.jpg\"},\"sameAs\":[\"https:\\\/\\\/www.facebook.com\\\/benoit.guillon.96\\\/\"]}]}<\/script>\n<!-- \/ Yoast SEO plugin. -->","yoast_head_json":{"title":"Epitheca bimaculata (Charpentier, 1825) : accueil - Mes Libellules","description":"Pr\u00e9sentation d'Epitheca bimaculata, taille, description, coloration, habitat, distribution g\u00e9ographique, \u00e9tymologie","robots":{"index":"index","follow":"follow","max-snippet":"max-snippet:-1","max-image-preview":"max-image-preview:large","max-video-preview":"max-video-preview:-1"},"canonical":"https:\/\/www.meslibellules.fr\/blog\/epitheca-bimaculata-accueil\/","og_locale":"fr_FR","og_type":"article","og_title":"Epitheca bimaculata (Charpentier, 1825) : accueil - Mes Libellules","og_description":"Pr\u00e9sentation d'Epitheca bimaculata, taille, description, coloration, habitat, distribution g\u00e9ographique, \u00e9tymologie","og_url":"https:\/\/www.meslibellules.fr\/blog\/epitheca-bimaculata-accueil\/","og_site_name":"Mes Libellules","article_publisher":"https:\/\/www.facebook.com\/benoit.guillon.96\/","article_modified_time":"2025-12-29T08:46:11+00:00","og_image":[{"width":1445,"height":1204,"url":"https:\/\/www.meslibellules.fr\/blog\/wp-content\/uploads\/epitheca-bimaculata-male-emergent-2.jpg","type":"image\/jpeg"}],"twitter_card":"summary_large_image","twitter_misc":{"Dur\u00e9e de lecture estim\u00e9e":"4 minutes"},"schema":{"@context":"https:\/\/schema.org","@graph":[{"@type":"WebPage","@id":"https:\/\/www.meslibellules.fr\/blog\/epitheca-bimaculata-accueil\/","url":"https:\/\/www.meslibellules.fr\/blog\/epitheca-bimaculata-accueil\/","name":"Epitheca bimaculata (Charpentier, 1825) : accueil - Mes Libellules","isPartOf":{"@id":"https:\/\/www.meslibellules.fr\/blog\/#website"},"primaryImageOfPage":{"@id":"https:\/\/www.meslibellules.fr\/blog\/epitheca-bimaculata-accueil\/#primaryimage"},"image":{"@id":"https:\/\/www.meslibellules.fr\/blog\/epitheca-bimaculata-accueil\/#primaryimage"},"thumbnailUrl":"https:\/\/www.meslibellules.fr\/blog\/wp-content\/uploads\/epitheca-bimaculata-male-emergent-2.jpg","datePublished":"2021-05-11T05:26:52+00:00","dateModified":"2025-12-29T08:46:11+00:00","description":"Pr\u00e9sentation d'Epitheca bimaculata, taille, description, coloration, habitat, distribution g\u00e9ographique, \u00e9tymologie","breadcrumb":{"@id":"https:\/\/www.meslibellules.fr\/blog\/epitheca-bimaculata-accueil\/#breadcrumb"},"inLanguage":"fr-FR","potentialAction":[{"@type":"ReadAction","target":["https:\/\/www.meslibellules.fr\/blog\/epitheca-bimaculata-accueil\/"]}]},{"@type":"ImageObject","inLanguage":"fr-FR","@id":"https:\/\/www.meslibellules.fr\/blog\/epitheca-bimaculata-accueil\/#primaryimage","url":"https:\/\/www.meslibellules.fr\/blog\/wp-content\/uploads\/epitheca-bimaculata-male-emergent-2.jpg","contentUrl":"https:\/\/www.meslibellules.fr\/blog\/wp-content\/uploads\/epitheca-bimaculata-male-emergent-2.jpg","width":1445,"height":1204,"caption":"Epitheca bimaculata m\u00e2le \u00e9mergent, Coligny (France-01), 08\/05\/2021"},{"@type":"BreadcrumbList","@id":"https:\/\/www.meslibellules.fr\/blog\/epitheca-bimaculata-accueil\/#breadcrumb","itemListElement":[{"@type":"ListItem","position":1,"name":"Accueil","item":"https:\/\/www.meslibellules.fr\/blog\/"},{"@type":"ListItem","position":2,"name":"Epitheca bimaculata (Charpentier, 1825) : accueil"}]},{"@type":"WebSite","@id":"https:\/\/www.meslibellules.fr\/blog\/#website","url":"https:\/\/www.meslibellules.fr\/blog\/","name":"Mes Libellules","description":"Pr\u00e9sentation des libellules rencontr\u00e9es dans le monde","publisher":{"@id":"https:\/\/www.meslibellules.fr\/blog\/#\/schema\/person\/9aa3586f9dd053fcf329f43b8b053c77"},"potentialAction":[{"@type":"SearchAction","target":{"@type":"EntryPoint","urlTemplate":"https:\/\/www.meslibellules.fr\/blog\/?s={search_term_string}"},"query-input":{"@type":"PropertyValueSpecification","valueRequired":true,"valueName":"search_term_string"}}],"inLanguage":"fr-FR"},{"@type":["Person","Organization"],"@id":"https:\/\/www.meslibellules.fr\/blog\/#\/schema\/person\/9aa3586f9dd053fcf329f43b8b053c77","name":"Beno\u00eet Guillon","image":{"@type":"ImageObject","inLanguage":"fr-FR","@id":"https:\/\/www.meslibellules.fr\/blog\/wp-content\/uploads\/cropped-avatar-150-pix.jpg","url":"https:\/\/www.meslibellules.fr\/blog\/wp-content\/uploads\/cropped-avatar-150-pix.jpg","contentUrl":"https:\/\/www.meslibellules.fr\/blog\/wp-content\/uploads\/cropped-avatar-150-pix.jpg","width":150,"height":137,"caption":"Beno\u00eet Guillon"},"logo":{"@id":"https:\/\/www.meslibellules.fr\/blog\/wp-content\/uploads\/cropped-avatar-150-pix.jpg"},"sameAs":["https:\/\/www.facebook.com\/benoit.guillon.96\/"]}]}},"_links":{"self":[{"href":"https:\/\/www.meslibellules.fr\/blog\/wp-json\/wp\/v2\/pages\/8736","targetHints":{"allow":["GET"]}}],"collection":[{"href":"https:\/\/www.meslibellules.fr\/blog\/wp-json\/wp\/v2\/pages"}],"about":[{"href":"https:\/\/www.meslibellules.fr\/blog\/wp-json\/wp\/v2\/types\/page"}],"author":[{"embeddable":true,"href":"https:\/\/www.meslibellules.fr\/blog\/wp-json\/wp\/v2\/users\/1"}],"replies":[{"embeddable":true,"href":"https:\/\/www.meslibellules.fr\/blog\/wp-json\/wp\/v2\/comments?post=8736"}],"version-history":[{"count":6,"href":"https:\/\/www.meslibellules.fr\/blog\/wp-json\/wp\/v2\/pages\/8736\/revisions"}],"predecessor-version":[{"id":27619,"href":"https:\/\/www.meslibellules.fr\/blog\/wp-json\/wp\/v2\/pages\/8736\/revisions\/27619"}],"wp:attachment":[{"href":"https:\/\/www.meslibellules.fr\/blog\/wp-json\/wp\/v2\/media?parent=8736"}],"curies":[{"name":"wp","href":"https:\/\/api.w.org\/{rel}","templated":true}]}}