{"id":9782,"date":"2021-09-03T08:36:08","date_gmt":"2021-09-03T06:36:08","guid":{"rendered":"https:\/\/www.meslibellules.fr\/blog\/?page_id=9782"},"modified":"2024-08-01T06:41:07","modified_gmt":"2024-08-01T04:41:07","slug":"sympetrum-vulgatum","status":"publish","type":"page","link":"https:\/\/www.meslibellules.fr\/blog\/sympetrum-vulgatum\/","title":{"rendered":"Sympetrum vulgatum (Linnaeus, 1758)"},"content":{"rendered":"\n<p>C&rsquo;est sur les lacs du Jura que j&rsquo;ai enfin rencontr\u00e9 Sympetrum vulgatum, le dernier Sympetrum fran\u00e7ais qui manquait \u00e0 ma <em>collection<\/em>. La rencontre a \u00e9t\u00e9 difficile, car la fin d&rsquo;\u00e9t\u00e9 est anormalement fra\u00eeche et nuageuse en altitude ; les Sympetrum recherchent la chaleur et se posent le plus souvent au sol, sur les cailloux clairs ou les platelages provoquant des contrastes violents pour le photographe.<\/p>\n\n\n\n<figure class=\"wp-block-image aligncenter size-full is-resized\"><a href=\"https:\/\/www.meslibellules.fr\/blog\/wp-content\/uploads\/sympetrum-vulgatum-male-accueil-1.webp\"><img decoding=\"async\" width=\"1659\" height=\"1004\" data-src=\"https:\/\/www.meslibellules.fr\/blog\/wp-content\/uploads\/sympetrum-vulgatum-male-accueil-1.webp\" alt=\"Sympetrum vulgatum m\u00e2le mature, lac de Lamoura (France-35), alt. 1156 m, 26\/08\/2021\" class=\"wp-image-9929 lazyload\" style=\"--smush-placeholder-width: 1659px; --smush-placeholder-aspect-ratio: 1659\/1004;width:600px\" data-srcset=\"https:\/\/www.meslibellules.fr\/blog\/wp-content\/uploads\/sympetrum-vulgatum-male-accueil-1.webp 1659w, https:\/\/www.meslibellules.fr\/blog\/wp-content\/uploads\/sympetrum-vulgatum-male-accueil-1-768x465.webp 768w, https:\/\/www.meslibellules.fr\/blog\/wp-content\/uploads\/sympetrum-vulgatum-male-accueil-1-1536x930.webp 1536w, https:\/\/www.meslibellules.fr\/blog\/wp-content\/uploads\/sympetrum-vulgatum-male-accueil-1-1200x726.webp 1200w\" data-sizes=\"(max-width: 1659px) 100vw, 1659px\" src=\"data:image\/svg+xml;base64,PHN2ZyB3aWR0aD0iMSIgaGVpZ2h0PSIxIiB4bWxucz0iaHR0cDovL3d3dy53My5vcmcvMjAwMC9zdmciPjwvc3ZnPg==\" \/><\/a><figcaption class=\"wp-element-caption\">Sympetrum vulgatum m\u00e2le mature, lac de Lamoura (France-35), alt. 1156 m, 26\/08\/2021<\/figcaption><\/figure>\n\n\n\n<h5><span style=\"text-decoration: underline;\">Description &#8211; Identification<\/span><\/h5>\n\n\n\n<p style=\"font-size:15px\">Le Sympetrum vulgaire, tel est son nom fran\u00e7ais, est \u00e0 peine plus petit que S. striolatum, il est de taille \u00e9quivalente \u00e0 S. sanguineum et mesure 35 \u00e0 40 mm.<br>Les <strong>m\u00e2les matures<\/strong> ont la face rouge\u00e2tre, de fortes larmes noires descendant le long des yeux, le thorax brun terne sans zones nettement contrast\u00e9es, toutes les implantations alaires rouges, les pattes noires avec une bande post\u00e9rieure jaun\u00e2tre ou rouge\u00e2tre, un abdomen rouge faiblement dilat\u00e9 distalement, avec des marques noirs sur S8 et S9.<br>On peut facilement le confondre avec S. striolatum, notamment sur une vue dorsale, mais ce dernier montre des bandes contrast\u00e9es sur la face lat\u00e9rale du thorax, n&rsquo;a pas de larme noire marqu\u00e9e le long des yeux et ses insertions alaires post\u00e9rieures sont jaun\u00e2tres.<br>Les<strong> femelles<\/strong> matures portent les m\u00eames larmes, le thorax (bien marqu\u00e9s de sutures sombres) et l&rsquo;abdomen sont  jaunes, rouge\u00e2tres en vieillissant, la lame vulvaire est saillante.<br>Il est parfois difficile de les s\u00e9parer des femelles S. striolatum, cependant cette derni\u00e8re n&rsquo;a pas de larmes noires et sa lame vulvaire est beaucoup moins saillante.<\/p>\n\n\n\n<h5><span style=\"text-decoration: underline;\">Habitat &#8211; Distribution g\u00e9ographique<\/span><\/h5>\n\n\n\n<p>Il accepte tous types d&rsquo;eaux stagnantes, foss\u00e9s, mares, \u00e9tangs, lacs pour peu qu&rsquo;ils soient bien v\u00e9g\u00e9talis\u00e9s.<br><br>M\u00eame s&rsquo;il est tr\u00e8s commun en Europe du Nord et de l&rsquo;Est, jusqu&rsquo;au Japon, il est tr\u00e8s rarement signal\u00e9 en plaine en France, et tr\u00e8s peu dans l&rsquo;ouest ; si l&rsquo;on se r\u00e9f\u00e8re aux Annales de la soci\u00e9t\u00e9 Linn\u00e9enne de Maine-et-Loire, il n&rsquo;y aurait plus \u00e9t\u00e9 vu depuis 1853 !<br>Au sud, il p\u00e9n\u00e8tre \u00e0 peine l&rsquo;Italie et l&rsquo;Espagne, il est pr\u00e9sent en Angleterre et au sud de la Scandinavie, atteint l&rsquo;Asie centrale et l&rsquo;Iran. <br>Sans vouloir \u00eatre d\u00e9sagr\u00e9able \ud83d\ude09, beaucoup de donn\u00e9es fran\u00e7aises anciennes et modernes, et les donn\u00e9es actuelles, sans photos, en dehors des massifs montagneux, sont \u00e0 prendre avec des pincettes. Si <em>vulgatum<\/em> peut \u00eatre traduit par vulgaire et sugg\u00e8re qu&rsquo;il est commun ; c&rsquo;est loin d&rsquo;\u00eatre le cas et beaucoup de d\u00e9butants, le croyant tr\u00e8s r\u00e9pandu, faute d&rsquo;investigations plus pouss\u00e9es, identifiaient de fa\u00e7on erron\u00e9e des S. <em>striolatum<\/em>, <em>sanguineum<\/em> ou <em>meridionale<\/em> en Sympetrum <em>vulgatum<\/em>. Mais il ne faut jamais n\u00e9gliger les individus errants, d&rsquo;autant qu&rsquo;il montre certaines facult\u00e9s \u00e0 s&rsquo;\u00e9loigner en nombre de ses lieux d&rsquo;\u00e9mergence.<br><br><a href=\"https:\/\/atlas-odonates.insectes.org\/odonates-de-france\/sympetrum-vulgatum\">Atlas dynamique<\/a> des Odonates de France<br><a href=\"https:\/\/www.iucnredlist.org\/species\/165483\/19170436#geographic-range\">IUCN Red list<\/a> o\u00f9 il est class\u00e9 en l<em>east concern<\/em>, ce qui n&rsquo;est pas le cas en France&#8230;<\/p>\n\n\n\n<figure class=\"wp-block-image aligncenter size-full is-resized\"><a href=\"https:\/\/www.meslibellules.fr\/blog\/wp-content\/uploads\/Sympetrum-vulgatum-femelle-accueil.webp\"><img decoding=\"async\" width=\"1805\" height=\"1204\" data-src=\"https:\/\/www.meslibellules.fr\/blog\/wp-content\/uploads\/Sympetrum-vulgatum-femelle-accueil.webp\" alt=\"Sympetrum vulgatum femelle, Lac des Rousses (France-39), 01\/09\/2021\" class=\"wp-image-13056 lazyload\" style=\"--smush-placeholder-width: 1805px; --smush-placeholder-aspect-ratio: 1805\/1204;width:494px;height:330px\" data-srcset=\"https:\/\/www.meslibellules.fr\/blog\/wp-content\/uploads\/Sympetrum-vulgatum-femelle-accueil.webp 1805w, https:\/\/www.meslibellules.fr\/blog\/wp-content\/uploads\/Sympetrum-vulgatum-femelle-accueil-768x512.webp 768w, https:\/\/www.meslibellules.fr\/blog\/wp-content\/uploads\/Sympetrum-vulgatum-femelle-accueil-1536x1025.webp 1536w\" data-sizes=\"(max-width: 1805px) 100vw, 1805px\" src=\"data:image\/svg+xml;base64,PHN2ZyB3aWR0aD0iMSIgaGVpZ2h0PSIxIiB4bWxucz0iaHR0cDovL3d3dy53My5vcmcvMjAwMC9zdmciPjwvc3ZnPg==\" \/><\/a><figcaption class=\"wp-element-caption\">Sympetrum vulgatum femelle, Lac des Rousses (France-39), 01\/09\/2021<\/figcaption><\/figure>\n\n\n\n<h5><span style=\"text-decoration: underline;\">Comportement &#8211; Biologie<\/span><\/h5>\n\n\n\n<p>En dehors de la ponte, il est souvent \u00e0 quelque distance de l&rsquo;eau et aime se poser au sol ou sur les rochers, ne d\u00e9daignant pas les rameaux secs ou la v\u00e9g\u00e9tation basse. L&rsquo;accouplement se fait au sol ou \u00e0 faible hauteur et dure 5 \u00e0 10 minutes. La ponte s&rsquo;ensuit en tandem, la femelle touchant l&rsquo;eau de son abdomen dans des eaux peu profondes.<br>La phase larvaire comporte 9 \u00e0 11 ou 15 stades et dure un an, sans doute plus dans les lacs de montagne puisque l&rsquo;esp\u00e8ce atteint 2500 m d&rsquo;altitude.<\/p>\n\n\n\n<h5><span style=\"text-decoration: underline;\">P\u00e9riode de vol<\/span><\/h5>\n\n\n\n<p>C&rsquo;est un Sympetrum d&rsquo;\u00e9t\u00e9 ou de fin d&rsquo;\u00e9t\u00e9 puisque le pic des donn\u00e9es s&rsquo;\u00e9tend de juillet \u00e0 septembre, avec des apparitions pr\u00e9coces en mai, sujettes \u00e0 caution, en raison des erreurs d&rsquo;identification aussi communes qu&rsquo;il est <em>vulgaire<\/em>.<\/p>\n\n\n\n<h5><span style=\"text-decoration: underline;\">\u00c9tymologie<\/span><\/h5>\n\n\n\n<p>Sympetrum, du grec <em>Sym-pi\u00e9zein<\/em>, \u00ab\u00a0compress\u00e9\u00a0\u00bb et <em>etron<\/em>, \u00ab\u00a0abdomen\u00a0\u00bb. Newmann (1833) qui a cr\u00e9\u00e9 le genre croyait, de fa\u00e7on erron\u00e9e, que c&rsquo;\u00e9tait une caract\u00e9ristique du genre, ce qui est \u00e9tonnant, car ce n&rsquo;\u00e9tait d\u00e9j\u00e0 pas vrai pour toutes les esp\u00e8ces connues \u00e0 l&rsquo;\u00e9poque. <br>Vulgatum, signifie <em>commun<\/em> en latin, ce qui est e<em>xact en Europe centrale<\/em> ou l&rsquo;esp\u00e8ce est localement dominante.<br><br>Il faut souligner la signification de son nom <em>vernaculaire<\/em>,  -vulgaire, qui ne signifie pas qu&rsquo;il a un comportement d\u00e9sagr\u00e9able \ud83d\ude09, ce terme est \u00e0 prendre dans son sens un peu oubli\u00e9 de \u00ab\u00a0commun\u00a0\u00bb, ce qui est une regrettable erreur pour les amateurs fran\u00e7ais&#8230;<br>Les Anglo-Saxons l&rsquo;ont bien plus justement appel\u00e9 Moustached darter.<\/p>\n\n\n\n\n\n<div class=\"wp-block-group is-layout-flex wp-block-group-is-layout-flex\">\n<div class=\"wp-block-buttons is-layout-flex wp-block-buttons-is-layout-flex\">\n<div class=\"wp-block-button\"><a class=\"wp-block-button__link wp-element-button\" href=\"https:\/\/www.meslibellules.fr\/blog\/2023\/07\/24\/sympetrum-vulgatum-male-emergent\/\">M\u00e2le \u00e9mergent<\/a><\/div>\n<\/div>\n\n\n\n<div class=\"wp-block-buttons is-layout-flex wp-block-buttons-is-layout-flex\">\n<div class=\"wp-block-button\"><a class=\"wp-block-button__link wp-element-button\" href=\"https:\/\/www.meslibellules.fr\/blog\/2021\/09\/03\/sympetrum-vulgatum-male-1-identification-differentielle\/\" style=\"padding-top:var(--wp--preset--spacing--20);padding-right:var(--wp--preset--spacing--20);padding-bottom:var(--wp--preset--spacing--20);padding-left:var(--wp--preset--spacing--20)\">M\u00e2le<\/a><\/div>\n<\/div>\n\n\n\n<div class=\"wp-block-buttons is-layout-flex wp-block-buttons-is-layout-flex\">\n<div class=\"wp-block-button\"><a class=\"wp-block-button__link wp-element-button\" href=\"https:\/\/www.meslibellules.fr\/blog\/2021\/09\/05\/sympetrum-vulgatum-male-en-fin-de-maturation\/\" style=\"padding-top:var(--wp--preset--spacing--20);padding-right:var(--wp--preset--spacing--20);padding-bottom:var(--wp--preset--spacing--20);padding-left:var(--wp--preset--spacing--20)\">M\u00e2le en maturation<\/a><\/div>\n<\/div>\n\n\n\n<div class=\"wp-block-buttons is-layout-flex wp-block-buttons-is-layout-flex\">\n<div class=\"wp-block-button\"><a class=\"wp-block-button__link wp-element-button\" href=\"https:\/\/www.meslibellules.fr\/blog\/2021\/09\/15\/sympetrum-vulgatum-femelle-emergente\/\" style=\"padding-top:var(--wp--preset--spacing--20);padding-right:var(--wp--preset--spacing--20);padding-bottom:var(--wp--preset--spacing--20);padding-left:var(--wp--preset--spacing--20)\">Femelle \u00e9mergente<\/a><\/div>\n<\/div>\n\n\n\n<div class=\"wp-block-buttons is-layout-flex wp-block-buttons-is-layout-flex\">\n<div class=\"wp-block-button\"><a class=\"wp-block-button__link wp-element-button\" href=\"https:\/\/www.meslibellules.fr\/blog\/2021\/09\/12\/sympetrum-vulgatum-femelle-mature\/\" style=\"padding-top:var(--wp--preset--spacing--20);padding-right:var(--wp--preset--spacing--20);padding-bottom:var(--wp--preset--spacing--20);padding-left:var(--wp--preset--spacing--20)\">Femelle<\/a><\/div>\n<\/div>\n\n\n\n<div class=\"wp-block-buttons is-nowrap is-layout-flex wp-container-core-buttons-is-layout-6c531013 wp-block-buttons-is-layout-flex\">\n<div class=\"wp-block-button\"><a class=\"wp-block-button__link wp-element-button\" href=\"https:\/\/www.meslibellules.fr\/blog\/2021\/09\/17\/sympetrum-vulgatum-tandem\/\" style=\"padding-top:var(--wp--preset--spacing--20);padding-right:var(--wp--preset--spacing--20);padding-bottom:var(--wp--preset--spacing--20);padding-left:var(--wp--preset--spacing--20)\">Tandem<\/a><\/div>\n<\/div>\n\n\n\n<div class=\"wp-block-buttons is-layout-flex wp-block-buttons-is-layout-flex\">\n<div class=\"wp-block-button\"><a class=\"wp-block-button__link wp-element-button\" href=\"https:\/\/www.meslibellules.fr\/blog\/2021\/10\/06\/sympetrum-vulgatum-accouplement\/\" style=\"padding-top:var(--wp--preset--spacing--20);padding-right:var(--wp--preset--spacing--20);padding-bottom:var(--wp--preset--spacing--20);padding-left:var(--wp--preset--spacing--20)\">Accouplement<\/a><\/div>\n<\/div>\n\n\n\n<div class=\"wp-block-buttons is-layout-flex wp-block-buttons-is-layout-flex\">\n<div class=\"wp-block-button\"><a class=\"wp-block-button__link wp-element-button\" href=\"https:\/\/www.meslibellules.fr\/blog\/2022\/02\/28\/predation-sur-sympetrum-vulgatum\/\">Pr\u00e9dation<\/a><\/div>\n<\/div>\n\n\n\n<div class=\"wp-block-buttons is-layout-flex wp-block-buttons-is-layout-flex\">\n<div class=\"wp-block-button\"><a class=\"wp-block-button__link wp-element-button\" href=\"https:\/\/www.meslibellules.fr\/blog\/2022\/08\/14\/identifier-les-sympetrum-males-en-france\/\">Aide \u00e0 l&rsquo;identification<\/a><\/div>\n<\/div>\n\n\n\n<div class=\"wp-block-buttons is-layout-flex wp-block-buttons-is-layout-flex\">\n<div class=\"wp-block-button\"><a class=\"wp-block-button__link wp-element-button\" href=\"https:\/\/www.meslibellules.fr\/blog\/2018\/09\/17\/sympetrum-striolatum-un-critere-pour-separer-sympetrum-striolatum-et-vulgatum\/\">Sympetrum vulgatum vs striolatum<\/a><\/div>\n<\/div>\n<\/div>\n\n\n\n<p><\/p>\n","protected":false},"excerpt":{"rendered":"<p>C&rsquo;est sur les lacs du Jura que j&rsquo;ai enfin rencontr\u00e9 Sympetrum vulgatum, le dernier Sympetrum fran\u00e7ais qui manquait \u00e0 ma collection. La rencontre a \u00e9t\u00e9 difficile, car la fin d&rsquo;\u00e9t\u00e9 est anormalement fra\u00eeche et nuageuse en altitude ; les Sympetrum recherchent la chaleur et se posent le plus souvent au sol, sur les cailloux clairs [&hellip;]<\/p>\n","protected":false},"author":1,"featured_media":0,"parent":0,"menu_order":0,"comment_status":"closed","ping_status":"closed","template":"","meta":{"site-sidebar-layout":"default","site-content-layout":"","ast-site-content-layout":"default","site-content-style":"default","site-sidebar-style":"default","ast-global-header-display":"","ast-banner-title-visibility":"","ast-main-header-display":"","ast-hfb-above-header-display":"","ast-hfb-below-header-display":"","ast-hfb-mobile-header-display":"","site-post-title":"","ast-breadcrumbs-content":"","ast-featured-img":"","footer-sml-layout":"","ast-disable-related-posts":"","theme-transparent-header-meta":"","adv-header-id-meta":"","stick-header-meta":"","header-above-stick-meta":"","header-main-stick-meta":"","header-below-stick-meta":"","astra-migrate-meta-layouts":"set","ast-page-background-enabled":"default","ast-page-background-meta":{"desktop":{"background-color":"var(--ast-global-color-4)","background-image":"","background-repeat":"repeat","background-position":"center center","background-size":"auto","background-attachment":"scroll","background-type":"","background-media":"","overlay-type":"","overlay-color":"","overlay-opacity":"","overlay-gradient":""},"tablet":{"background-color":"","background-image":"","background-repeat":"repeat","background-position":"center center","background-size":"auto","background-attachment":"scroll","background-type":"","background-media":"","overlay-type":"","overlay-color":"","overlay-opacity":"","overlay-gradient":""},"mobile":{"background-color":"","background-image":"","background-repeat":"repeat","background-position":"center center","background-size":"auto","background-attachment":"scroll","background-type":"","background-media":"","overlay-type":"","overlay-color":"","overlay-opacity":"","overlay-gradient":""}},"ast-content-background-meta":{"desktop":{"background-color":"var(--ast-global-color-5)","background-image":"","background-repeat":"repeat","background-position":"center center","background-size":"auto","background-attachment":"scroll","background-type":"","background-media":"","overlay-type":"","overlay-color":"","overlay-opacity":"","overlay-gradient":""},"tablet":{"background-color":"var(--ast-global-color-5)","background-image":"","background-repeat":"repeat","background-position":"center center","background-size":"auto","background-attachment":"scroll","background-type":"","background-media":"","overlay-type":"","overlay-color":"","overlay-opacity":"","overlay-gradient":""},"mobile":{"background-color":"var(--ast-global-color-5)","background-image":"","background-repeat":"repeat","background-position":"center center","background-size":"auto","background-attachment":"scroll","background-type":"","background-media":"","overlay-type":"","overlay-color":"","overlay-opacity":"","overlay-gradient":""}},"footnotes":""},"class_list":["post-9782","page","type-page","status-publish","hentry"],"yoast_head":"<!-- This site is optimized with the Yoast SEO plugin v27.4 - https:\/\/yoast.com\/product\/yoast-seo-wordpress\/ -->\n<title>Sympetrum vulgatum - Mes Libellules<\/title>\n<meta name=\"description\" content=\"Sympetrum vulgatum m\u00e2les et femelles, description, identification, taille, habitat, distribution g\u00e9ographique, \u00e9tymologie\" \/>\n<meta name=\"robots\" content=\"index, follow, max-snippet:-1, max-image-preview:large, max-video-preview:-1\" \/>\n<link rel=\"canonical\" href=\"https:\/\/www.meslibellules.fr\/blog\/sympetrum-vulgatum\/\" \/>\n<meta property=\"og:locale\" content=\"fr_FR\" \/>\n<meta property=\"og:type\" content=\"article\" \/>\n<meta property=\"og:title\" content=\"Sympetrum vulgatum - Mes Libellules\" \/>\n<meta property=\"og:description\" content=\"Sympetrum vulgatum m\u00e2les et femelles, description, identification, taille, habitat, distribution g\u00e9ographique, \u00e9tymologie\" \/>\n<meta property=\"og:url\" content=\"https:\/\/www.meslibellules.fr\/blog\/sympetrum-vulgatum\/\" \/>\n<meta property=\"og:site_name\" content=\"Mes Libellules\" \/>\n<meta property=\"article:publisher\" content=\"https:\/\/www.facebook.com\/benoit.guillon.96\/\" \/>\n<meta property=\"article:modified_time\" content=\"2024-08-01T04:41:07+00:00\" \/>\n<meta property=\"og:image\" content=\"https:\/\/www.meslibellules.fr\/blog\/wp-content\/uploads\/sympetrum-vulgatum-male-accueil-1.webp\" \/>\n<meta name=\"twitter:card\" content=\"summary_large_image\" \/>\n<meta name=\"twitter:label1\" content=\"Dur\u00e9e de lecture estim\u00e9e\" \/>\n\t<meta name=\"twitter:data1\" content=\"9 minutes\" \/>\n<script type=\"application\/ld+json\" class=\"yoast-schema-graph\">{\"@context\":\"https:\\\/\\\/schema.org\",\"@graph\":[{\"@type\":\"WebPage\",\"@id\":\"https:\\\/\\\/www.meslibellules.fr\\\/blog\\\/sympetrum-vulgatum\\\/\",\"url\":\"https:\\\/\\\/www.meslibellules.fr\\\/blog\\\/sympetrum-vulgatum\\\/\",\"name\":\"Sympetrum vulgatum - Mes Libellules\",\"isPartOf\":{\"@id\":\"https:\\\/\\\/www.meslibellules.fr\\\/blog\\\/#website\"},\"primaryImageOfPage\":{\"@id\":\"https:\\\/\\\/www.meslibellules.fr\\\/blog\\\/sympetrum-vulgatum\\\/#primaryimage\"},\"image\":{\"@id\":\"https:\\\/\\\/www.meslibellules.fr\\\/blog\\\/sympetrum-vulgatum\\\/#primaryimage\"},\"thumbnailUrl\":\"https:\\\/\\\/www.meslibellules.fr\\\/blog\\\/wp-content\\\/uploads\\\/sympetrum-vulgatum-male-accueil-1.webp\",\"datePublished\":\"2021-09-03T06:36:08+00:00\",\"dateModified\":\"2024-08-01T04:41:07+00:00\",\"description\":\"Sympetrum vulgatum m\u00e2les et femelles, description, identification, taille, habitat, distribution g\u00e9ographique, \u00e9tymologie\",\"breadcrumb\":{\"@id\":\"https:\\\/\\\/www.meslibellules.fr\\\/blog\\\/sympetrum-vulgatum\\\/#breadcrumb\"},\"inLanguage\":\"fr-FR\",\"potentialAction\":[{\"@type\":\"ReadAction\",\"target\":[\"https:\\\/\\\/www.meslibellules.fr\\\/blog\\\/sympetrum-vulgatum\\\/\"]}]},{\"@type\":\"ImageObject\",\"inLanguage\":\"fr-FR\",\"@id\":\"https:\\\/\\\/www.meslibellules.fr\\\/blog\\\/sympetrum-vulgatum\\\/#primaryimage\",\"url\":\"https:\\\/\\\/www.meslibellules.fr\\\/blog\\\/wp-content\\\/uploads\\\/sympetrum-vulgatum-male-accueil-1.webp\",\"contentUrl\":\"https:\\\/\\\/www.meslibellules.fr\\\/blog\\\/wp-content\\\/uploads\\\/sympetrum-vulgatum-male-accueil-1.webp\",\"width\":1659,\"height\":1004,\"caption\":\"Sympetrum vulgatum m\u00e2le mature, lac de Lamoura (France-35), alt. 1156 m, 26\\\/08\\\/2021\"},{\"@type\":\"BreadcrumbList\",\"@id\":\"https:\\\/\\\/www.meslibellules.fr\\\/blog\\\/sympetrum-vulgatum\\\/#breadcrumb\",\"itemListElement\":[{\"@type\":\"ListItem\",\"position\":1,\"name\":\"Accueil\",\"item\":\"https:\\\/\\\/www.meslibellules.fr\\\/blog\\\/\"},{\"@type\":\"ListItem\",\"position\":2,\"name\":\"Sympetrum vulgatum (Linnaeus, 1758)\"}]},{\"@type\":\"WebSite\",\"@id\":\"https:\\\/\\\/www.meslibellules.fr\\\/blog\\\/#website\",\"url\":\"https:\\\/\\\/www.meslibellules.fr\\\/blog\\\/\",\"name\":\"Mes Libellules\",\"description\":\"Pr\u00e9sentation des libellules rencontr\u00e9es dans le monde\",\"publisher\":{\"@id\":\"https:\\\/\\\/www.meslibellules.fr\\\/blog\\\/#\\\/schema\\\/person\\\/9aa3586f9dd053fcf329f43b8b053c77\"},\"potentialAction\":[{\"@type\":\"SearchAction\",\"target\":{\"@type\":\"EntryPoint\",\"urlTemplate\":\"https:\\\/\\\/www.meslibellules.fr\\\/blog\\\/?s={search_term_string}\"},\"query-input\":{\"@type\":\"PropertyValueSpecification\",\"valueRequired\":true,\"valueName\":\"search_term_string\"}}],\"inLanguage\":\"fr-FR\"},{\"@type\":[\"Person\",\"Organization\"],\"@id\":\"https:\\\/\\\/www.meslibellules.fr\\\/blog\\\/#\\\/schema\\\/person\\\/9aa3586f9dd053fcf329f43b8b053c77\",\"name\":\"Beno\u00eet Guillon\",\"image\":{\"@type\":\"ImageObject\",\"inLanguage\":\"fr-FR\",\"@id\":\"https:\\\/\\\/www.meslibellules.fr\\\/blog\\\/wp-content\\\/uploads\\\/cropped-avatar-150-pix.jpg\",\"url\":\"https:\\\/\\\/www.meslibellules.fr\\\/blog\\\/wp-content\\\/uploads\\\/cropped-avatar-150-pix.jpg\",\"contentUrl\":\"https:\\\/\\\/www.meslibellules.fr\\\/blog\\\/wp-content\\\/uploads\\\/cropped-avatar-150-pix.jpg\",\"width\":150,\"height\":137,\"caption\":\"Beno\u00eet Guillon\"},\"logo\":{\"@id\":\"https:\\\/\\\/www.meslibellules.fr\\\/blog\\\/wp-content\\\/uploads\\\/cropped-avatar-150-pix.jpg\"},\"sameAs\":[\"https:\\\/\\\/www.facebook.com\\\/benoit.guillon.96\\\/\"]}]}<\/script>\n<!-- \/ Yoast SEO plugin. -->","yoast_head_json":{"title":"Sympetrum vulgatum - Mes Libellules","description":"Sympetrum vulgatum m\u00e2les et femelles, description, identification, taille, habitat, distribution g\u00e9ographique, \u00e9tymologie","robots":{"index":"index","follow":"follow","max-snippet":"max-snippet:-1","max-image-preview":"max-image-preview:large","max-video-preview":"max-video-preview:-1"},"canonical":"https:\/\/www.meslibellules.fr\/blog\/sympetrum-vulgatum\/","og_locale":"fr_FR","og_type":"article","og_title":"Sympetrum vulgatum - Mes Libellules","og_description":"Sympetrum vulgatum m\u00e2les et femelles, description, identification, taille, habitat, distribution g\u00e9ographique, \u00e9tymologie","og_url":"https:\/\/www.meslibellules.fr\/blog\/sympetrum-vulgatum\/","og_site_name":"Mes Libellules","article_publisher":"https:\/\/www.facebook.com\/benoit.guillon.96\/","article_modified_time":"2024-08-01T04:41:07+00:00","og_image":[{"url":"https:\/\/www.meslibellules.fr\/blog\/wp-content\/uploads\/sympetrum-vulgatum-male-accueil-1.webp","type":"","width":"","height":""}],"twitter_card":"summary_large_image","twitter_misc":{"Dur\u00e9e de lecture estim\u00e9e":"9 minutes"},"schema":{"@context":"https:\/\/schema.org","@graph":[{"@type":"WebPage","@id":"https:\/\/www.meslibellules.fr\/blog\/sympetrum-vulgatum\/","url":"https:\/\/www.meslibellules.fr\/blog\/sympetrum-vulgatum\/","name":"Sympetrum vulgatum - Mes Libellules","isPartOf":{"@id":"https:\/\/www.meslibellules.fr\/blog\/#website"},"primaryImageOfPage":{"@id":"https:\/\/www.meslibellules.fr\/blog\/sympetrum-vulgatum\/#primaryimage"},"image":{"@id":"https:\/\/www.meslibellules.fr\/blog\/sympetrum-vulgatum\/#primaryimage"},"thumbnailUrl":"https:\/\/www.meslibellules.fr\/blog\/wp-content\/uploads\/sympetrum-vulgatum-male-accueil-1.webp","datePublished":"2021-09-03T06:36:08+00:00","dateModified":"2024-08-01T04:41:07+00:00","description":"Sympetrum vulgatum m\u00e2les et femelles, description, identification, taille, habitat, distribution g\u00e9ographique, \u00e9tymologie","breadcrumb":{"@id":"https:\/\/www.meslibellules.fr\/blog\/sympetrum-vulgatum\/#breadcrumb"},"inLanguage":"fr-FR","potentialAction":[{"@type":"ReadAction","target":["https:\/\/www.meslibellules.fr\/blog\/sympetrum-vulgatum\/"]}]},{"@type":"ImageObject","inLanguage":"fr-FR","@id":"https:\/\/www.meslibellules.fr\/blog\/sympetrum-vulgatum\/#primaryimage","url":"https:\/\/www.meslibellules.fr\/blog\/wp-content\/uploads\/sympetrum-vulgatum-male-accueil-1.webp","contentUrl":"https:\/\/www.meslibellules.fr\/blog\/wp-content\/uploads\/sympetrum-vulgatum-male-accueil-1.webp","width":1659,"height":1004,"caption":"Sympetrum vulgatum m\u00e2le mature, lac de Lamoura (France-35), alt. 1156 m, 26\/08\/2021"},{"@type":"BreadcrumbList","@id":"https:\/\/www.meslibellules.fr\/blog\/sympetrum-vulgatum\/#breadcrumb","itemListElement":[{"@type":"ListItem","position":1,"name":"Accueil","item":"https:\/\/www.meslibellules.fr\/blog\/"},{"@type":"ListItem","position":2,"name":"Sympetrum vulgatum (Linnaeus, 1758)"}]},{"@type":"WebSite","@id":"https:\/\/www.meslibellules.fr\/blog\/#website","url":"https:\/\/www.meslibellules.fr\/blog\/","name":"Mes Libellules","description":"Pr\u00e9sentation des libellules rencontr\u00e9es dans le monde","publisher":{"@id":"https:\/\/www.meslibellules.fr\/blog\/#\/schema\/person\/9aa3586f9dd053fcf329f43b8b053c77"},"potentialAction":[{"@type":"SearchAction","target":{"@type":"EntryPoint","urlTemplate":"https:\/\/www.meslibellules.fr\/blog\/?s={search_term_string}"},"query-input":{"@type":"PropertyValueSpecification","valueRequired":true,"valueName":"search_term_string"}}],"inLanguage":"fr-FR"},{"@type":["Person","Organization"],"@id":"https:\/\/www.meslibellules.fr\/blog\/#\/schema\/person\/9aa3586f9dd053fcf329f43b8b053c77","name":"Beno\u00eet Guillon","image":{"@type":"ImageObject","inLanguage":"fr-FR","@id":"https:\/\/www.meslibellules.fr\/blog\/wp-content\/uploads\/cropped-avatar-150-pix.jpg","url":"https:\/\/www.meslibellules.fr\/blog\/wp-content\/uploads\/cropped-avatar-150-pix.jpg","contentUrl":"https:\/\/www.meslibellules.fr\/blog\/wp-content\/uploads\/cropped-avatar-150-pix.jpg","width":150,"height":137,"caption":"Beno\u00eet Guillon"},"logo":{"@id":"https:\/\/www.meslibellules.fr\/blog\/wp-content\/uploads\/cropped-avatar-150-pix.jpg"},"sameAs":["https:\/\/www.facebook.com\/benoit.guillon.96\/"]}]}},"_links":{"self":[{"href":"https:\/\/www.meslibellules.fr\/blog\/wp-json\/wp\/v2\/pages\/9782","targetHints":{"allow":["GET"]}}],"collection":[{"href":"https:\/\/www.meslibellules.fr\/blog\/wp-json\/wp\/v2\/pages"}],"about":[{"href":"https:\/\/www.meslibellules.fr\/blog\/wp-json\/wp\/v2\/types\/page"}],"author":[{"embeddable":true,"href":"https:\/\/www.meslibellules.fr\/blog\/wp-json\/wp\/v2\/users\/1"}],"replies":[{"embeddable":true,"href":"https:\/\/www.meslibellules.fr\/blog\/wp-json\/wp\/v2\/comments?post=9782"}],"version-history":[{"count":0,"href":"https:\/\/www.meslibellules.fr\/blog\/wp-json\/wp\/v2\/pages\/9782\/revisions"}],"wp:attachment":[{"href":"https:\/\/www.meslibellules.fr\/blog\/wp-json\/wp\/v2\/media?parent=9782"}],"curies":[{"name":"wp","href":"https:\/\/api.w.org\/{rel}","templated":true}]}}